{"id":48432,"date":"2026-04-03T14:50:46","date_gmt":"2026-04-03T14:50:46","guid":{"rendered":"https:\/\/marinepartsystem.com\/product\/oeldruckschalter-yanmar-124060-39452\/"},"modified":"2026-04-03T14:52:51","modified_gmt":"2026-04-03T14:52:51","slug":"oeldruckschalter-yanmar-124060-39452","status":"publish","type":"product","link":"https:\/\/marinepartsystem.com\/de\/produkt\/oeldruckschalter-yanmar-124060-39452","title":{"rendered":"\u00d6ldruckschalter Yanmar - 124060-39452"},"content":{"rendered":"<div class=\"flex flex-col text-sm pb-25\">\n<section class=\"text-token-text-primary w-full focus:outline-none [--shadow-height:45px] has-data-writing-block:pointer-events-none has-data-writing-block:-mt-(--shadow-height) has-data-writing-block:pt-(--shadow-height) [&amp;:has([data-writing-block])&gt;*]:pointer-events-auto scroll-mt-[calc(var(--header-height)+min(200px,max(70px,20svh)))]\" dir=\"auto\" data-turn-id=\"request-69a2c9b3-06b8-8389-b2ee-26eb12f8a713-11\" data-testid=\"conversation-turn-166\" data-scroll-anchor=\"true\" data-turn=\"assistant\">\n<div class=\"text-base my-auto mx-auto pb-10 [--thread-content-margin:var(--thread-content-margin-xs,calc(var(--spacing)*4))] @w-sm\/main:[--thread-content-margin:var(--thread-content-margin-sm,calc(var(--spacing)*6))] @w-lg\/main:[--thread-content-margin:var(--thread-content-margin-lg,calc(var(--spacing)*16))] px-(--thread-content-margin)\">\n<div class=\"[--thread-content-max-width:40rem] @w-lg\/main:[--thread-content-max-width:48rem] mx-auto max-w-(--thread-content-max-width) flex-1 group\/turn-messages focus-visible:outline-hidden relative flex w-full min-w-0 flex-col agent-turn\">\n<div class=\"flex max-w-full flex-col gap-4 grow\">\n<div class=\"min-h-8 text-message relative flex w-full flex-col items-end gap-2 text-start break-words whitespace-normal outline-none keyboard-focused:focus-ring [.text-message+&amp;]:mt-1\" dir=\"auto\" tabindex=\"0\" data-message-author-role=\"assistant\" data-message-id=\"58449936-5935-4501-9224-b1db21a4bd20\" data-message-model-slug=\"gpt-5-3\" data-turn-start-message=\"true\">\n<div class=\"flex w-full flex-col gap-1 empty:hidden\">\n<div class=\"markdown prose dark:prose-invert w-full wrap-break-word dark markdown-new-styling\">\n<p data-start=\"354\" data-end=\"586\">Dieser \u00d6ldruckschalter ist ein <strong data-start=\"384\" data-end=\"411\">Original-Erstausr\u00fcsterteil von Yanmar<\/strong>, das f\u00fcr das Motoralarmsystem verwendet wird. Der Schalter aktiviert ein Warnsignal, wenn der \u00d6ldruck unter den angegebenen Wert (0,2 kg) f\u00e4llt und hilft so, den Motor vor Sch\u00e4den zu sch\u00fctzen. <\/p>\n<p data-start=\"588\" data-end=\"773\">Dieser Schalter ist f\u00fcr das <strong data-start=\"620\" data-end=\"636\">Alarmsystem<\/strong> gedacht, nicht f\u00fcr die Anzeige des \u00d6ldrucks auf einem Messger\u00e4t. F\u00fcr die Anzeige des \u00d6ldrucks auf einer Armaturenbrettanzeige ist ein separater \u00d6ldrucksensor erforderlich. <\/p>\n<p data-start=\"775\" data-end=\"819\">Dies ist ein <strong data-start=\"788\" data-end=\"818\">echtes Yanmar OEM-Produkt<\/strong>.<\/p>\n<h3 data-section-id=\"94g5nh\" data-start=\"826\" data-end=\"852\"><\/h3>\n<h3 data-section-id=\"94g5nh\" data-start=\"826\" data-end=\"852\">Yanmar OEM-Teilenummer<\/h3>\n<p data-start=\"854\" data-end=\"866\">124060-39452<\/p>\n<h3 data-section-id=\"15p7nyt\" data-start=\"873\" data-end=\"902\">Kompatible Yanmar-Motoren<\/h3>\n<p data-start=\"904\" data-end=\"918\"><strong data-start=\"904\" data-end=\"918\">YSM-Serie<\/strong><\/p>\n<p data-start=\"920\" data-end=\"949\">YSM8 (8 HP)<br data-start=\"931\" data-end=\"934\">YSM12 (12 HP)<\/p>\n<p data-start=\"951\" data-end=\"964\"><strong data-start=\"951\" data-end=\"964\">GM-Serie<\/strong><\/p>\n<p data-start=\"966\" data-end=\"995\">1GM (7,5 PS)<br data-start=\"978\" data-end=\"981\">1GM10 (9 PS)<\/p>\n<p data-start=\"997\" data-end=\"1084\">2GM (15 HP)<br data-start=\"1008\" data-end=\"1011\">2GM20 (18 HP)<br data-start=\"1024\" data-end=\"1027\">2GM20 EU (18 HP)<br data-start=\"1043\" data-end=\"1046\">2GM20 F (18 HP)<br data-start=\"1061\" data-end=\"1064\">2GM20 F EU (18 HP)<\/p>\n<p data-start=\"1086\" data-end=\"1173\">3GM (22 HP)<br data-start=\"1097\" data-end=\"1100\">3GM30 (27 HP)<br data-start=\"1113\" data-end=\"1116\">3GM30 EU (27 HP)<br data-start=\"1132\" data-end=\"1135\">3GM30 F (27 HP)<br data-start=\"1150\" data-end=\"1153\">3GM30 F EU (27 HP)<\/p>\n<p data-start=\"1175\" data-end=\"1188\"><strong data-start=\"1175\" data-end=\"1188\">HM-Serie<\/strong><\/p>\n<p data-start=\"1190\" data-end=\"1251\">3HM (30 HP)<br data-start=\"1201\" data-end=\"1204\">3HMF (30 HP)<br data-start=\"1216\" data-end=\"1219\">3HM35 (34 HP)<br data-start=\"1232\" data-end=\"1235\">3HM35F (34 HP)<\/p>\n<p data-start=\"1258\" data-end=\"1271\"><strong data-start=\"1258\" data-end=\"1271\">JH-Serie<\/strong><\/p>\n<p data-start=\"1273\" data-end=\"1331\">3JH2(B)E (38.7 HP)<br data-start=\"1291\" data-end=\"1294\">3JH2T(B)E (47.6 HP)<br data-start=\"1313\" data-end=\"1316\">3JH3E (40 HP)<\/p>\n<p data-start=\"1333\" data-end=\"1345\">Serie 4JH<\/p>\n<p data-start=\"1347\" data-end=\"1415\">4JH E (44 HP)<br data-start=\"1360\" data-end=\"1363\">4JH TE (55 HP)<br data-start=\"1377\" data-end=\"1380\">4JH HTE (66 HP)<br data-start=\"1395\" data-end=\"1398\">4JH DTE (77 HP)<\/p>\n<p data-start=\"1417\" data-end=\"1527\">4JH2(B)E (51 HP)<br data-start=\"1433\" data-end=\"1436\">4JH2T(B)E (63.2 HP)<br data-start=\"1455\" data-end=\"1458\">4JH2HT(B)E (76.1 HP)<br data-start=\"1478\" data-end=\"1481\">4JH2DT(B)E (88.4 HP)<br data-start=\"1501\" data-end=\"1504\">4JH2UT(B)E (100.6 HP)<\/p>\n<p data-start=\"1529\" data-end=\"1547\">4JH3E EU (56 HP)<\/p>\n<p data-start=\"1554\" data-end=\"1567\"><strong data-start=\"1554\" data-end=\"1567\">LH-Serie<\/strong><\/p>\n<p data-start=\"1569\" data-end=\"1643\">4LH TE (110 HP)<br data-start=\"1584\" data-end=\"1587\">4LH HTE (140 HP)<br data-start=\"1603\" data-end=\"1606\">4LH DTE (170 HP)<br data-start=\"1622\" data-end=\"1625\">4LH STE (230 HP)<\/p>\n<p data-start=\"1645\" data-end=\"1764\">4LHA HTE (150 HP)<br data-start=\"1662\" data-end=\"1665\">4LHA HTP (160 HP)<br data-start=\"1682\" data-end=\"1685\">4LHA DTE (190 HP)<br data-start=\"1702\" data-end=\"1705\">4LHA DTP (200 HP)<br data-start=\"1722\" data-end=\"1725\">4LHA STE (230 HP)<br data-start=\"1742\" data-end=\"1745\">4LHA STP (240 HP)<\/p>\n<h3 data-section-id=\"1tek5pd\" data-start=\"1771\" data-end=\"1794\">Produkt-Informationen<\/h3>\n<p data-start=\"1796\" data-end=\"1889\">\u00d6ldruckschalter (Alarmfunktion)<br data-start=\"1832\" data-end=\"1835\">Schaltdruck: 0,2 kg<br data-start=\"1861\" data-end=\"1864\">Wird f\u00fcr das Warnsystem verwendet<\/p>\n<p data-start=\"2082\" data-end=\"2177\" data-is-last-node=\"\" data-is-only-node=\"\"><strong>Fragen zur Kompatibilit\u00e4t oder zu Yanmar-Motorteilen? Unsere Marinespezialisten helfen Ihnen gerne weiter.<\/strong><\/p>\n<\/div>\n<\/div>\n<\/div>\n<\/div>\n<div class=\"z-0 flex min-h-[46px] justify-start\"><\/div>\n<div class=\"mt-3 w-full empty:hidden\">\n<div class=\"text-center\"><\/div>\n<\/div>\n<\/div>\n<\/div>\n<\/section>\n<\/div>\n<div class=\"pointer-events-none h-px w-px absolute bottom-0\" aria-hidden=\"true\" data-edge=\"true\"><\/div>\n","protected":false},"excerpt":{"rendered":"<p>Dieser \u00d6ldruckschalter ist ein Original-Erstausr\u00fcsterteil von Yanmar, das f\u00fcr das Motoralarmsystem verwendet wird. Der Schalter aktiviert ein Warnsignal, wenn der \u00d6ldruck unter den angegebenen Wert (0,2 kg) f\u00e4llt und hilft so, den Motor vor Sch\u00e4den zu sch\u00fctzen. Dieser Schalter ist f\u00fcr das Alarmsystem gedacht, nicht f\u00fcr die Anzeige des \u00d6ldrucks auf einem Messger\u00e4t. F\u00fcr die [&hellip;]<\/p>\n","protected":false},"featured_media":48437,"comment_status":"open","ping_status":"closed","template":"","meta":[],"product_brand":[4236],"product_cat":[4452,4442,4443,2533,4843,2532,2534],"product_tag":[],"class_list":{"0":"post-48432","1":"product","2":"type-product","3":"status-publish","4":"has-post-thumbnail","6":"product_brand-yanmar","7":"product_cat-1gm-1gm10-teile","8":"product_cat-2gm-2gm20-teile","9":"product_cat-3gm-3gm30-teile","10":"product_cat-elektrische-systeme","11":"product_cat-gm-serie-teile","12":"product_cat-motorenteile","13":"product_cat-sensoren-temperatur-druck-position-etc","14":"pa_condition-neu","15":"pa_model-1gm","16":"pa_model-1gm10","17":"pa_model-1gm10c","18":"pa_model-1gmc","19":"pa_model-1gml","20":"pa_model-2gm","21":"pa_model-2gm20","22":"pa_model-2gm20f","23":"pa_model-2gm20fv","24":"pa_model-2gm20fve","25":"pa_model-2gm20v","26":"pa_model-2gm20ve","27":"pa_model-2gmf","28":"pa_model-3gm","29":"pa_model-3gm30","30":"pa_model-3gm30-yeu","31":"pa_model-3gm30b","32":"pa_model-3gm30c","33":"pa_model-3gm30c-yeu","34":"pa_model-3gm30f","35":"pa_model-3gm30f-yeu","36":"pa_model-3gm30fc-yeu","37":"pa_model-3gm30fv","38":"pa_model-3gm30fve","39":"pa_model-3gm30v","40":"pa_model-3gm30ve","41":"pa_model-3gmd","42":"pa_model-3gmdf","43":"pa_model-3gmf","44":"pa_model-3gmfle","45":"pa_model-3gmfy-e","46":"pa_model-3gmfye-e","47":"pa_model-3hm","48":"pa_model-3hm35","49":"pa_model-3hm35c","50":"pa_model-3hm35f","51":"pa_model-3hmf","52":"pa_model-3jh2","53":"pa_model-3jh2be","54":"pa_model-3jh2e","55":"pa_model-3jh2t","56":"pa_model-3jh2tbe","57":"pa_model-3jh2te","58":"pa_model-3jh3e","59":"pa_model-4jh","60":"pa_model-4jh-dte","61":"pa_model-4jh-e","62":"pa_model-4jh-hte","63":"pa_model-4jh-te","64":"pa_model-4jh2","65":"pa_model-4jh2be","66":"pa_model-4jh2dte","67":"pa_model-4jh2e","68":"pa_model-4jh2hte","69":"pa_model-4jh2tbe","70":"pa_model-4jh2te","71":"pa_model-4jh2utbe","72":"pa_model-4jh2ute","73":"pa_model-4lh","74":"pa_model-4lh-dte","75":"pa_model-4lh-hte","76":"pa_model-4lh-ste","77":"pa_model-4lh-te","78":"pa_model-4lha","79":"pa_model-4lha-dte","80":"pa_model-4lha-dtp","81":"pa_model-4lha-hte","82":"pa_model-4lha-htp","83":"pa_model-4lha-ste","84":"pa_model-4lha-stp","85":"pa_oem-or-aftermarket-oem","87":"first","88":"onbackorder","89":"taxable","90":"shipping-taxable","91":"purchasable","92":"product-type-simple"},"supplier_id":32143,"supplier_sku":"124060-39452","barcode":null,"atum_controlled":true,"out_stock_date":"2026-04-03 14:50:51","out_stock_threshold":null,"inheritable":false,"inbound_stock":0,"stock_on_hold":0,"sold_today":0,"sales_last_days":0,"reserved_stock":0,"customer_returns":0,"warehouse_damage":0,"lost_in_post":0,"other_logs":0,"out_stock_days":23,"lost_sales":0,"has_location":false,"update_date":"2026-04-26T20:01:42","atum_locations":[],"atum_stock_status":"onbackorder","restock_status":false,"low_stock_amount":0,"sales_update_date":"2026-04-26T20:01:42","calc_backorders":null,"_links":{"self":[{"href":"https:\/\/wp.marinepartsystem.com\/de\/wp-json\/wp\/v2\/product\/48432","targetHints":{"allow":["GET"]}}],"collection":[{"href":"https:\/\/wp.marinepartsystem.com\/de\/wp-json\/wp\/v2\/product"}],"about":[{"href":"https:\/\/wp.marinepartsystem.com\/de\/wp-json\/wp\/v2\/types\/product"}],"replies":[{"embeddable":true,"href":"https:\/\/wp.marinepartsystem.com\/de\/wp-json\/wp\/v2\/comments?post=48432"}],"wp:featuredmedia":[{"embeddable":true,"href":"https:\/\/wp.marinepartsystem.com\/de\/wp-json\/wp\/v2\/media\/48437"}],"wp:attachment":[{"href":"https:\/\/wp.marinepartsystem.com\/de\/wp-json\/wp\/v2\/media?parent=48432"}],"wp:term":[{"taxonomy":"product_brand","embeddable":true,"href":"https:\/\/wp.marinepartsystem.com\/de\/wp-json\/wp\/v2\/product_brand?post=48432"},{"taxonomy":"product_cat","embeddable":true,"href":"https:\/\/wp.marinepartsystem.com\/de\/wp-json\/wp\/v2\/product_cat?post=48432"},{"taxonomy":"product_tag","embeddable":true,"href":"https:\/\/wp.marinepartsystem.com\/de\/wp-json\/wp\/v2\/product_tag?post=48432"}],"curies":[{"name":"wp","href":"https:\/\/api.w.org\/{rel}","templated":true}]}}