{"id":48382,"date":"2026-04-03T12:44:03","date_gmt":"2026-04-03T12:44:03","guid":{"rendered":"https:\/\/marinepartsystem.com\/product\/volvo-penta-d1-20\/"},"modified":"2026-04-03T12:44:03","modified_gmt":"2026-04-03T12:44:03","slug":"volvo-penta-d1-20","status":"publish","type":"product","link":"https:\/\/marinepartsystem.com\/de\/produkt\/volvo-penta-d1-20","title":{"rendered":"Volvo Penta D1-20"},"content":{"rendered":"<h2 data-section-id=\"10kwtb2\" data-start=\"221\" data-end=\"306\">Volvo Penta D1-20 Motor - Gebraucht | Vollst\u00e4ndig gewartet | 3 Monate Garantie<\/h2>\n<p data-start=\"308\" data-end=\"451\">Zuverl\u00e4ssig, kompakt und kraftstoffsparend - dieser <strong data-start=\"352\" data-end=\"373\">Volvo Penta D1-20<\/strong> ist ein bew\u00e4hrter Schiffsdieselmotor, ideal f\u00fcr Segelboote und kleinere Motorboote.<\/p>\n<p data-start=\"453\" data-end=\"545\">Jeder Motor wird sorgf\u00e4ltig gepr\u00fcft und vorbereitet, um eine verl\u00e4ssliche Leistung auf dem Wasser zu gew\u00e4hrleisten.<\/p>\n<h3 data-section-id=\"uvdx3z\" data-start=\"552\" data-end=\"574\">Wichtige Spezifikationen<\/h3>\n<ul data-start=\"575\" data-end=\"734\">\n<li data-section-id=\"1mjud5o\" data-start=\"575\" data-end=\"613\"><strong data-start=\"577\" data-end=\"593\">Motortyp:<\/strong> Volvo Penta D1-20<\/li>\n<li data-section-id=\"1tao5r1\" data-start=\"614\" data-end=\"634\"><strong data-start=\"616\" data-end=\"626\">Leistung:<\/strong> 19 HP<\/li>\n<li data-section-id=\"1scggnu\" data-start=\"635\" data-end=\"655\"><strong data-start=\"637\" data-end=\"646\">Kraftstoff:<\/strong> Diesel<\/li>\n<li data-section-id=\"134wp7r\" data-start=\"656\" data-end=\"701\"><strong data-start=\"658\" data-end=\"677\">K\u00fchlsystem:<\/strong> W\u00e4rmetauscher gek\u00fchlt<\/li>\n<li data-section-id=\"14tjyc1\" data-start=\"702\" data-end=\"734\"><strong data-start=\"704\" data-end=\"717\">Starten:<\/strong> Elektrischer Start<\/li>\n<\/ul>\n<h3 data-section-id=\"14o21oq\" data-start=\"741\" data-end=\"768\">Zustand &amp; Vorbereitung<\/h3>\n<p data-start=\"769\" data-end=\"824\">Dieser Motor wird in einem <strong data-start=\"796\" data-end=\"819\">guten gebrauchten Zustand<\/strong> geliefert und:<\/p>\n<p data-start=\"826\" data-end=\"953\"><strong>- Vollst\u00e4ndig getestet und l\u00e4uft einwandfrei<\/strong><br data-start=\"862\" data-end=\"865\"><strong data-start=\"868\" data-end=\"915\">- Erh\u00e4lt einen kompletten Service vor der Auslieferung<\/strong><br data-start=\"915\" data-end=\"918\"><span data-start=\"921\" data-end=\"951\">- <\/span><strong data-start=\"921\" data-end=\"951\">3 Monate Garantie inklusive<\/strong><\/p>\n<p data-start=\"955\" data-end=\"993\">Der Service umfasst (falls zutreffend):<\/p>\n<ul data-start=\"994\" data-end=\"1088\">\n<li data-section-id=\"6mmgn8\" data-start=\"994\" data-end=\"1017\">Motor\u00f6l ersetzt<\/li>\n<li data-section-id=\"17ox2ju\" data-start=\"1018\" data-end=\"1041\">\u00d6lfilter ersetzt<\/li>\n<li data-section-id=\"fer0gq\" data-start=\"1042\" data-end=\"1066\">Kraftstofffilter ersetzt<\/li>\n<li data-section-id=\"1cok3c6\" data-start=\"1067\" data-end=\"1088\">Impeller ersetzt<\/li>\n<\/ul>\n<h3 data-section-id=\"6amkyh\" data-start=\"1095\" data-end=\"1116\">Umfang der Lieferung<\/h3>\n<ul data-start=\"1117\" data-end=\"1256\">\n<li data-section-id=\"8p7g5s\" data-start=\"1117\" data-end=\"1145\">Kompletter Motor wie abgebildet<\/li>\n<li data-section-id=\"ez2ybt\" data-start=\"1146\" data-end=\"1256\">Optionale Komponenten verf\u00fcgbar (je nach Lagerbestand):\n<ul data-start=\"1204\" data-end=\"1256\">\n<li data-section-id=\"ccych8\" data-start=\"1204\" data-end=\"1215\">Getriebe<\/li>\n<li data-section-id=\"sshbg9\" data-start=\"1218\" data-end=\"1235\">Bedienfeld<\/li>\n<li data-section-id=\"1229lmc\" data-start=\"1238\" data-end=\"1256\">Kabelbaum<\/li>\n<\/ul>\n<\/li>\n<\/ul>\n<h3 data-section-id=\"wggvqn\" data-start=\"1263\" data-end=\"1279\">Anwendungen<\/h3>\n<p data-start=\"1280\" data-end=\"1293\">Geeignet f\u00fcr:<\/p>\n<ul data-start=\"1294\" data-end=\"1418\">\n<li data-section-id=\"h9hwgp\" data-start=\"1294\" data-end=\"1331\">Segelboote bis zu einer L\u00e4nge von ca. 10 Metern <\/li>\n<li data-section-id=\"6thc3o\" data-start=\"1332\" data-end=\"1386\">Ersatz f\u00fcr Motoren wie den Volvo Penta MD2020<\/li>\n<li data-section-id=\"7i0mls\" data-start=\"1387\" data-end=\"1418\">Allgemeine Repowering-Projekte<\/li>\n<\/ul>\n<h3 data-section-id=\"k5mi7g\" data-start=\"1425\" data-end=\"1457\">Warum MarinePartSystem w\u00e4hlen?<\/h3>\n<ul data-start=\"1458\" data-end=\"1623\">\n<li data-section-id=\"o7h72o\" data-start=\"1458\" data-end=\"1505\">Spezialist f\u00fcr Volvo Penta Motoren und Ersatzteile<\/li>\n<li data-section-id=\"l4ln6c\" data-start=\"1506\" data-end=\"1546\">Gro\u00dfes Ersatzteillager verf\u00fcgbar<\/li>\n<li data-section-id=\"c9k6xu\" data-start=\"1547\" data-end=\"1591\">Technische Beratung und After-Sales-Support<\/li>\n<li data-section-id=\"yxz0vx\" data-start=\"1592\" data-end=\"1623\">Schneller Versand in ganz Europa<\/li>\n<\/ul>\n<h3 data-section-id=\"1h92r5f\" data-start=\"1630\" data-end=\"1652\">Lieferung &amp; Unterst\u00fctzung<\/h3>\n<ul data-start=\"1653\" data-end=\"1796\">\n<li data-section-id=\"7cvsjd\" data-start=\"1653\" data-end=\"1683\">Lieferung in ganz Europa und weltweit<\/li>\n<li data-section-id=\"11wqyyy\" data-start=\"1684\" data-end=\"1727\">Besichtigung oder Testlauf auf Anfrage m\u00f6glich<\/li>\n<li data-section-id=\"1sth67e\" data-start=\"1728\" data-end=\"1796\">Ben\u00f6tigen Sie Hilfe bei der Kompatibilit\u00e4t? Kontaktieren Sie uns - wir helfen Ihnen gerne <\/li>\n<\/ul>\n<p data-start=\"2064\" data-end=\"2123\">\n","protected":false},"excerpt":{"rendered":"<p>Volvo Penta D1-20 Motor - Gebraucht | Vollst\u00e4ndig gewartet | 3 Monate Garantie Zuverl\u00e4ssig, kompakt und kraftstoffsparend - dieser Volvo Penta D1-20 ist ein bew\u00e4hrter Schiffsdieselmotor, ideal f\u00fcr Segelboote und kleinere Motorboote. Jeder Motor wird sorgf\u00e4ltig gepr\u00fcft und vorbereitet, um eine verl\u00e4ssliche Leistung auf dem Wasser zu gew\u00e4hrleisten. Wichtige Spezifikationen Motortyp: Volvo Penta D1-20 Leistung: [&hellip;]<\/p>\n","protected":false},"featured_media":48386,"comment_status":"open","ping_status":"closed","template":"","meta":[],"product_brand":[4230],"product_cat":[2485],"product_tag":[],"class_list":{"0":"post-48382","1":"product","2":"type-product","3":"status-publish","4":"has-post-thumbnail","6":"product_brand-volvo-penta","7":"product_cat-motoren","8":"product_shipping_class-motor-de","9":"pa_condition-gebraucht","10":"pa_model-d1-20","12":"first","13":"outofstock","14":"taxable","15":"shipping-taxable","16":"purchasable","17":"product-type-simple"},"supplier_id":null,"supplier_sku":"","barcode":null,"atum_controlled":true,"out_stock_date":"2026-04-16 08:10:18","out_stock_threshold":null,"inheritable":false,"inbound_stock":0,"stock_on_hold":0,"sold_today":0,"sales_last_days":1,"reserved_stock":0,"customer_returns":0,"warehouse_damage":0,"lost_in_post":0,"other_logs":0,"out_stock_days":11,"lost_sales":5107,"has_location":false,"update_date":"2026-04-27T10:15:11","atum_locations":[],"atum_stock_status":"outofstock","restock_status":false,"low_stock_amount":0,"sales_update_date":"2026-04-27T10:15:11","calc_backorders":null,"_links":{"self":[{"href":"https:\/\/wp.marinepartsystem.com\/de\/wp-json\/wp\/v2\/product\/48382","targetHints":{"allow":["GET"]}}],"collection":[{"href":"https:\/\/wp.marinepartsystem.com\/de\/wp-json\/wp\/v2\/product"}],"about":[{"href":"https:\/\/wp.marinepartsystem.com\/de\/wp-json\/wp\/v2\/types\/product"}],"replies":[{"embeddable":true,"href":"https:\/\/wp.marinepartsystem.com\/de\/wp-json\/wp\/v2\/comments?post=48382"}],"wp:featuredmedia":[{"embeddable":true,"href":"https:\/\/wp.marinepartsystem.com\/de\/wp-json\/wp\/v2\/media\/48386"}],"wp:attachment":[{"href":"https:\/\/wp.marinepartsystem.com\/de\/wp-json\/wp\/v2\/media?parent=48382"}],"wp:term":[{"taxonomy":"product_brand","embeddable":true,"href":"https:\/\/wp.marinepartsystem.com\/de\/wp-json\/wp\/v2\/product_brand?post=48382"},{"taxonomy":"product_cat","embeddable":true,"href":"https:\/\/wp.marinepartsystem.com\/de\/wp-json\/wp\/v2\/product_cat?post=48382"},{"taxonomy":"product_tag","embeddable":true,"href":"https:\/\/wp.marinepartsystem.com\/de\/wp-json\/wp\/v2\/product_tag?post=48382"}],"curies":[{"name":"wp","href":"https:\/\/api.w.org\/{rel}","templated":true}]}}