{"id":48294,"date":"2026-03-31T13:51:47","date_gmt":"2026-03-31T13:51:47","guid":{"rendered":"https:\/\/marinepartsystem.com\/product\/lagersatz-yanmar-1gm10-oem\/"},"modified":"2026-03-31T13:51:47","modified_gmt":"2026-03-31T13:51:47","slug":"lagersatz-yanmar-1gm10-oem","status":"publish","type":"product","link":"https:\/\/marinepartsystem.com\/de\/produkt\/lagersatz-yanmar-1gm10-oem","title":{"rendered":"Lagersatz Yanmar 1GM10 (OEM)"},"content":{"rendered":"<p data-start=\"325\" data-end=\"563\">Dieser Lagersatz ist ein <strong data-start=\"347\" data-end=\"366\">Original-OEM-Satz<\/strong> f\u00fcr <span class=\"hover:entity-accent entity-underline inline cursor-pointer align-baseline\"><span class=\"whitespace-normal\">Yanmar<\/span><\/span> 1GM10 Schiffsdieselmotoren. Der Satz enth\u00e4lt alle wichtigen Lager, die f\u00fcr die Lagerung der Kurbelwelle und der Pleuelstange w\u00e4hrend der \u00dcberholung oder des Umbaus des Motors ben\u00f6tigt werden. <\/p>\n<p data-start=\"325\" data-end=\"563\">\n<p data-start=\"687\" data-end=\"742\">Dieses Set enth\u00e4lt <strong data-start=\"708\" data-end=\"741\">echte Yanmar OEM-Komponenten<\/strong>.<\/p>\n<h3 data-section-id=\"1ssw3g1\" data-start=\"749\" data-end=\"781\"><\/h3>\n<h3 data-section-id=\"1ssw3g1\" data-start=\"749\" data-end=\"781\">Enthaltene Yanmar-Teilenummern<\/h3>\n<p data-start=\"783\" data-end=\"962\">121450-02100 - Hauptlager<br data-start=\"810\" data-end=\"813\">121450-02110 - Hinteres Lager<br data-start=\"840\" data-end=\"843\">128170-02090 - Zwischenlager 1<br data-start=\"880\" data-end=\"883\">104200-02110 - Zwischenlager 2<br data-start=\"920\" data-end=\"923\">705311-23600 - Pleuellager<\/p>\n<h3 data-section-id=\"15p7nyt\" data-start=\"969\" data-end=\"998\">Kompatible Yanmar-Motoren<\/h3>\n<p data-start=\"1000\" data-end=\"1012\">1GM10 (9 PS)<\/p>\n<h3 data-section-id=\"1tek5pd\" data-start=\"1019\" data-end=\"1042\">Produkt-Informationen<\/h3>\n<p data-start=\"1044\" data-end=\"1162\">Kompletter Lagersatz f\u00fcr den Motorumbau<br data-start=\"1083\" data-end=\"1086\">Beinhaltet Kurbelwellen- und Pleuellager<br data-start=\"1133\" data-end=\"1136\">OEM-Pr\u00e4zisionskomponenten<\/p>\n<p data-start=\"1369\" data-end=\"1464\" data-is-last-node=\"\" data-is-only-node=\"\"><strong>Fragen zur Kompatibilit\u00e4t oder zu Yanmar-Motorteilen? Unsere Marinespezialisten helfen Ihnen gerne weiter.<\/strong><\/p>\n","protected":false},"excerpt":{"rendered":"<p>Dieser Lagersatz ist ein Original-OEM-Satz f\u00fcr Yanmar 1GM10 Schiffsdieselmotoren. Der Satz enth\u00e4lt alle wichtigen Lager, die f\u00fcr die Lagerung der Kurbelwelle und der Pleuelstange w\u00e4hrend der \u00dcberholung oder des Umbaus des Motors ben\u00f6tigt werden. Dieses Set enth\u00e4lt echte Yanmar OEM-Komponenten. Enthaltene Yanmar-Teilenummern 121450-02100 - Hauptlager121450-02110 - Hinteres Lager128170-02090 - Zwischenlager 1104200-02110 - Zwischenlager 2705311-23600 - [&hellip;]<\/p>\n","protected":false},"featured_media":48295,"comment_status":"open","ping_status":"closed","template":"","meta":[],"product_brand":[4236],"product_cat":[4452,4843,4441],"product_tag":[],"class_list":{"0":"post-48294","1":"product","2":"type-product","3":"status-publish","4":"has-post-thumbnail","6":"product_brand-yanmar","7":"product_cat-1gm-1gm10-teile","8":"product_cat-gm-serie-teile","9":"product_cat-yanmar","10":"pa_condition-neu","11":"pa_model-1gm","12":"pa_model-1gm10","13":"pa_model-1gm10c","14":"pa_model-1gmc","15":"pa_model-1gml","16":"pa_oem-or-aftermarket-oem","18":"first","19":"onbackorder","20":"taxable","21":"shipping-taxable","22":"purchasable","23":"product-type-simple"},"supplier_id":32143,"supplier_sku":"1GM10_LAGER","barcode":null,"atum_controlled":true,"out_stock_date":"2026-03-31 13:51:50","out_stock_threshold":null,"inheritable":false,"inbound_stock":0,"stock_on_hold":0,"sold_today":0,"sales_last_days":0,"reserved_stock":0,"customer_returns":0,"warehouse_damage":0,"lost_in_post":0,"other_logs":0,"out_stock_days":26,"lost_sales":0,"has_location":false,"update_date":"2026-04-26T20:02:56","atum_locations":[],"atum_stock_status":"onbackorder","restock_status":false,"low_stock_amount":0,"sales_update_date":"2026-04-26T20:02:56","calc_backorders":null,"_links":{"self":[{"href":"https:\/\/wp.marinepartsystem.com\/de\/wp-json\/wp\/v2\/product\/48294","targetHints":{"allow":["GET"]}}],"collection":[{"href":"https:\/\/wp.marinepartsystem.com\/de\/wp-json\/wp\/v2\/product"}],"about":[{"href":"https:\/\/wp.marinepartsystem.com\/de\/wp-json\/wp\/v2\/types\/product"}],"replies":[{"embeddable":true,"href":"https:\/\/wp.marinepartsystem.com\/de\/wp-json\/wp\/v2\/comments?post=48294"}],"wp:featuredmedia":[{"embeddable":true,"href":"https:\/\/wp.marinepartsystem.com\/de\/wp-json\/wp\/v2\/media\/48295"}],"wp:attachment":[{"href":"https:\/\/wp.marinepartsystem.com\/de\/wp-json\/wp\/v2\/media?parent=48294"}],"wp:term":[{"taxonomy":"product_brand","embeddable":true,"href":"https:\/\/wp.marinepartsystem.com\/de\/wp-json\/wp\/v2\/product_brand?post=48294"},{"taxonomy":"product_cat","embeddable":true,"href":"https:\/\/wp.marinepartsystem.com\/de\/wp-json\/wp\/v2\/product_cat?post=48294"},{"taxonomy":"product_tag","embeddable":true,"href":"https:\/\/wp.marinepartsystem.com\/de\/wp-json\/wp\/v2\/product_tag?post=48294"}],"curies":[{"name":"wp","href":"https:\/\/api.w.org\/{rel}","templated":true}]}}