{"id":48214,"date":"2026-03-30T10:01:14","date_gmt":"2026-03-30T10:01:14","guid":{"rendered":"https:\/\/marinepartsystem.com\/product\/oeldichtung-impeller-pumpe-yanmar-1gm-1gm10-124240-91450\/"},"modified":"2026-03-30T10:01:14","modified_gmt":"2026-03-30T10:01:14","slug":"oeldichtung-impeller-pumpe-yanmar-1gm-1gm10-124240-91450","status":"publish","type":"product","link":"https:\/\/marinepartsystem.com\/de\/produkt\/oeldichtung-impeller-pumpe-yanmar-1gm-1gm10-124240-91450","title":{"rendered":"\u00d6ldichtung Impeller Pumpe Yanmar 1GM 1GM10 - 124240-91450"},"content":{"rendered":"<p data-start=\"355\" data-end=\"588\">Dieser \u00d6ldichtring ist ein <strong data-start=\"374\" data-end=\"394\">Original-OEM-Teil<\/strong> f\u00fcr <span class=\"hover:entity-accent entity-underline inline cursor-pointer align-baseline\"><span class=\"whitespace-normal\">Yanmar<\/span><\/span> 1GM und 1GM10 Schiffsdieselmotoren. Die Dichtung wird in der Impeller-Pumpe verwendet, um Wasser- oder \u00d6laustritt zu verhindern und eine ordnungsgem\u00e4\u00dfe Abdichtung der Pumpenwelle zu gew\u00e4hrleisten. <\/p>\n<p data-start=\"355\" data-end=\"588\">\n<p data-start=\"720\" data-end=\"764\">Dies ist ein <strong data-start=\"733\" data-end=\"763\">echtes Yanmar OEM-Produkt<\/strong>.<\/p>\n<h3 data-section-id=\"94g5nh\" data-start=\"771\" data-end=\"797\"><\/h3>\n<h3 data-section-id=\"94g5nh\" data-start=\"771\" data-end=\"797\">Yanmar OEM-Teilenummer<\/h3>\n<p data-start=\"799\" data-end=\"811\">124240-91450<\/p>\n<h3 data-section-id=\"15p7nyt\" data-start=\"818\" data-end=\"847\">Kompatible Yanmar-Motoren<\/h3>\n<p data-start=\"849\" data-end=\"878\">1GM (7,5 PS)<br data-start=\"861\" data-end=\"864\">1GM10 (9 PS)<\/p>\n<h3 data-section-id=\"8p1z5s\" data-start=\"885\" data-end=\"927\">Wichtige Informationen zur Seriennummer<\/h3>\n<p data-start=\"929\" data-end=\"1002\">F\u00fcr Motoren mit der Seriennummer <strong data-start=\"960\" data-end=\"979\">06896 oder h\u00f6her<\/strong>, verwenden Sie:<br data-start=\"985\" data-end=\"988\">128170-42120<\/p>\n<h3 data-section-id=\"hs9q69\" data-start=\"1009\" data-end=\"1037\">Zus\u00e4tzlich ben\u00f6tigter Teil<\/h3>\n<p data-start=\"1039\" data-end=\"1083\">F\u00fcr die \u00f6lseitige Dichtung, verwenden Sie:<br data-start=\"1066\" data-end=\"1069\">128170-42110<\/p>\n<p data-start=\"1289\" data-end=\"1384\" data-is-last-node=\"\" data-is-only-node=\"\"><strong>Fragen zur Kompatibilit\u00e4t oder zu Yanmar-Motorteilen? Unsere Marinespezialisten helfen Ihnen gerne weiter.<\/strong><\/p>\n","protected":false},"excerpt":{"rendered":"<p>Dieser \u00d6ldichtring ist ein Original-OEM-Teil f\u00fcr Yanmar 1GM und 1GM10 Schiffsdieselmotoren. Die Dichtung wird in der Impeller-Pumpe verwendet, um Wasser- oder \u00d6laustritt zu verhindern und eine ordnungsgem\u00e4\u00dfe Abdichtung der Pumpenwelle zu gew\u00e4hrleisten. Dies ist ein echtes Yanmar OEM-Produkt. Yanmar OEM-Teilenummer 124240-91450 Kompatible Yanmar-Motoren 1GM (7,5 PS)1GM10 (9 PS) Wichtige Informationen zur Seriennummer F\u00fcr Motoren mit [&hellip;]<\/p>\n","protected":false},"featured_media":48215,"comment_status":"open","ping_status":"closed","template":"","meta":[],"product_brand":[4236],"product_cat":[4452,4843,3037,3215],"product_tag":[],"class_list":{"0":"post-48214","1":"product","2":"type-product","3":"status-publish","4":"has-post-thumbnail","6":"product_brand-yanmar","7":"product_cat-1gm-1gm10-teile","8":"product_cat-gm-serie-teile","9":"product_cat-kits-fur-wartung-und-reparatur","10":"product_cat-wasserpumpen-teile","11":"pa_condition-neu","12":"pa_model-1gm","13":"pa_model-1gm10","14":"pa_model-1gm10c","15":"pa_model-1gmc","16":"pa_model-1gml","17":"pa_oem-or-aftermarket-oem","19":"first","20":"onbackorder","21":"taxable","22":"shipping-taxable","23":"purchasable","24":"product-type-simple"},"supplier_id":32143,"supplier_sku":"124240-91450","barcode":null,"atum_controlled":true,"out_stock_date":"2026-03-30 10:01:19","out_stock_threshold":null,"inheritable":false,"inbound_stock":0,"stock_on_hold":0,"sold_today":0,"sales_last_days":0,"reserved_stock":0,"customer_returns":0,"warehouse_damage":0,"lost_in_post":0,"other_logs":0,"out_stock_days":10,"lost_sales":0,"has_location":false,"update_date":"2026-04-09T10:11:16","atum_locations":[],"atum_stock_status":"onbackorder","restock_status":false,"low_stock_amount":1,"sales_update_date":"2026-04-09T10:11:16","calc_backorders":null,"_links":{"self":[{"href":"https:\/\/wp.marinepartsystem.com\/de\/wp-json\/wp\/v2\/product\/48214","targetHints":{"allow":["GET"]}}],"collection":[{"href":"https:\/\/wp.marinepartsystem.com\/de\/wp-json\/wp\/v2\/product"}],"about":[{"href":"https:\/\/wp.marinepartsystem.com\/de\/wp-json\/wp\/v2\/types\/product"}],"replies":[{"embeddable":true,"href":"https:\/\/wp.marinepartsystem.com\/de\/wp-json\/wp\/v2\/comments?post=48214"}],"wp:featuredmedia":[{"embeddable":true,"href":"https:\/\/wp.marinepartsystem.com\/de\/wp-json\/wp\/v2\/media\/48215"}],"wp:attachment":[{"href":"https:\/\/wp.marinepartsystem.com\/de\/wp-json\/wp\/v2\/media?parent=48214"}],"wp:term":[{"taxonomy":"product_brand","embeddable":true,"href":"https:\/\/wp.marinepartsystem.com\/de\/wp-json\/wp\/v2\/product_brand?post=48214"},{"taxonomy":"product_cat","embeddable":true,"href":"https:\/\/wp.marinepartsystem.com\/de\/wp-json\/wp\/v2\/product_cat?post=48214"},{"taxonomy":"product_tag","embeddable":true,"href":"https:\/\/wp.marinepartsystem.com\/de\/wp-json\/wp\/v2\/product_tag?post=48214"}],"curies":[{"name":"wp","href":"https:\/\/api.w.org\/{rel}","templated":true}]}}