{"id":48148,"date":"2026-03-27T15:00:59","date_gmt":"2026-03-27T15:00:59","guid":{"rendered":"https:\/\/marinepartsystem.com\/?post_type=product&#038;p=48148"},"modified":"2026-03-27T15:05:09","modified_gmt":"2026-03-27T15:05:09","slug":"warmetauscher-volvo-penta-859360-copy","status":"publish","type":"product","link":"https:\/\/wp.marinepartsystem.com\/de\/produkt\/warmetauscher-volvo-penta-859360-copy\/","title":{"rendered":"W\u00e4rmetauscher Volvo Penta 829911"},"content":{"rendered":"<p>MD11-C, MD11-D, MD17-C, MD17-D<\/p>\n<p>- Der gebrauchte W\u00e4rmetauscher wurde mit neuen Dichtungen und Dichtungen \u00fcberholt und druckgepr\u00fcft<\/p>\n<p>&nbsp;<\/p>\n<p>&nbsp;<\/p>\n","protected":false},"excerpt":{"rendered":"<p>MD11-C, MD11-D, MD17-C, MD17-D - Der gebrauchte W\u00e4rmetauscher wurde mit neuen Dichtungen und Dichtungen \u00fcberholt und druckgepr\u00fcft &nbsp; &nbsp;<\/p>\n","protected":false},"featured_media":48152,"comment_status":"open","ping_status":"closed","template":"","meta":[],"product_brand":[4230],"product_cat":[4496,3228,2532,4308,4470,4473,4309,4366,4369,4466,3582],"product_tag":[2930],"class_list":{"0":"post-48148","1":"product","2":"type-product","3":"status-publish","4":"has-post-thumbnail","6":"product_brand-volvo-penta","7":"product_cat-gebrauchte-volvo-penta-teile-kaufen","8":"product_cat-kuhlsysteme","9":"product_cat-motorenteile","10":"product_cat-volvo-penta","11":"product_cat-volvo-penta-2002-teile","12":"product_cat-volvo-penta-2003-teile","13":"product_cat-volvo-penta-md-serie","14":"product_cat-volvo-penta-md11","15":"product_cat-volvo-penta-md17","16":"product_cat-volvo-penta-serie-2000","17":"product_cat-warmetauscher-nachkuhler","18":"product_tag-gebraucht-2","19":"pa_condition-gebraucht","20":"pa_condition-uberholte","21":"pa_model-md11","22":"pa_model-md11c","23":"pa_model-md11d","24":"pa_model-md17","25":"pa_model-md17c","26":"pa_model-md17d","27":"pa_oem-or-aftermarket-oem","29":"first","30":"instock","31":"taxable","32":"shipping-taxable","33":"purchasable","34":"product-type-simple"},"supplier_id":null,"supplier_sku":"","barcode":null,"atum_controlled":true,"out_stock_date":null,"out_stock_threshold":null,"inheritable":false,"inbound_stock":0,"stock_on_hold":0,"sold_today":0,"sales_last_days":0,"reserved_stock":0,"customer_returns":0,"warehouse_damage":0,"lost_in_post":0,"other_logs":0,"out_stock_days":0,"lost_sales":0,"has_location":false,"update_date":"2026-03-31T07:31:33","atum_locations":[],"atum_stock_status":"instock","restock_status":false,"low_stock_amount":1,"sales_update_date":"2026-03-31T07:31:33","calc_backorders":null,"_links":{"self":[{"href":"https:\/\/wp.marinepartsystem.com\/de\/wp-json\/wp\/v2\/product\/48148","targetHints":{"allow":["GET"]}}],"collection":[{"href":"https:\/\/wp.marinepartsystem.com\/de\/wp-json\/wp\/v2\/product"}],"about":[{"href":"https:\/\/wp.marinepartsystem.com\/de\/wp-json\/wp\/v2\/types\/product"}],"replies":[{"embeddable":true,"href":"https:\/\/wp.marinepartsystem.com\/de\/wp-json\/wp\/v2\/comments?post=48148"}],"wp:featuredmedia":[{"embeddable":true,"href":"https:\/\/wp.marinepartsystem.com\/de\/wp-json\/wp\/v2\/media\/48152"}],"wp:attachment":[{"href":"https:\/\/wp.marinepartsystem.com\/de\/wp-json\/wp\/v2\/media?parent=48148"}],"wp:term":[{"taxonomy":"product_brand","embeddable":true,"href":"https:\/\/wp.marinepartsystem.com\/de\/wp-json\/wp\/v2\/product_brand?post=48148"},{"taxonomy":"product_cat","embeddable":true,"href":"https:\/\/wp.marinepartsystem.com\/de\/wp-json\/wp\/v2\/product_cat?post=48148"},{"taxonomy":"product_tag","embeddable":true,"href":"https:\/\/wp.marinepartsystem.com\/de\/wp-json\/wp\/v2\/product_tag?post=48148"}],"curies":[{"name":"wp","href":"https:\/\/api.w.org\/{rel}","templated":true}]}}