{"id":48091,"date":"2026-03-27T11:55:54","date_gmt":"2026-03-27T11:55:54","guid":{"rendered":"https:\/\/marinepartsystem.com\/product\/daempferplatte-yanmar-km2p-km3p-sd20-sd25-sd30-177070-03501\/"},"modified":"2026-03-27T11:55:54","modified_gmt":"2026-03-27T11:55:54","slug":"daempferplatte-yanmar-km2p-km3p-sd20-sd25-sd30-177070-03501","status":"publish","type":"product","link":"https:\/\/marinepartsystem.com\/de\/produkt\/daempferplatte-yanmar-km2p-km3p-sd20-sd25-sd30-177070-03501","title":{"rendered":"D\u00e4mpferplatte Yanmar KM2P KM3P SD20 SD25 SD30 - 177070-03501"},"content":{"rendered":"<p data-start=\"333\" data-end=\"595\">Diese D\u00e4mpferplatte eignet sich f\u00fcr Yanmar-Schiffsdieselmotoren, die mit Kanzaki-Getrieben und Segelantrieben ausgestattet sind. Die D\u00e4mpfungsplatte absorbiert Torsionsschwingungen zwischen Motor und Getriebe, sorgt f\u00fcr eine reibungslose Kraft\u00fcbertragung und sch\u00fctzt die Komponenten des Antriebsstrangs. <\/p>\n<p data-start=\"597\" data-end=\"752\">Eine verschlissene D\u00e4mpferplatte kann Ger\u00e4usche, Vibrationen oder ein hartes Einrasten verursachen. Der Austausch stellt den reibungslosen Betrieb wieder her und verhindert Sch\u00e4den am Getriebe oder Segelantrieb. <\/p>\n<p data-start=\"754\" data-end=\"795\">OEM Yanmar D\u00e4mpferplatte.<\/p>\n<h3 data-section-id=\"1w15xei\" data-start=\"802\" data-end=\"824\"><\/h3>\n<h3 data-section-id=\"1w15xei\" data-start=\"802\" data-end=\"824\">Yanmar Teilenummer<\/h3>\n<p data-start=\"826\" data-end=\"838\">177070-03501<\/p>\n<h3 data-section-id=\"1c4yxnl\" data-start=\"845\" data-end=\"890\"><\/h3>\n<h3 data-section-id=\"1c4yxnl\" data-start=\"845\" data-end=\"890\">Kompatible Kanzaki-Getriebe &amp; Saildrives<\/h3>\n<p data-start=\"892\" data-end=\"956\">KM2P<br data-start=\"896\" data-end=\"899\">KM2P-1<br data-start=\"905\" data-end=\"908\">KM2A<br data-start=\"912\" data-end=\"915\">KM2C<br data-start=\"919\" data-end=\"922\">KM3P<br data-start=\"926\" data-end=\"929\">KM3V<br data-start=\"933\" data-end=\"936\">SD20<br data-start=\"940\" data-end=\"943\">SD25<br data-start=\"947\" data-end=\"950\">SD30<\/p>\n<h3 data-section-id=\"15p7nyt\" data-start=\"963\" data-end=\"992\"><\/h3>\n<h3 data-section-id=\"15p7nyt\" data-start=\"963\" data-end=\"992\">Kompatible Yanmar-Motoren<\/h3>\n<p data-start=\"994\" data-end=\"1007\">1GM<br data-start=\"997\" data-end=\"1000\">1GM10<\/p>\n<p data-start=\"1009\" data-end=\"1056\">2GM<br data-start=\"1012\" data-end=\"1015\">2GM20<br data-start=\"1020\" data-end=\"1023\">2GM20 EU<br data-start=\"1031\" data-end=\"1034\">2GM20 F<br data-start=\"1041\" data-end=\"1044\">2GM20 F EU<\/p>\n<p data-start=\"1058\" data-end=\"1105\">3GM<br data-start=\"1061\" data-end=\"1064\">3GM30<br data-start=\"1069\" data-end=\"1072\">3GM30 EU<br data-start=\"1080\" data-end=\"1083\">3GM30 F<br data-start=\"1090\" data-end=\"1093\">3GM30 F EU<\/p>\n<p data-start=\"1107\" data-end=\"1136\">3HM<br data-start=\"1110\" data-end=\"1113\">3HMF<br data-start=\"1117\" data-end=\"1120\">3HM35<br data-start=\"1125\" data-end=\"1128\">3HM35F<\/p>\n<p data-start=\"1138\" data-end=\"1145\">2YM15<\/p>\n<p data-start=\"1147\" data-end=\"1172\">3YM20<br data-start=\"1152\" data-end=\"1155\">3YM30<br data-start=\"1160\" data-end=\"1163\">3YM30AE<\/p>\n<p data-start=\"1174\" data-end=\"1191\">3JH25A<br data-start=\"1180\" data-end=\"1183\">3JH30A<\/p>\n<h3 data-section-id=\"nucr17\" data-start=\"1198\" data-end=\"1226\"><\/h3>\n<h3 data-section-id=\"nucr17\" data-start=\"1198\" data-end=\"1226\">Technische Daten<\/h3>\n<p data-start=\"1228\" data-end=\"1389\">Durchmesser: 170 mm<br data-start=\"1244\" data-end=\"1247\">Verzahnung: 20 Z\u00e4hne<br data-start=\"1263\" data-end=\"1266\">Innendurchmesser: ca. 19,5 mm<br data-start=\"1297\" data-end=\"1300\">Au\u00dfendurchmesser: ca. 22 mm<br data-start=\"1329\" data-end=\"1332\">Befestigung: 6 L\u00f6cher (8,5 mm)<br data-start=\"1358\" data-end=\"1361\">Teilkreis (PKD): 150 mm  <\/p>\n<p data-start=\"1585\" data-end=\"1684\" data-is-last-node=\"\" data-is-only-node=\"\"><strong>Fragen zur Kompatibilit\u00e4t oder zu Yanmar-Antriebsteilen? Unsere Marinespezialisten helfen Ihnen gerne weiter.<\/strong><\/p>\n","protected":false},"excerpt":{"rendered":"<p>Diese D\u00e4mpferplatte eignet sich f\u00fcr Yanmar-Schiffsdieselmotoren, die mit Kanzaki-Getrieben und Segelantrieben ausgestattet sind. Die D\u00e4mpfungsplatte absorbiert Torsionsschwingungen zwischen Motor und Getriebe, sorgt f\u00fcr eine reibungslose Kraft\u00fcbertragung und sch\u00fctzt die Komponenten des Antriebsstrangs. Eine verschlissene D\u00e4mpferplatte kann Ger\u00e4usche, Vibrationen oder ein hartes Einrasten verursachen. Der Austausch stellt den reibungslosen Betrieb wieder her und verhindert Sch\u00e4den am [&hellip;]<\/p>\n","protected":false},"featured_media":48092,"comment_status":"open","ping_status":"closed","template":"","meta":[],"product_brand":[4236],"product_cat":[4452,4442,4854,4443,4853,4852,4843,4441],"product_tag":[],"class_list":{"0":"post-48091","1":"product","2":"type-product","3":"status-publish","4":"has-post-thumbnail","6":"product_brand-yanmar","7":"product_cat-1gm-1gm10-teile","8":"product_cat-2gm-2gm20-teile","9":"product_cat-2ym15-teile","10":"product_cat-3gm-3gm30-teile","11":"product_cat-3ym20-teile","12":"product_cat-3ym30-teile","13":"product_cat-gm-serie-teile","14":"product_cat-yanmar","15":"pa_condition-neu","16":"pa_model-1gm","17":"pa_model-1gm10","18":"pa_model-1gm10c","19":"pa_model-1gmc","20":"pa_model-1gml","21":"pa_model-2gm","22":"pa_model-2gm20","23":"pa_model-2gm20f","24":"pa_model-2gm20fv","25":"pa_model-2gm20fve","26":"pa_model-2gm20v","27":"pa_model-2gm20ve","28":"pa_model-2gmf","29":"pa_model-2ym15","30":"pa_model-3gm","31":"pa_model-3gm30","32":"pa_model-3gm30-yeu","33":"pa_model-3gm30b","34":"pa_model-3gm30c","35":"pa_model-3gm30c-yeu","36":"pa_model-3gm30f","37":"pa_model-3gm30f-yeu","38":"pa_model-3gm30fc-yeu","39":"pa_model-3gm30fv","40":"pa_model-3gm30fve","41":"pa_model-3gm30v","42":"pa_model-3gm30ve","43":"pa_model-3gmd","44":"pa_model-3gmdf","45":"pa_model-3gmf","46":"pa_model-3gmfle","47":"pa_model-3gmfy-e","48":"pa_model-3gmfye-e","49":"pa_model-3hm","50":"pa_model-3hm35","51":"pa_model-3hm35c","52":"pa_model-3hm35f","53":"pa_model-3hmf","54":"pa_model-3jh25","55":"pa_model-3jh30","56":"pa_model-3jh30a","57":"pa_model-3ym20","58":"pa_model-3ym30","59":"pa_model-sd20","60":"pa_model-sd25","61":"pa_model-sd30","62":"pa_oem-or-aftermarket-oem","64":"first","65":"onbackorder","66":"taxable","67":"shipping-taxable","68":"purchasable","69":"product-type-simple"},"supplier_id":32143,"supplier_sku":"177070-03501","barcode":null,"atum_controlled":true,"out_stock_date":"2026-03-27 11:24:26","out_stock_threshold":null,"inheritable":false,"inbound_stock":0,"stock_on_hold":0,"sold_today":0,"sales_last_days":0,"reserved_stock":0,"customer_returns":0,"warehouse_damage":0,"lost_in_post":0,"other_logs":0,"out_stock_days":3,"lost_sales":0,"has_location":false,"update_date":"2026-03-31T07:31:33","atum_locations":[],"atum_stock_status":"onbackorder","restock_status":false,"low_stock_amount":0,"sales_update_date":"2026-03-31T07:31:33","calc_backorders":null,"_links":{"self":[{"href":"https:\/\/wp.marinepartsystem.com\/de\/wp-json\/wp\/v2\/product\/48091","targetHints":{"allow":["GET"]}}],"collection":[{"href":"https:\/\/wp.marinepartsystem.com\/de\/wp-json\/wp\/v2\/product"}],"about":[{"href":"https:\/\/wp.marinepartsystem.com\/de\/wp-json\/wp\/v2\/types\/product"}],"replies":[{"embeddable":true,"href":"https:\/\/wp.marinepartsystem.com\/de\/wp-json\/wp\/v2\/comments?post=48091"}],"wp:featuredmedia":[{"embeddable":true,"href":"https:\/\/wp.marinepartsystem.com\/de\/wp-json\/wp\/v2\/media\/48092"}],"wp:attachment":[{"href":"https:\/\/wp.marinepartsystem.com\/de\/wp-json\/wp\/v2\/media?parent=48091"}],"wp:term":[{"taxonomy":"product_brand","embeddable":true,"href":"https:\/\/wp.marinepartsystem.com\/de\/wp-json\/wp\/v2\/product_brand?post=48091"},{"taxonomy":"product_cat","embeddable":true,"href":"https:\/\/wp.marinepartsystem.com\/de\/wp-json\/wp\/v2\/product_cat?post=48091"},{"taxonomy":"product_tag","embeddable":true,"href":"https:\/\/wp.marinepartsystem.com\/de\/wp-json\/wp\/v2\/product_tag?post=48091"}],"curies":[{"name":"wp","href":"https:\/\/api.w.org\/{rel}","templated":true}]}}