{"id":48078,"date":"2026-03-27T11:13:51","date_gmt":"2026-03-27T11:13:51","guid":{"rendered":"https:\/\/marinepartsystem.com\/product\/wasserschlauch-yanmar-1gm-1gm10-128170-49050\/"},"modified":"2026-03-27T11:13:51","modified_gmt":"2026-03-27T11:13:51","slug":"wasserschlauch-yanmar-1gm-1gm10-128170-49050","status":"publish","type":"product","link":"https:\/\/marinepartsystem.com\/de\/produkt\/wasserschlauch-yanmar-1gm-1gm10-128170-49050","title":{"rendered":"Wasserschlauch Yanmar 1GM 1GM10 - 128170-49050"},"content":{"rendered":"<div class=\"flex flex-col text-sm pb-25\">\n<section class=\"text-token-text-primary w-full focus:outline-none [--shadow-height:45px] has-data-writing-block:pointer-events-none has-data-writing-block:-mt-(--shadow-height) has-data-writing-block:pt-(--shadow-height) [&amp;:has([data-writing-block])&gt;*]:pointer-events-auto scroll-mt-[calc(var(--header-height)+min(200px,max(70px,20svh)))]\" dir=\"auto\" data-turn-id=\"request-69a2c9b3-06b8-8389-b2ee-26eb12f8a713-22\" data-testid=\"conversation-turn-112\" data-scroll-anchor=\"true\" data-turn=\"assistant\">\n<div class=\"text-base my-auto mx-auto pb-10 [--thread-content-margin:var(--thread-content-margin-xs,calc(var(--spacing)*4))] @w-sm\/main:[--thread-content-margin:var(--thread-content-margin-sm,calc(var(--spacing)*6))] @w-lg\/main:[--thread-content-margin:var(--thread-content-margin-lg,calc(var(--spacing)*16))] px-(--thread-content-margin)\">\n<div class=\"[--thread-content-max-width:40rem] @w-lg\/main:[--thread-content-max-width:48rem] mx-auto max-w-(--thread-content-max-width) flex-1 group\/turn-messages focus-visible:outline-hidden relative flex w-full min-w-0 flex-col agent-turn\">\n<div class=\"flex max-w-full flex-col gap-4 grow\">\n<div class=\"min-h-8 text-message relative flex w-full flex-col items-end gap-2 text-start break-words whitespace-normal outline-none keyboard-focused:focus-ring [.text-message+&amp;]:mt-1\" dir=\"auto\" tabindex=\"0\" data-message-author-role=\"assistant\" data-message-id=\"33b2967d-addc-4be1-abe9-4f707862ef5b\" data-message-model-slug=\"gpt-5-3\" data-turn-start-message=\"true\">\n<div class=\"flex w-full flex-col gap-1 empty:hidden\">\n<div class=\"markdown prose dark:prose-invert w-full wrap-break-word dark markdown-new-styling\">\n<p data-start=\"330\" data-end=\"573\">Dieser Wasserschlauch ist ein <strong data-start=\"351\" data-end=\"371\">Original-OEM-Teil<\/strong> f\u00fcr <span class=\"hover:entity-accent entity-underline inline cursor-pointer align-baseline\"><span class=\"whitespace-normal\">Yanmar<\/span><\/span> 1GM und 1GM10 Schiffsdieselmotoren. Der Schlauch verbindet den Motorblock (T-St\u00fcck) mit dem Thermostatgeh\u00e4use und sorgt f\u00fcr einen ordnungsgem\u00e4\u00dfen K\u00fchlmittelfluss durch den Motor. <\/p>\n<p data-start=\"575\" data-end=\"673\">Der Schlauch verf\u00fcgt \u00fcber eine geformte Biegung, damit er korrekt zwischen die Komponenten passt und einen optimalen Durchfluss gew\u00e4hrleistet.<\/p>\n<p data-start=\"675\" data-end=\"830\">\n<p data-start=\"832\" data-end=\"876\">Dies ist ein <strong data-start=\"845\" data-end=\"875\">echtes Yanmar OEM-Produkt<\/strong>.<\/p>\n<h3 data-section-id=\"94g5nh\" data-start=\"883\" data-end=\"909\"><\/h3>\n<h3 data-section-id=\"94g5nh\" data-start=\"883\" data-end=\"909\">Yanmar OEM-Teilenummer<\/h3>\n<p data-start=\"911\" data-end=\"923\">128170-49050<\/p>\n<h3 data-section-id=\"15p7nyt\" data-start=\"930\" data-end=\"959\"><\/h3>\n<h3 data-section-id=\"15p7nyt\" data-start=\"930\" data-end=\"959\">Kompatible Yanmar-Motoren<\/h3>\n<p data-start=\"961\" data-end=\"974\">1GM<br data-start=\"964\" data-end=\"967\">1GM10<\/p>\n<p data-start=\"1184\" data-end=\"1279\" data-is-last-node=\"\" data-is-only-node=\"\"><strong>Fragen zur Kompatibilit\u00e4t oder zu Yanmar-Motorteilen? Unsere Marinespezialisten helfen Ihnen gerne weiter.<\/strong><\/p>\n<\/div>\n<\/div>\n<\/div>\n<\/div>\n<div class=\"z-0 flex min-h-[46px] justify-start\"><\/div>\n<div class=\"mt-3 w-full empty:hidden\">\n<div class=\"text-center\"><\/div>\n<\/div>\n<\/div>\n<\/div>\n<\/section>\n<\/div>\n<div class=\"pointer-events-none h-px w-px absolute bottom-0\" aria-hidden=\"true\" data-edge=\"true\"><\/div>\n","protected":false},"excerpt":{"rendered":"<p>Dieser Wasserschlauch ist ein Original-OEM-Teil f\u00fcr Yanmar 1GM und 1GM10 Schiffsdieselmotoren. Der Schlauch verbindet den Motorblock (T-St\u00fcck) mit dem Thermostatgeh\u00e4use und sorgt f\u00fcr einen ordnungsgem\u00e4\u00dfen K\u00fchlmittelfluss durch den Motor. Der Schlauch verf\u00fcgt \u00fcber eine geformte Biegung, damit er korrekt zwischen die Komponenten passt und einen optimalen Durchfluss gew\u00e4hrleistet. Dies ist ein echtes Yanmar OEM-Produkt. Yanmar [&hellip;]<\/p>\n","protected":false},"featured_media":48079,"comment_status":"open","ping_status":"closed","template":"","meta":[],"product_brand":[4236],"product_cat":[4452,4843,3228,2532,3247,4441],"product_tag":[],"class_list":{"0":"post-48078","1":"product","2":"type-product","3":"status-publish","4":"has-post-thumbnail","6":"product_brand-yanmar","7":"product_cat-1gm-1gm10-teile","8":"product_cat-gm-serie-teile","9":"product_cat-kuhlsysteme","10":"product_cat-motorenteile","11":"product_cat-wasserrohre-schlauche","12":"product_cat-yanmar","13":"pa_condition-neu","14":"pa_model-1gm","15":"pa_model-1gm10","16":"pa_model-1gm10c","17":"pa_model-1gmc","18":"pa_model-1gml","19":"pa_oem-or-aftermarket-oem","21":"first","22":"onbackorder","23":"taxable","24":"shipping-taxable","25":"purchasable","26":"product-type-simple"},"supplier_id":32143,"supplier_sku":"128170-49050","barcode":null,"atum_controlled":true,"out_stock_date":"2026-03-27 11:13:55","out_stock_threshold":null,"inheritable":false,"inbound_stock":0,"stock_on_hold":0,"sold_today":0,"sales_last_days":0,"reserved_stock":0,"customer_returns":0,"warehouse_damage":0,"lost_in_post":0,"other_logs":0,"out_stock_days":3,"lost_sales":0,"has_location":false,"update_date":"2026-03-31T07:31:33","atum_locations":[],"atum_stock_status":"onbackorder","restock_status":false,"low_stock_amount":1,"sales_update_date":"2026-03-31T07:31:33","calc_backorders":null,"_links":{"self":[{"href":"https:\/\/wp.marinepartsystem.com\/de\/wp-json\/wp\/v2\/product\/48078","targetHints":{"allow":["GET"]}}],"collection":[{"href":"https:\/\/wp.marinepartsystem.com\/de\/wp-json\/wp\/v2\/product"}],"about":[{"href":"https:\/\/wp.marinepartsystem.com\/de\/wp-json\/wp\/v2\/types\/product"}],"replies":[{"embeddable":true,"href":"https:\/\/wp.marinepartsystem.com\/de\/wp-json\/wp\/v2\/comments?post=48078"}],"wp:featuredmedia":[{"embeddable":true,"href":"https:\/\/wp.marinepartsystem.com\/de\/wp-json\/wp\/v2\/media\/48079"}],"wp:attachment":[{"href":"https:\/\/wp.marinepartsystem.com\/de\/wp-json\/wp\/v2\/media?parent=48078"}],"wp:term":[{"taxonomy":"product_brand","embeddable":true,"href":"https:\/\/wp.marinepartsystem.com\/de\/wp-json\/wp\/v2\/product_brand?post=48078"},{"taxonomy":"product_cat","embeddable":true,"href":"https:\/\/wp.marinepartsystem.com\/de\/wp-json\/wp\/v2\/product_cat?post=48078"},{"taxonomy":"product_tag","embeddable":true,"href":"https:\/\/wp.marinepartsystem.com\/de\/wp-json\/wp\/v2\/product_tag?post=48078"}],"curies":[{"name":"wp","href":"https:\/\/api.w.org\/{rel}","templated":true}]}}