{"id":48068,"date":"2026-03-27T11:02:42","date_gmt":"2026-03-27T11:02:42","guid":{"rendered":"https:\/\/marinepartsystem.com\/product\/impeller-pumpenschlauch-yanmar-1gm-1gm10-128170-49010\/"},"modified":"2026-03-27T11:02:42","modified_gmt":"2026-03-27T11:02:42","slug":"impeller-pumpenschlauch-yanmar-1gm-1gm10-128170-49010","status":"publish","type":"product","link":"https:\/\/marinepartsystem.com\/de\/produkt\/impeller-pumpenschlauch-yanmar-1gm-1gm10-128170-49010","title":{"rendered":"Impeller Pumpenschlauch Yanmar 1GM 1GM10 - 128170-49010"},"content":{"rendered":"<div class=\"flex flex-col text-sm pb-25\">\n<section class=\"text-token-text-primary w-full focus:outline-none [--shadow-height:45px] has-data-writing-block:pointer-events-none has-data-writing-block:-mt-(--shadow-height) has-data-writing-block:pt-(--shadow-height) [&amp;:has([data-writing-block])&gt;*]:pointer-events-auto scroll-mt-[calc(var(--header-height)+min(200px,max(70px,20svh)))]\" dir=\"auto\" data-turn-id=\"request-69a2c9b3-06b8-8389-b2ee-26eb12f8a713-21\" data-testid=\"conversation-turn-110\" data-scroll-anchor=\"true\" data-turn=\"assistant\">\n<div class=\"text-base my-auto mx-auto pb-10 [--thread-content-margin:var(--thread-content-margin-xs,calc(var(--spacing)*4))] @w-sm\/main:[--thread-content-margin:var(--thread-content-margin-sm,calc(var(--spacing)*6))] @w-lg\/main:[--thread-content-margin:var(--thread-content-margin-lg,calc(var(--spacing)*16))] px-(--thread-content-margin)\">\n<div class=\"[--thread-content-max-width:40rem] @w-lg\/main:[--thread-content-max-width:48rem] mx-auto max-w-(--thread-content-max-width) flex-1 group\/turn-messages focus-visible:outline-hidden relative flex w-full min-w-0 flex-col agent-turn\">\n<div class=\"flex max-w-full flex-col gap-4 grow\">\n<div class=\"min-h-8 text-message relative flex w-full flex-col items-end gap-2 text-start break-words whitespace-normal outline-none keyboard-focused:focus-ring [.text-message+&amp;]:mt-1\" dir=\"auto\" tabindex=\"0\" data-message-author-role=\"assistant\" data-message-id=\"bba22a05-7c56-4952-abf9-d2610f6fc52d\" data-message-model-slug=\"gpt-5-3\" data-turn-start-message=\"true\">\n<div class=\"flex w-full flex-col gap-1 empty:hidden\">\n<div class=\"markdown prose dark:prose-invert w-full wrap-break-word dark markdown-new-styling\">\n<p data-start=\"311\" data-end=\"561\">Dieser Impeller-Pumpenschlauch ist ein <strong data-start=\"340\" data-end=\"360\">Original-OEM-Teil<\/strong> f\u00fcr <span class=\"hover:entity-accent entity-underline inline cursor-pointer align-baseline\"><span class=\"whitespace-normal\">Yanmar<\/span><\/span> 1GM und 1GM10 Schiffsdieselmotoren. Der Schlauch (K\u00fchlwasserkr\u00fcmmer) wird an die Impellerpumpe angeschlossen und leitet den Seewasserstrom durch das K\u00fchlsystem des Motors. <\/p>\n<p data-start=\"793\" data-end=\"837\">\n<p data-start=\"793\" data-end=\"837\">Dies ist ein <strong data-start=\"806\" data-end=\"836\">echtes Yanmar OEM-Produkt<\/strong>.<\/p>\n<h3 data-section-id=\"94g5nh\" data-start=\"844\" data-end=\"870\"><\/h3>\n<h3 data-section-id=\"94g5nh\" data-start=\"844\" data-end=\"870\">Yanmar OEM-Teilenummer<\/h3>\n<p data-start=\"872\" data-end=\"884\">128170-49010<\/p>\n<h3 data-section-id=\"15p7nyt\" data-start=\"891\" data-end=\"920\"><\/h3>\n<h3 data-section-id=\"15p7nyt\" data-start=\"891\" data-end=\"920\">Kompatible Yanmar-Motoren<\/h3>\n<p data-start=\"922\" data-end=\"935\">1GM<br data-start=\"925\" data-end=\"928\">1GM10<\/p>\n<p data-start=\"1149\" data-end=\"1244\" data-is-last-node=\"\" data-is-only-node=\"\">\n<p data-start=\"1149\" data-end=\"1244\" data-is-last-node=\"\" data-is-only-node=\"\"><strong>Fragen zur Kompatibilit\u00e4t oder zu Yanmar-Motorteilen? Unsere Marinespezialisten helfen Ihnen gerne weiter.<\/strong><\/p>\n<\/div>\n<\/div>\n<\/div>\n<\/div>\n<div class=\"z-0 flex min-h-[46px] justify-start\"><\/div>\n<div class=\"mt-3 w-full empty:hidden\">\n<div class=\"text-center\"><\/div>\n<\/div>\n<\/div>\n<\/div>\n<\/section>\n<\/div>\n<div class=\"pointer-events-none h-px w-px absolute bottom-0\" aria-hidden=\"true\" data-edge=\"true\"><\/div>\n","protected":false},"excerpt":{"rendered":"<p>Dieser Impeller-Pumpenschlauch ist ein Original-OEM-Teil f\u00fcr Yanmar 1GM und 1GM10 Schiffsdieselmotoren. Der Schlauch (K\u00fchlwasserkr\u00fcmmer) wird an die Impellerpumpe angeschlossen und leitet den Seewasserstrom durch das K\u00fchlsystem des Motors. Dies ist ein echtes Yanmar OEM-Produkt. Yanmar OEM-Teilenummer 128170-49010 Kompatible Yanmar-Motoren 1GM1GM10 Fragen zur Kompatibilit\u00e4t oder zu Yanmar-Motorteilen? Unsere Marinespezialisten helfen Ihnen gerne weiter.<\/p>\n","protected":false},"featured_media":48069,"comment_status":"open","ping_status":"closed","template":"","meta":[],"product_brand":[4236],"product_cat":[4452,4843,3228,2532,3247,4441],"product_tag":[],"class_list":{"0":"post-48068","1":"product","2":"type-product","3":"status-publish","4":"has-post-thumbnail","6":"product_brand-yanmar","7":"product_cat-1gm-1gm10-teile","8":"product_cat-gm-serie-teile","9":"product_cat-kuhlsysteme","10":"product_cat-motorenteile","11":"product_cat-wasserrohre-schlauche","12":"product_cat-yanmar","13":"pa_condition-neu","14":"pa_model-1gm","15":"pa_model-1gm10","16":"pa_model-1gm10c","17":"pa_model-1gmc","18":"pa_model-1gml","19":"pa_oem-or-aftermarket-oem","21":"first","22":"onbackorder","23":"taxable","24":"shipping-taxable","25":"purchasable","26":"product-type-simple"},"supplier_id":32143,"supplier_sku":"128170-49010","barcode":null,"atum_controlled":true,"out_stock_date":"2026-03-27 11:02:47","out_stock_threshold":null,"inheritable":false,"inbound_stock":0,"stock_on_hold":0,"sold_today":0,"sales_last_days":0,"reserved_stock":0,"customer_returns":0,"warehouse_damage":0,"lost_in_post":0,"other_logs":0,"out_stock_days":18,"lost_sales":0,"has_location":false,"update_date":"2026-04-14T19:23:28","atum_locations":[],"atum_stock_status":"onbackorder","restock_status":false,"low_stock_amount":1,"sales_update_date":"2026-04-14T19:23:28","calc_backorders":0,"_links":{"self":[{"href":"https:\/\/wp.marinepartsystem.com\/de\/wp-json\/wp\/v2\/product\/48068","targetHints":{"allow":["GET"]}}],"collection":[{"href":"https:\/\/wp.marinepartsystem.com\/de\/wp-json\/wp\/v2\/product"}],"about":[{"href":"https:\/\/wp.marinepartsystem.com\/de\/wp-json\/wp\/v2\/types\/product"}],"replies":[{"embeddable":true,"href":"https:\/\/wp.marinepartsystem.com\/de\/wp-json\/wp\/v2\/comments?post=48068"}],"wp:featuredmedia":[{"embeddable":true,"href":"https:\/\/wp.marinepartsystem.com\/de\/wp-json\/wp\/v2\/media\/48069"}],"wp:attachment":[{"href":"https:\/\/wp.marinepartsystem.com\/de\/wp-json\/wp\/v2\/media?parent=48068"}],"wp:term":[{"taxonomy":"product_brand","embeddable":true,"href":"https:\/\/wp.marinepartsystem.com\/de\/wp-json\/wp\/v2\/product_brand?post=48068"},{"taxonomy":"product_cat","embeddable":true,"href":"https:\/\/wp.marinepartsystem.com\/de\/wp-json\/wp\/v2\/product_cat?post=48068"},{"taxonomy":"product_tag","embeddable":true,"href":"https:\/\/wp.marinepartsystem.com\/de\/wp-json\/wp\/v2\/product_tag?post=48068"}],"curies":[{"name":"wp","href":"https:\/\/api.w.org\/{rel}","templated":true}]}}