{"id":47995,"date":"2026-03-25T11:44:40","date_gmt":"2026-03-25T11:44:40","guid":{"rendered":"https:\/\/marinepartsystem.com\/product\/impeller-pumpendeckel-fuer-yanmar-1gm-1gm10-128170-42080\/"},"modified":"2026-03-25T11:44:40","modified_gmt":"2026-03-25T11:44:40","slug":"impeller-pumpendeckel-fuer-yanmar-1gm-1gm10-128170-42080","status":"publish","type":"product","link":"https:\/\/marinepartsystem.com\/de\/produkt\/impeller-pumpendeckel-fuer-yanmar-1gm-1gm10-128170-42080","title":{"rendered":"Impeller Pumpendeckel f\u00fcr Yanmar 1GM \/ 1GM10 - 128170-42080"},"content":{"rendered":"<div class=\"flex flex-col text-sm pb-25\">\n<section class=\"text-token-text-primary w-full focus:outline-none [--shadow-height:45px] has-data-writing-block:pointer-events-none has-data-writing-block:-mt-(--shadow-height) has-data-writing-block:pt-(--shadow-height) [&amp;:has([data-writing-block])&gt;*]:pointer-events-auto scroll-mt-[calc(var(--header-height)+min(200px,max(70px,20svh)))]\" dir=\"auto\" data-turn-id=\"request-69a2c9b3-06b8-8389-b2ee-26eb12f8a713-3\" data-testid=\"conversation-turn-80\" data-scroll-anchor=\"true\" data-turn=\"assistant\">\n<div class=\"text-base my-auto mx-auto pb-10 [--thread-content-margin:var(--thread-content-margin-xs,calc(var(--spacing)*4))] @w-sm\/main:[--thread-content-margin:var(--thread-content-margin-sm,calc(var(--spacing)*6))] @w-lg\/main:[--thread-content-margin:var(--thread-content-margin-lg,calc(var(--spacing)*16))] px-(--thread-content-margin)\">\n<div class=\"[--thread-content-max-width:40rem] @w-lg\/main:[--thread-content-max-width:48rem] mx-auto max-w-(--thread-content-max-width) flex-1 group\/turn-messages focus-visible:outline-hidden relative flex w-full min-w-0 flex-col agent-turn\">\n<div class=\"flex max-w-full flex-col gap-4 grow\">\n<div class=\"min-h-8 text-message relative flex w-full flex-col items-end gap-2 text-start break-words whitespace-normal outline-none keyboard-focused:focus-ring [.text-message+&amp;]:mt-1\" dir=\"auto\" tabindex=\"0\" data-message-author-role=\"assistant\" data-message-id=\"a459f8c4-3637-482a-a246-9d80c080dba7\" data-message-model-slug=\"gpt-5-3\" data-turn-start-message=\"true\">\n<div class=\"flex w-full flex-col gap-1 empty:hidden\">\n<div class=\"markdown prose dark:prose-invert w-full wrap-break-word dark markdown-new-styling\">\n<p data-start=\"320\" data-end=\"561\">Diese Impeller-Pumpenabdeckung ist ein <strong data-start=\"350\" data-end=\"370\">Original-OEM-Teil<\/strong> f\u00fcr <span class=\"hover:entity-accent entity-underline inline cursor-pointer align-baseline\"><span class=\"whitespace-normal\">Yanmar<\/span><\/span> 1GM und 1GM10 Schiffsdieselmotoren.<\/p>\n<p data-start=\"563\" data-end=\"739\">Ein verschlissener oder besch\u00e4digter Pumpendeckel kann zu Leckagen oder verminderter K\u00fchlleistung f\u00fchren. Der Austausch des Deckels gew\u00e4hrleistet eine optimale Abdichtung und einen zuverl\u00e4ssigen Betrieb des Motork\u00fchlsystems. <\/p>\n<p data-start=\"741\" data-end=\"785\">\n<p data-start=\"741\" data-end=\"785\">Dies ist ein <strong data-start=\"754\" data-end=\"784\">echtes Yanmar OEM-Produkt<\/strong>.<\/p>\n<h3 data-section-id=\"94g5nh\" data-start=\"792\" data-end=\"818\"><\/h3>\n<h3 data-section-id=\"94g5nh\" data-start=\"792\" data-end=\"818\">Yanmar OEM-Teilenummer<\/h3>\n<p data-start=\"820\" data-end=\"832\">128170-42080<\/p>\n<h3 data-section-id=\"15p7nyt\" data-start=\"839\" data-end=\"868\"><\/h3>\n<h3 data-section-id=\"15p7nyt\" data-start=\"839\" data-end=\"868\">Kompatible Yanmar-Motoren<\/h3>\n<p data-start=\"870\" data-end=\"899\">1GM (7,5 PS)<br data-start=\"882\" data-end=\"885\">1GM10 (9 PS)<\/p>\n<p data-start=\"870\" data-end=\"899\">\n<p data-start=\"1126\" data-end=\"1221\" data-is-last-node=\"\" data-is-only-node=\"\"><strong>Fragen zur Kompatibilit\u00e4t oder zu Yanmar-Motorteilen? Unsere Marinespezialisten helfen Ihnen gerne weiter.<\/strong><\/p>\n<\/div>\n<\/div>\n<\/div>\n<\/div>\n<div class=\"z-0 flex min-h-[46px] justify-start\"><\/div>\n<div class=\"mt-3 w-full empty:hidden\">\n<div class=\"text-center\"><\/div>\n<\/div>\n<\/div>\n<\/div>\n<\/section>\n<\/div>\n<div class=\"pointer-events-none h-px w-px absolute bottom-0\" aria-hidden=\"true\" data-edge=\"true\"><\/div>\n","protected":false},"excerpt":{"rendered":"<p>Diese Impeller-Pumpenabdeckung ist ein Original-OEM-Teil f\u00fcr Yanmar 1GM und 1GM10 Schiffsdieselmotoren. Ein verschlissener oder besch\u00e4digter Pumpendeckel kann zu Leckagen oder verminderter K\u00fchlleistung f\u00fchren. Der Austausch des Deckels gew\u00e4hrleistet eine optimale Abdichtung und einen zuverl\u00e4ssigen Betrieb des Motork\u00fchlsystems. Dies ist ein echtes Yanmar OEM-Produkt. Yanmar OEM-Teilenummer 128170-42080 Kompatible Yanmar-Motoren 1GM (7,5 PS)1GM10 (9 PS) Fragen zur [&hellip;]<\/p>\n","protected":false},"featured_media":47996,"comment_status":"open","ping_status":"closed","template":"","meta":[],"product_brand":[4236],"product_cat":[4452,2498,4843,3037,3215,4441,4531],"product_tag":[],"class_list":{"0":"post-47995","1":"product","2":"type-product","3":"status-publish","4":"has-post-thumbnail","6":"product_brand-yanmar","7":"product_cat-1gm-1gm10-teile","8":"product_cat-ersatzteile-fur-motoren","9":"product_cat-gm-serie-teile","10":"product_cat-kits-fur-wartung-und-reparatur","11":"product_cat-wasserpumpen-teile","12":"product_cat-yanmar","13":"product_cat-yanmar-service-teile","14":"pa_condition-neu","15":"pa_model-1gm","16":"pa_model-1gm10","17":"pa_model-1gm10c","18":"pa_model-1gmc","19":"pa_model-1gml","20":"pa_oem-or-aftermarket-oem","22":"first","23":"onbackorder","24":"taxable","25":"shipping-taxable","26":"purchasable","27":"product-type-simple"},"supplier_id":32143,"supplier_sku":"128170-42080","barcode":null,"atum_controlled":true,"out_stock_date":"2026-03-25 11:44:44","out_stock_threshold":null,"inheritable":false,"inbound_stock":null,"stock_on_hold":null,"sold_today":null,"sales_last_days":null,"reserved_stock":null,"customer_returns":null,"warehouse_damage":null,"lost_in_post":null,"other_logs":null,"out_stock_days":0,"lost_sales":null,"has_location":false,"update_date":"2026-03-25T11:44:49","atum_locations":[],"atum_stock_status":"onbackorder","restock_status":false,"low_stock_amount":1,"sales_update_date":null,"calc_backorders":null,"_links":{"self":[{"href":"https:\/\/wp.marinepartsystem.com\/de\/wp-json\/wp\/v2\/product\/47995","targetHints":{"allow":["GET"]}}],"collection":[{"href":"https:\/\/wp.marinepartsystem.com\/de\/wp-json\/wp\/v2\/product"}],"about":[{"href":"https:\/\/wp.marinepartsystem.com\/de\/wp-json\/wp\/v2\/types\/product"}],"replies":[{"embeddable":true,"href":"https:\/\/wp.marinepartsystem.com\/de\/wp-json\/wp\/v2\/comments?post=47995"}],"wp:featuredmedia":[{"embeddable":true,"href":"https:\/\/wp.marinepartsystem.com\/de\/wp-json\/wp\/v2\/media\/47996"}],"wp:attachment":[{"href":"https:\/\/wp.marinepartsystem.com\/de\/wp-json\/wp\/v2\/media?parent=47995"}],"wp:term":[{"taxonomy":"product_brand","embeddable":true,"href":"https:\/\/wp.marinepartsystem.com\/de\/wp-json\/wp\/v2\/product_brand?post=47995"},{"taxonomy":"product_cat","embeddable":true,"href":"https:\/\/wp.marinepartsystem.com\/de\/wp-json\/wp\/v2\/product_cat?post=47995"},{"taxonomy":"product_tag","embeddable":true,"href":"https:\/\/wp.marinepartsystem.com\/de\/wp-json\/wp\/v2\/product_tag?post=47995"}],"curies":[{"name":"wp","href":"https:\/\/api.w.org\/{rel}","templated":true}]}}