{"id":47971,"date":"2026-03-21T09:51:53","date_gmt":"2026-03-21T09:51:53","guid":{"rendered":"https:\/\/marinepartsystem.com\/product\/thermostat-nanni-970313177\/"},"modified":"2026-03-21T09:51:53","modified_gmt":"2026-03-21T09:51:53","slug":"thermostat-nanni-970313177","status":"publish","type":"product","link":"https:\/\/wp.marinepartsystem.com\/de\/produkt\/thermostat-nanni-970313177\/","title":{"rendered":"Thermostat Nanni 970313177"},"content":{"rendered":"<p data-start=\"352\" data-end=\"592\">Dieser Thermostat eignet sich f\u00fcr verschiedene <span class=\"hover:entity-accent entity-underline inline cursor-pointer align-baseline\"><span class=\"whitespace-normal\">Nanni Diesel<\/span><\/span> Schiffsdieselmotoren. Das Thermostat regelt die Motortemperatur, indem es den K\u00fchlmitteldurchfluss steuert und so daf\u00fcr sorgt, dass der Motor innerhalb des richtigen Temperaturbereichs arbeitet. <\/p>\n<p data-start=\"594\" data-end=\"792\">Ein defektes Thermostat kann zu \u00dcberhitzung f\u00fchren oder verhindern, dass der Motor die optimale Betriebstemperatur erreicht. Der Austausch des Thermostats gew\u00e4hrleistet die ordnungsgem\u00e4\u00dfe Leistung des K\u00fchlsystems und die Effizienz des Motors. <\/p>\n<p data-start=\"794\" data-end=\"833\">\n<p data-start=\"794\" data-end=\"833\">OEM-Thermostat von Nanni.<\/p>\n<h3 data-section-id=\"x7y64t\" data-start=\"840\" data-end=\"864\"><\/h3>\n<h3 data-section-id=\"x7y64t\" data-start=\"840\" data-end=\"864\">Ersetzt die Teilenummer<\/h3>\n<p data-start=\"866\" data-end=\"875\">970313177<\/p>\n<h3 data-section-id=\"1gw1q57\" data-start=\"882\" data-end=\"910\"><\/h3>\n<h3 data-section-id=\"1gw1q57\" data-start=\"882\" data-end=\"910\">Kompatible Nanni-Motoren<\/h3>\n<p data-start=\"912\" data-end=\"931\">4.200TD<br data-start=\"919\" data-end=\"922\">4.220HE<\/p>\n<p data-start=\"933\" data-end=\"946\"><strong data-start=\"933\" data-end=\"946\">Serie N3<\/strong><\/p>\n<p data-start=\"948\" data-end=\"963\">N3.30<br data-start=\"953\" data-end=\"956\">N3.38<\/p>\n<p data-start=\"965\" data-end=\"978\"><strong data-start=\"965\" data-end=\"978\">Serie N4<\/strong><\/p>\n<p data-start=\"980\" data-end=\"1019\">N4.40<br data-start=\"985\" data-end=\"988\">N4.50<br data-start=\"993\" data-end=\"996\">N4.60<br data-start=\"1001\" data-end=\"1004\">N4.65<br data-start=\"1009\" data-end=\"1012\">N4.80<\/p>\n<p data-start=\"1060\" data-end=\"1211\">\n<p data-start=\"1213\" data-end=\"1307\" data-is-last-node=\"\" data-is-only-node=\"\"><strong>Fragen zur Kompatibilit\u00e4t oder zu Nanni-Motorteilen? Unsere Marinespezialisten helfen Ihnen gerne weiter.<\/strong><\/p>\n","protected":false},"excerpt":{"rendered":"<p>Dieser Thermostat eignet sich f\u00fcr verschiedene Nanni Diesel Schiffsdieselmotoren. Das Thermostat regelt die Motortemperatur, indem es den K\u00fchlmitteldurchfluss steuert und so daf\u00fcr sorgt, dass der Motor innerhalb des richtigen Temperaturbereichs arbeitet. Ein defektes Thermostat kann zu \u00dcberhitzung f\u00fchren oder verhindern, dass der Motor die optimale Betriebstemperatur erreicht. Der Austausch des Thermostats gew\u00e4hrleistet die ordnungsgem\u00e4\u00dfe Leistung [&hellip;]<\/p>\n","protected":false},"featured_media":47972,"comment_status":"open","ping_status":"closed","template":"","meta":[],"product_brand":[4238],"product_cat":[3294],"product_tag":[],"class_list":{"0":"post-47971","1":"product","2":"type-product","3":"status-publish","4":"has-post-thumbnail","6":"product_brand-nanni","7":"product_cat-thermostate","8":"pa_condition-neu","9":"pa_model-4-200td","10":"pa_model-4-220he","11":"pa_model-n3-30","12":"pa_model-n3-38","13":"pa_model-n4-40","14":"pa_model-n4-50","15":"pa_model-n4-60","16":"pa_model-n4-65","17":"pa_model-n4-80","18":"pa_oem-or-aftermarket-oem","20":"first","21":"onbackorder","22":"taxable","23":"shipping-taxable","24":"purchasable","25":"product-type-simple"},"supplier_id":47961,"supplier_sku":"970313177","barcode":null,"atum_controlled":true,"out_stock_date":"2026-03-21 09:51:58","out_stock_threshold":null,"inheritable":false,"inbound_stock":0,"stock_on_hold":0,"sold_today":0,"sales_last_days":0,"reserved_stock":0,"customer_returns":0,"warehouse_damage":0,"lost_in_post":0,"other_logs":0,"out_stock_days":3,"lost_sales":0,"has_location":false,"update_date":"2026-03-24T10:59:36","atum_locations":[],"atum_stock_status":"onbackorder","restock_status":false,"low_stock_amount":1,"sales_update_date":"2026-03-24T10:59:36","calc_backorders":null,"_links":{"self":[{"href":"https:\/\/wp.marinepartsystem.com\/de\/wp-json\/wp\/v2\/product\/47971","targetHints":{"allow":["GET"]}}],"collection":[{"href":"https:\/\/wp.marinepartsystem.com\/de\/wp-json\/wp\/v2\/product"}],"about":[{"href":"https:\/\/wp.marinepartsystem.com\/de\/wp-json\/wp\/v2\/types\/product"}],"replies":[{"embeddable":true,"href":"https:\/\/wp.marinepartsystem.com\/de\/wp-json\/wp\/v2\/comments?post=47971"}],"wp:featuredmedia":[{"embeddable":true,"href":"https:\/\/wp.marinepartsystem.com\/de\/wp-json\/wp\/v2\/media\/47972"}],"wp:attachment":[{"href":"https:\/\/wp.marinepartsystem.com\/de\/wp-json\/wp\/v2\/media?parent=47971"}],"wp:term":[{"taxonomy":"product_brand","embeddable":true,"href":"https:\/\/wp.marinepartsystem.com\/de\/wp-json\/wp\/v2\/product_brand?post=47971"},{"taxonomy":"product_cat","embeddable":true,"href":"https:\/\/wp.marinepartsystem.com\/de\/wp-json\/wp\/v2\/product_cat?post=47971"},{"taxonomy":"product_tag","embeddable":true,"href":"https:\/\/wp.marinepartsystem.com\/de\/wp-json\/wp\/v2\/product_tag?post=47971"}],"curies":[{"name":"wp","href":"https:\/\/api.w.org\/{rel}","templated":true}]}}