{"id":47910,"date":"2026-03-16T10:30:30","date_gmt":"2026-03-16T10:30:30","guid":{"rendered":"https:\/\/marinepartsystem.com\/product\/kompletter-kopfdichtungssatz-fuer-volvo-penta-md40a-tmd40-tamd40-aqd40-3582596\/"},"modified":"2026-03-16T15:41:29","modified_gmt":"2026-03-16T15:41:29","slug":"kompletter-kopfdichtungssatz-fuer-volvo-penta-md40a-tmd40-tamd40-aqd40-3582596","status":"publish","type":"product","link":"https:\/\/wp.marinepartsystem.com\/de\/produkt\/kompletter-kopfdichtungssatz-fuer-volvo-penta-md40a-tmd40-tamd40-aqd40-3582596\/","title":{"rendered":"Kompletter Kopfdichtungssatz f\u00fcr Volvo Penta MD40A \/ TMD40 \/ TAMD40 \/ AQD40 - 3582596"},"content":{"rendered":"<p data-start=\"400\" data-end=\"638\">Dieser komplette Kopfdichtungssatz ist geeignet f\u00fcr mehrere <span class=\"hover:entity-accent entity-underline inline cursor-pointer align-baseline\"><span class=\"whitespace-normal\">Volvo Penta<\/span><\/span> 40er-Serie Schiffsdieselmotoren. Der Satz enth\u00e4lt die notwendigen Dichtungen, Dichtungen und O-Ringe, die beim Ausbau oder Umbau des Zylinderkopfes ben\u00f6tigt werden. <\/p>\n<p data-start=\"640\" data-end=\"808\">Der Austausch der Dichtungen bei der Motor\u00fcberholung gew\u00e4hrleistet die ordnungsgem\u00e4\u00dfe Abdichtung von Zylinderkopf, Ansaug- und Auspuffsystem und verhindert gleichzeitig das Austreten von K\u00fchlmittel, \u00d6l oder Kompressionsfl\u00fcssigkeit.<\/p>\n<p data-start=\"810\" data-end=\"849\">Hochwertiger Ersatz-Dichtungssatz.<\/p>\n<h3 data-section-id=\"10rhvos\" data-start=\"856\" data-end=\"892\"><\/h3>\n<h3 data-section-id=\"10rhvos\" data-start=\"856\" data-end=\"892\">Ersetzt die OEM-Nummern von Volvo Penta<\/h3>\n<p data-start=\"894\" data-end=\"930\">3582596<br data-start=\"901\" data-end=\"904\">875633<br data-start=\"910\" data-end=\"913\">875662<br data-start=\"919\" data-end=\"922\">876395<\/p>\n<p data-start=\"932\" data-end=\"965\">Entsprechende Zylinderkopfdichtungen:<\/p>\n<p data-start=\"967\" data-end=\"984\">859155<br data-start=\"973\" data-end=\"976\">858503<\/p>\n<h3 data-section-id=\"3hpvtr\" data-start=\"991\" data-end=\"1025\"><\/h3>\n<h3 data-section-id=\"3hpvtr\" data-start=\"991\" data-end=\"1025\">Kompatible Volvo Penta-Motoren<\/h3>\n<p data-start=\"1027\" data-end=\"1059\">MD40A<br data-start=\"1032\" data-end=\"1035\">TMD40<br data-start=\"1040\" data-end=\"1043\">TAMD40<br data-start=\"1049\" data-end=\"1052\">AQD40<\/p>\n<h3 data-section-id=\"7kf8h6\" data-start=\"1066\" data-end=\"1082\"><\/h3>\n<h3 data-section-id=\"7kf8h6\" data-start=\"1066\" data-end=\"1082\">Inhalt des Kits<\/h3>\n<p data-start=\"1084\" data-end=\"1355\">Zylinderkopfdichtung<br data-start=\"1104\" data-end=\"1107\">Ventildeckeldichtungen<br data-start=\"1126\" data-end=\"1129\">Wasserpumpendichtungen<br data-start=\"1147\" data-end=\"1150\">Ventilschaftdichtungen<br data-start=\"1166\" data-end=\"1169\">Auspuffkr\u00fcmmerdichtung<br data-start=\"1192\" data-end=\"1195\">Auspuffkr\u00fcmmerdichtung<br data-start=\"1215\" data-end=\"1218\">Turbodichtung<br data-start=\"1230\" data-end=\"1233\">Ansaugkr\u00fcmmerdichtung<br data-start=\"1255\" data-end=\"1258\">O-Ringe und Dichtungen f\u00fcr W\u00e4rmetauscher<br data-start=\"1292\" data-end=\"1295\">Dichtungssatz f\u00fcr das Kraftstoffsystem<br data-start=\"1318\" data-end=\"1321\">Verschiedene O-Ringe und Gummidichtungen<\/p>\n<p data-start=\"1607\" data-end=\"1707\" data-is-last-node=\"\" data-is-only-node=\"\"><strong>Fragen zur Kompatibilit\u00e4t oder zu Volvo Penta Motorenteilen? Unsere Marinespezialisten helfen Ihnen gerne weiter.<\/strong><\/p>\n","protected":false},"excerpt":{"rendered":"<p>Dieser komplette Kopfdichtungssatz ist geeignet f\u00fcr mehrere Volvo Penta 40er-Serie Schiffsdieselmotoren. Der Satz enth\u00e4lt die notwendigen Dichtungen, Dichtungen und O-Ringe, die beim Ausbau oder Umbau des Zylinderkopfes ben\u00f6tigt werden. Der Austausch der Dichtungen bei der Motor\u00fcberholung gew\u00e4hrleistet die ordnungsgem\u00e4\u00dfe Abdichtung von Zylinderkopf, Ansaug- und Auspuffsystem und verhindert gleichzeitig das Austreten von K\u00fchlmittel, \u00d6l oder Kompressionsfl\u00fcssigkeit. [&hellip;]<\/p>\n","protected":false},"featured_media":47911,"comment_status":"open","ping_status":"closed","template":"","meta":[],"product_brand":[4230],"product_cat":[4488,2498,3037,3038,4308],"product_tag":[],"class_list":{"0":"post-47910","1":"product","2":"type-product","3":"status-publish","4":"has-post-thumbnail","6":"product_brand-volvo-penta","7":"product_cat-brauchen-sie-volvo-penta-teile","8":"product_cat-ersatzteile-fur-motoren","9":"product_cat-kits-fur-wartung-und-reparatur","10":"product_cat-motor-dichtungen","11":"product_cat-volvo-penta","12":"pa_condition-neu","13":"pa_model-aqd40","14":"pa_model-md40","15":"pa_model-tamd40","16":"pa_model-tmd40","17":"pa_oem-or-aftermarket-aftermarket","19":"first","20":"onbackorder","21":"taxable","22":"shipping-taxable","23":"purchasable","24":"product-type-simple"},"supplier_id":7294,"supplier_sku":"REC3582596","barcode":"https:\/\/wp.marinepartsystem.com\/product\/volvo-penta-head-gasket-set-3582596\/","atum_controlled":true,"out_stock_date":"2026-03-16 10:30:36","out_stock_threshold":null,"inheritable":false,"inbound_stock":0,"stock_on_hold":0,"sold_today":0,"sales_last_days":0,"reserved_stock":0,"customer_returns":0,"warehouse_damage":0,"lost_in_post":0,"other_logs":0,"out_stock_days":8,"lost_sales":0,"has_location":false,"update_date":"2026-03-24T10:59:36","atum_locations":[],"atum_stock_status":"onbackorder","restock_status":false,"low_stock_amount":1,"sales_update_date":"2026-03-24T10:59:36","calc_backorders":null,"_links":{"self":[{"href":"https:\/\/wp.marinepartsystem.com\/de\/wp-json\/wp\/v2\/product\/47910","targetHints":{"allow":["GET"]}}],"collection":[{"href":"https:\/\/wp.marinepartsystem.com\/de\/wp-json\/wp\/v2\/product"}],"about":[{"href":"https:\/\/wp.marinepartsystem.com\/de\/wp-json\/wp\/v2\/types\/product"}],"replies":[{"embeddable":true,"href":"https:\/\/wp.marinepartsystem.com\/de\/wp-json\/wp\/v2\/comments?post=47910"}],"wp:featuredmedia":[{"embeddable":true,"href":"https:\/\/wp.marinepartsystem.com\/de\/wp-json\/wp\/v2\/media\/47911"}],"wp:attachment":[{"href":"https:\/\/wp.marinepartsystem.com\/de\/wp-json\/wp\/v2\/media?parent=47910"}],"wp:term":[{"taxonomy":"product_brand","embeddable":true,"href":"https:\/\/wp.marinepartsystem.com\/de\/wp-json\/wp\/v2\/product_brand?post=47910"},{"taxonomy":"product_cat","embeddable":true,"href":"https:\/\/wp.marinepartsystem.com\/de\/wp-json\/wp\/v2\/product_cat?post=47910"},{"taxonomy":"product_tag","embeddable":true,"href":"https:\/\/wp.marinepartsystem.com\/de\/wp-json\/wp\/v2\/product_tag?post=47910"}],"curies":[{"name":"wp","href":"https:\/\/api.w.org\/{rel}","templated":true}]}}