{"id":47760,"date":"2026-03-06T10:54:16","date_gmt":"2026-03-06T10:54:16","guid":{"rendered":"https:\/\/marinepartsystem.com\/product\/relais-12v-volvo-penta-21400091\/"},"modified":"2026-03-06T10:54:16","modified_gmt":"2026-03-06T10:54:16","slug":"relais-12v-volvo-penta-21400091","status":"publish","type":"product","link":"https:\/\/wp.marinepartsystem.com\/de\/produkt\/relais-12v-volvo-penta-21400091\/","title":{"rendered":"Relais 12V Volvo Penta - 21400091"},"content":{"rendered":"<p data-start=\"342\" data-end=\"578\">Dieses 12-Volt-Relais eignet sich f\u00fcr eine breite Palette von <span class=\"hover:entity-accent entity-underline inline cursor-pointer align-baseline\"><span class=\"whitespace-normal\">Volvo Penta<\/span><\/span> Schiffsmotoren.<\/p>\n<p data-start=\"580\" data-end=\"764\">Ein defektes Relais kann zu Startproblemen f\u00fchren oder dazu, dass elektrische Komponenten nicht richtig funktionieren. Der Austausch eines defekten Relais gew\u00e4hrleistet einen zuverl\u00e4ssigen Betrieb des elektrischen Systems des Motors. <\/p>\n<hr data-start=\"841\" data-end=\"844\">\n<h3 data-section-id=\"v8xwcf\" data-start=\"846\" data-end=\"881\">Ersetzt die Volvo Penta OEM-Nummer<\/h3>\n<p data-start=\"883\" data-end=\"891\">21400091<\/p>\n<hr data-start=\"893\" data-end=\"896\">\n<h3 data-section-id=\"3hpvtr\" data-start=\"898\" data-end=\"932\">Kompatible Volvo Penta-Motoren<\/h3>\n<p data-start=\"934\" data-end=\"982\">Geeignet f\u00fcr viele Volvo Penta-Motoren, darunter:<\/p>\n<p data-start=\"984\" data-end=\"997\"><strong data-start=\"984\" data-end=\"997\">Serie D1<\/strong><\/p>\n<p data-start=\"999\" data-end=\"1076\">D1-13<br data-start=\"1004\" data-end=\"1007\">D1-13B<br data-start=\"1013\" data-end=\"1016\">D1-13F<br data-start=\"1022\" data-end=\"1025\">D1-20<br data-start=\"1030\" data-end=\"1033\">D1-20B<br data-start=\"1039\" data-end=\"1042\">D1-20F<br data-start=\"1048\" data-end=\"1051\">D1-30<br data-start=\"1056\" data-end=\"1059\">D1-30B<br data-start=\"1065\" data-end=\"1068\">D1-30F<\/p>\n<p data-start=\"1078\" data-end=\"1091\"><strong data-start=\"1078\" data-end=\"1091\">Serie D2<\/strong><\/p>\n<p data-start=\"1093\" data-end=\"1224\">D2-40<br data-start=\"1098\" data-end=\"1101\">D2-40B<br data-start=\"1107\" data-end=\"1110\">D2-40F<br data-start=\"1116\" data-end=\"1119\">D2-50F<br data-start=\"1125\" data-end=\"1128\">D2-55<br data-start=\"1133\" data-end=\"1136\">D2-55B<br data-start=\"1142\" data-end=\"1145\">D2-55C<br data-start=\"1151\" data-end=\"1154\">D2-55D<br data-start=\"1160\" data-end=\"1163\">D2-55E<br data-start=\"1169\" data-end=\"1172\">D2-55F<br data-start=\"1178\" data-end=\"1181\">D2-60F<br data-start=\"1187\" data-end=\"1190\">D2-75<br data-start=\"1195\" data-end=\"1198\">D2-75B<br data-start=\"1204\" data-end=\"1207\">D2-75C<br data-start=\"1213\" data-end=\"1216\">D2-75F<\/p>\n<p data-start=\"1226\" data-end=\"1239\"><strong data-start=\"1226\" data-end=\"1239\">D3 Serie<\/strong><\/p>\n<p data-start=\"1241\" data-end=\"1294\">D3-110<br data-start=\"1247\" data-end=\"1250\">D3-140<br data-start=\"1256\" data-end=\"1259\">D3-150<br data-start=\"1265\" data-end=\"1268\">D3-170<br data-start=\"1274\" data-end=\"1277\">D3-200<br data-start=\"1283\" data-end=\"1286\">D3-220<\/p>\n<p data-start=\"1296\" data-end=\"1309\"><strong data-start=\"1296\" data-end=\"1309\">Serie D4<\/strong><\/p>\n<p data-start=\"1311\" data-end=\"1391\">D4-150<br data-start=\"1317\" data-end=\"1320\">D4-175<br data-start=\"1326\" data-end=\"1329\">D4-180<br data-start=\"1335\" data-end=\"1338\">D4-210<br data-start=\"1344\" data-end=\"1347\">D4-225<br data-start=\"1353\" data-end=\"1356\">D4-260<br data-start=\"1362\" data-end=\"1365\">D4-270<br data-start=\"1371\" data-end=\"1374\">D4-300<br data-start=\"1380\" data-end=\"1383\">D4-320<\/p>\n<p data-start=\"1393\" data-end=\"1406\"><strong data-start=\"1393\" data-end=\"1406\">Serie D6<\/strong><\/p>\n<p data-start=\"1408\" data-end=\"1506\">D6-280<br data-start=\"1414\" data-end=\"1417\">D6-300<br data-start=\"1423\" data-end=\"1426\">D6-310<br data-start=\"1432\" data-end=\"1435\">D6-330<br data-start=\"1441\" data-end=\"1444\">D6-340<br data-start=\"1450\" data-end=\"1453\">D6-370<br data-start=\"1459\" data-end=\"1462\">D6-380<br data-start=\"1468\" data-end=\"1471\">D6-400<br data-start=\"1477\" data-end=\"1480\">D6-435<br data-start=\"1486\" data-end=\"1489\">D6-440<br data-start=\"1495\" data-end=\"1498\">D6-480<\/p>\n<p data-start=\"1508\" data-end=\"1538\"><strong data-start=\"1508\" data-end=\"1538\">Gr\u00f6\u00dfere Volvo Penta-Motoren<\/strong><\/p>\n<p data-start=\"1540\" data-end=\"1602\">Serie D8<br data-start=\"1549\" data-end=\"1552\">Serie D9<br data-start=\"1561\" data-end=\"1564\">Serie D11<br data-start=\"1574\" data-end=\"1577\">Serie D13<br data-start=\"1587\" data-end=\"1590\">Serie D16<\/p>\n<p data-start=\"1604\" data-end=\"1696\">Auch f\u00fcr verschiedene Volvo Penta Benzinmotoren der V-Serie und Schiffsantriebe geeignet.<\/p>\n","protected":false},"excerpt":{"rendered":"<p>Dieses 12-Volt-Relais eignet sich f\u00fcr eine breite Palette von Volvo Penta Schiffsmotoren. Ein defektes Relais kann zu Startproblemen f\u00fchren oder dazu, dass elektrische Komponenten nicht richtig funktionieren. Der Austausch eines defekten Relais gew\u00e4hrleistet einen zuverl\u00e4ssigen Betrieb des elektrischen Systems des Motors. Ersetzt die Volvo Penta OEM-Nummer 21400091 Kompatible Volvo Penta-Motoren Geeignet f\u00fcr viele Volvo Penta-Motoren, [&hellip;]<\/p>\n","protected":false},"featured_media":47763,"comment_status":"open","ping_status":"closed","template":"","meta":[],"product_brand":[4230],"product_cat":[4488,4308,4321,4295,4290,4289,4332,4335,4336,4331],"product_tag":[],"class_list":{"0":"post-47760","1":"product","2":"type-product","3":"status-publish","4":"has-post-thumbnail","6":"product_brand-volvo-penta","7":"product_cat-brauchen-sie-volvo-penta-teile","8":"product_cat-volvo-penta","9":"product_cat-volvo-penta-d1-serie","10":"product_cat-volvo-penta-d1-13-teile","11":"product_cat-volvo-penta-d1-20-teile","12":"product_cat-volvo-penta-d1-30-teile","13":"product_cat-volvo-penta-d2-40-teile","14":"product_cat-volvo-penta-d2-55-teile","15":"product_cat-volvo-penta-d2-75-teile","16":"product_cat-volvo-penta-serie-d2","17":"pa_condition-neu","18":"pa_model-d1-13","19":"pa_model-d1-20","20":"pa_model-d1-30","21":"pa_model-d1-30b","22":"pa_model-d1-30f","23":"pa_model-d2-40","24":"pa_model-d2-40b","25":"pa_model-d2-40f","26":"pa_model-d2-50","27":"pa_model-d2-55","28":"pa_model-d2-60","29":"pa_model-d2-75","30":"pa_model-d3-110","31":"pa_model-d3-140","32":"pa_model-d3-150","33":"pa_model-d3-170","34":"pa_model-d3-200","35":"pa_model-d3-220","36":"pa_model-d4-150","37":"pa_model-d4-175","38":"pa_model-d4-180","39":"pa_model-d4-210","40":"pa_model-d4-225","41":"pa_model-d4-260","42":"pa_model-d4-270","43":"pa_model-d4-300","44":"pa_model-d4-320","45":"pa_model-d6-280","46":"pa_model-d6-300","47":"pa_model-d6-310","48":"pa_model-d6-330","49":"pa_model-d6-340","50":"pa_model-d6-370","51":"pa_model-d6-380","52":"pa_model-d6-400","53":"pa_model-d6-435","54":"pa_model-d6-440","55":"pa_model-d6-480","56":"pa_oem-or-aftermarket-aftermarket","58":"first","59":"instock","60":"taxable","61":"shipping-taxable","62":"purchasable","63":"product-type-simple"},"supplier_id":7294,"supplier_sku":"REC21400091","barcode":null,"atum_controlled":true,"out_stock_date":null,"out_stock_threshold":null,"inheritable":false,"inbound_stock":0,"stock_on_hold":0,"sold_today":0,"sales_last_days":0,"reserved_stock":0,"customer_returns":0,"warehouse_damage":0,"lost_in_post":0,"other_logs":0,"out_stock_days":0,"lost_sales":0,"has_location":false,"update_date":"2026-03-24T10:59:37","atum_locations":[],"atum_stock_status":"instock","restock_status":false,"low_stock_amount":0,"sales_update_date":"2026-03-24T10:59:37","calc_backorders":null,"_links":{"self":[{"href":"https:\/\/wp.marinepartsystem.com\/de\/wp-json\/wp\/v2\/product\/47760","targetHints":{"allow":["GET"]}}],"collection":[{"href":"https:\/\/wp.marinepartsystem.com\/de\/wp-json\/wp\/v2\/product"}],"about":[{"href":"https:\/\/wp.marinepartsystem.com\/de\/wp-json\/wp\/v2\/types\/product"}],"replies":[{"embeddable":true,"href":"https:\/\/wp.marinepartsystem.com\/de\/wp-json\/wp\/v2\/comments?post=47760"}],"wp:featuredmedia":[{"embeddable":true,"href":"https:\/\/wp.marinepartsystem.com\/de\/wp-json\/wp\/v2\/media\/47763"}],"wp:attachment":[{"href":"https:\/\/wp.marinepartsystem.com\/de\/wp-json\/wp\/v2\/media?parent=47760"}],"wp:term":[{"taxonomy":"product_brand","embeddable":true,"href":"https:\/\/wp.marinepartsystem.com\/de\/wp-json\/wp\/v2\/product_brand?post=47760"},{"taxonomy":"product_cat","embeddable":true,"href":"https:\/\/wp.marinepartsystem.com\/de\/wp-json\/wp\/v2\/product_cat?post=47760"},{"taxonomy":"product_tag","embeddable":true,"href":"https:\/\/wp.marinepartsystem.com\/de\/wp-json\/wp\/v2\/product_tag?post=47760"}],"curies":[{"name":"wp","href":"https:\/\/api.w.org\/{rel}","templated":true}]}}