{"id":46847,"date":"2026-01-30T12:06:45","date_gmt":"2026-01-30T12:06:45","guid":{"rendered":"https:\/\/marinepartsystem.com\/product\/volvo-penta-impeller-pumpendeckel-dichtung-840385\/"},"modified":"2026-01-30T12:06:45","modified_gmt":"2026-01-30T12:06:45","slug":"volvo-penta-impeller-pumpendeckel-dichtung-840385","status":"publish","type":"product","link":"https:\/\/wp.marinepartsystem.com\/de\/produkt\/volvo-penta-impeller-pumpendeckel-dichtung-840385\/","title":{"rendered":"Volvo Penta Impeller Pumpendeckel Dichtung 840385"},"content":{"rendered":"<p data-start=\"432\" data-end=\"698\">Die <strong data-start=\"436\" data-end=\"487\">Volvo Penta Impeller-Pumpenabdeckungsdichtung (840385<\/strong> ) wurde entwickelt, um eine zuverl\u00e4ssige, wasserdichte Abdichtung <strong data-start=\"539\" data-end=\"595\">zwischen dem Impeller-Pumpenabdeckung und dem Pumpengeh\u00e4use<\/strong> zu gew\u00e4hrleisten.<\/p>\n<h2 data-start=\"939\" data-end=\"956\">Produkttyp<\/h2>\n<p data-start=\"957\" data-end=\"987\">Dichtung <strong data-start=\"971\" data-end=\"980\">Impeller-Pumpenabdeckung<\/strong> <\/p>\n<h2 data-start=\"994\" data-end=\"1033\">Volvo Penta OEM \/ Referenznummer<\/h2>\n<ul data-start=\"1034\" data-end=\"1046\">\n<li data-start=\"1034\" data-end=\"1046\">\n<p data-start=\"1036\" data-end=\"1046\">840385<\/p>\n<\/li>\n<\/ul>\n<h2 data-start=\"1053\" data-end=\"1079\">Installationsort<\/h2>\n<p data-start=\"1080\" data-end=\"1136\">Zwischen dem <strong data-start=\"1092\" data-end=\"1115\">Impeller-Pumpendeckel<\/strong> und dem Pumpengeh\u00e4use<\/p>\n<h2 data-start=\"1143\" data-end=\"1161\">Kompatibilit\u00e4t<\/h2>\n<p data-start=\"1163\" data-end=\"1228\"><strong data-start=\"1163\" data-end=\"1226\">Geeignet f\u00fcr <span class=\"hover:entity-accent entity-underline inline cursor-pointer align-baseline\"><span class=\"whitespace-normal\">Volvo Penta<\/span><\/span> Motoren:<\/strong><\/p>\n<h3 data-start=\"1230\" data-end=\"1245\">MD-Serie<\/h3>\n<ul data-start=\"1246\" data-end=\"1355\">\n<li data-start=\"1246\" data-end=\"1260\">\n<p data-start=\"1248\" data-end=\"1260\">MD2010<\/p>\n<\/li>\n<li data-start=\"1261\" data-end=\"1275\">\n<p data-start=\"1263\" data-end=\"1275\">MD2020<\/p>\n<\/li>\n<li data-start=\"1276\" data-end=\"1303\">\n<p data-start=\"1278\" data-end=\"1303\">MD2030<\/p>\n<\/li>\n<li data-start=\"1304\" data-end=\"1331\">\n<p data-start=\"1306\" data-end=\"1331\">MD2040<\/p>\n<\/li>\n<li data-start=\"1304\" data-end=\"1331\">\n<p data-start=\"1306\" data-end=\"1331\">MD17<\/p>\n<\/li>\n<li data-start=\"1345\" data-end=\"1355\">\n<p data-start=\"1347\" data-end=\"1355\">MD11<\/p>\n<\/li>\n<\/ul>\n<h3 data-start=\"1357\" data-end=\"1372\">Serie D1<\/h3>\n<ul data-start=\"1373\" data-end=\"1451\">\n<li data-start=\"1373\" data-end=\"1399\">\n<p data-start=\"1375\" data-end=\"1399\">D1-13<\/p>\n<\/li>\n<li data-start=\"1400\" data-end=\"1426\">\n<p data-start=\"1402\" data-end=\"1426\">D1-20<\/p>\n<\/li>\n<li data-start=\"1427\" data-end=\"1451\">\n<p data-start=\"1429\" data-end=\"1451\">D1-30<\/p>\n<\/li>\n<\/ul>\n<h3 data-start=\"1453\" data-end=\"1468\">Serie D2<\/h3>\n<ul data-start=\"1469\" data-end=\"1601\">\n<li data-start=\"1469\" data-end=\"1495\">\n<p data-start=\"1471\" data-end=\"1495\">D2-40<\/p>\n<\/li>\n<li data-start=\"1496\" data-end=\"1522\">\n<p data-start=\"1498\" data-end=\"1522\">D2-50<\/p>\n<\/li>\n<li data-start=\"1523\" data-end=\"1549\">\n<p data-start=\"1525\" data-end=\"1549\">D2-55<\/p>\n<\/li>\n<li data-start=\"1550\" data-end=\"1576\">\n<p data-start=\"1552\" data-end=\"1576\">D2-60<\/p>\n<\/li>\n<li data-start=\"1577\" data-end=\"1601\">\n<p data-start=\"1579\" data-end=\"1601\">D2-75<\/p>\n<\/li>\n<\/ul>\n","protected":false},"excerpt":{"rendered":"<p>Die Volvo Penta Impeller-Pumpenabdeckungsdichtung (840385 ) wurde entwickelt, um eine zuverl\u00e4ssige, wasserdichte Abdichtung zwischen dem Impeller-Pumpenabdeckung und dem Pumpengeh\u00e4use zu gew\u00e4hrleisten. Produkttyp Dichtung Impeller-Pumpenabdeckung Volvo Penta OEM \/ Referenznummer 840385 Installationsort Zwischen dem Impeller-Pumpendeckel und dem Pumpengeh\u00e4use Kompatibilit\u00e4t Geeignet f\u00fcr Volvo Penta Motoren: MD-Serie MD2010 MD2020 MD2030 MD2040 MD17 MD11 Serie D1 D1-13 D1-20 D1-30 [&hellip;]<\/p>\n","protected":false},"featured_media":46848,"comment_status":"open","ping_status":"closed","template":"","meta":[],"product_brand":[4230],"product_cat":[4488,2498,3037,4308,4321,4295,4290,4289,4332,4335,4336,4309,4366,4369,4310,4312,4316,4318,4331,3215],"product_tag":[],"class_list":{"0":"post-46847","1":"product","2":"type-product","3":"status-publish","4":"has-post-thumbnail","6":"product_brand-volvo-penta","7":"product_cat-brauchen-sie-volvo-penta-teile","8":"product_cat-ersatzteile-fur-motoren","9":"product_cat-kits-fur-wartung-und-reparatur","10":"product_cat-volvo-penta","11":"product_cat-volvo-penta-d1-serie","12":"product_cat-volvo-penta-d1-13-teile","13":"product_cat-volvo-penta-d1-20-teile","14":"product_cat-volvo-penta-d1-30-teile","15":"product_cat-volvo-penta-d2-40-teile","16":"product_cat-volvo-penta-d2-55-teile","17":"product_cat-volvo-penta-d2-75-teile","18":"product_cat-volvo-penta-md-serie","19":"product_cat-volvo-penta-md11","20":"product_cat-volvo-penta-md17","21":"product_cat-volvo-penta-md2010-teile","22":"product_cat-volvo-penta-md2020-teile","23":"product_cat-volvo-penta-md2030-teile","24":"product_cat-volvo-penta-md2040-teile","25":"product_cat-volvo-penta-serie-d2","26":"product_cat-wasserpumpen-teile","27":"pa_condition-neu","28":"pa_model-d1-13","29":"pa_model-d1-20","30":"pa_model-d1-30","31":"pa_model-d1-30b","32":"pa_model-d1-30f","33":"pa_model-d2-40","34":"pa_model-d2-40b","35":"pa_model-d2-40f","36":"pa_model-d2-50","37":"pa_model-d2-55","38":"pa_model-d2-60","39":"pa_model-d2-75","40":"pa_model-md11","41":"pa_model-md11c","42":"pa_model-md11d","43":"pa_model-md17","44":"pa_model-md17c","45":"pa_model-md17d","46":"pa_model-md2010","47":"pa_model-md2020","48":"pa_model-md2030","49":"pa_model-md2040","50":"pa_oem-or-aftermarket-aftermarket","52":"first","53":"instock","54":"taxable","55":"shipping-taxable","56":"purchasable","57":"product-type-simple"},"supplier_id":7294,"supplier_sku":"REC840385","barcode":null,"atum_controlled":true,"out_stock_date":null,"out_stock_threshold":null,"inheritable":false,"inbound_stock":0,"stock_on_hold":0,"sold_today":0,"sales_last_days":0,"reserved_stock":0,"customer_returns":0,"warehouse_damage":0,"lost_in_post":0,"other_logs":0,"out_stock_days":0,"lost_sales":0,"has_location":false,"update_date":"2026-04-20T12:51:57","atum_locations":[],"atum_stock_status":"instock","restock_status":false,"low_stock_amount":0,"sales_update_date":"2026-04-20T12:51:57","calc_backorders":0,"_links":{"self":[{"href":"https:\/\/wp.marinepartsystem.com\/de\/wp-json\/wp\/v2\/product\/46847","targetHints":{"allow":["GET"]}}],"collection":[{"href":"https:\/\/wp.marinepartsystem.com\/de\/wp-json\/wp\/v2\/product"}],"about":[{"href":"https:\/\/wp.marinepartsystem.com\/de\/wp-json\/wp\/v2\/types\/product"}],"replies":[{"embeddable":true,"href":"https:\/\/wp.marinepartsystem.com\/de\/wp-json\/wp\/v2\/comments?post=46847"}],"wp:featuredmedia":[{"embeddable":true,"href":"https:\/\/wp.marinepartsystem.com\/de\/wp-json\/wp\/v2\/media\/46848"}],"wp:attachment":[{"href":"https:\/\/wp.marinepartsystem.com\/de\/wp-json\/wp\/v2\/media?parent=46847"}],"wp:term":[{"taxonomy":"product_brand","embeddable":true,"href":"https:\/\/wp.marinepartsystem.com\/de\/wp-json\/wp\/v2\/product_brand?post=46847"},{"taxonomy":"product_cat","embeddable":true,"href":"https:\/\/wp.marinepartsystem.com\/de\/wp-json\/wp\/v2\/product_cat?post=46847"},{"taxonomy":"product_tag","embeddable":true,"href":"https:\/\/wp.marinepartsystem.com\/de\/wp-json\/wp\/v2\/product_tag?post=46847"}],"curies":[{"name":"wp","href":"https:\/\/api.w.org\/{rel}","templated":true}]}}