{"id":46531,"date":"2026-01-21T08:50:58","date_gmt":"2026-01-21T08:50:58","guid":{"rendered":"https:\/\/marinepartsystem.com\/product\/yanmar-turbolader-4jh3-4jh4-4jh80-4jh110-129671-18001\/"},"modified":"2026-01-21T08:50:58","modified_gmt":"2026-01-21T08:50:58","slug":"yanmar-turbolader-4jh3-4jh4-4jh80-4jh110-129671-18001","status":"publish","type":"product","link":"https:\/\/marinepartsystem.com\/de\/produkt\/yanmar-turbolader-4jh3-4jh4-4jh80-4jh110-129671-18001","title":{"rendered":"Yanmar Turbolader | 4JH3 \/ 4JH4 \/ 4JH80 \/ 4JH110 | 129671-18001"},"content":{"rendered":"<p data-start=\"511\" data-end=\"803\">Der <strong data-start=\"515\" data-end=\"553\">Yanmar Turbolader (129671-18001)<\/strong> ist ein hochwertiger <strong data-start=\"572\" data-end=\"599\">Ersatz f\u00fcr<\/strong> eine Vielzahl von <strong data-start=\"629\" data-end=\"672\">Yanmar Dieselmotoren der 4JH-Serie<\/strong>. Dieser Turbolader stellt den korrekten Ladedruck, die Motorleistung und die Kraftstoffeffizienz wieder her, wenn Sie eine verschlissene oder besch\u00e4digte Einheit ersetzen. <\/p>\n<p data-start=\"805\" data-end=\"1021\">Dieser Turbolader wird nach OEM-\u00e4quivalenten Spezifikationen hergestellt und bietet zuverl\u00e4ssige Leistung und Passgenauigkeit. <strong data-start=\"920\" data-end=\"950\">Der Dichtungssatz ist nicht im Lieferumfang enthalten<\/strong> und muss separat bestellt werden.<\/p>\n<h2 data-start=\"1028\" data-end=\"1045\">Produkttyp<\/h2>\n<p data-start=\"1046\" data-end=\"1058\">Turbolader<\/p>\n<h2 data-start=\"1065\" data-end=\"1093\">OEM \/ Referenz-Nummern<\/h2>\n<p data-start=\"1094\" data-end=\"1139\">Ersetzt die folgenden Yanmar-Teilenummern:<\/p>\n<ul data-start=\"1140\" data-end=\"1210\">\n<li data-start=\"1140\" data-end=\"1160\">\n<p data-start=\"1142\" data-end=\"1160\">129671-18001<\/p>\n<\/li>\n<li data-start=\"1161\" data-end=\"1181\">\n<p data-start=\"1163\" data-end=\"1181\">129671-11700<\/p>\n<\/li>\n<\/ul>\n<h2 data-start=\"1338\" data-end=\"1356\">Kompatibilit\u00e4t<\/h2>\n<p data-start=\"1358\" data-end=\"1423\"><strong data-start=\"1358\" data-end=\"1421\">Geeignet f\u00fcr <span class=\"hover:entity-accent entity-underline inline cursor-pointer align-baseline\"><span class=\"whitespace-normal\">Yanmar<\/span><\/span> Motoren:<\/strong><\/p>\n<h3 data-start=\"1425\" data-end=\"1442\">4JH3-T \/ TE, 4JH3T&amp;TE, 4JH3-T&amp;TE<\/h3>\n","protected":false},"excerpt":{"rendered":"<p>Der Yanmar Turbolader (129671-18001) ist ein hochwertiger Ersatz f\u00fcr eine Vielzahl von Yanmar Dieselmotoren der 4JH-Serie. Dieser Turbolader stellt den korrekten Ladedruck, die Motorleistung und die Kraftstoffeffizienz wieder her, wenn Sie eine verschlissene oder besch\u00e4digte Einheit ersetzen. Dieser Turbolader wird nach OEM-\u00e4quivalenten Spezifikationen hergestellt und bietet zuverl\u00e4ssige Leistung und Passgenauigkeit. Der Dichtungssatz ist nicht im [&hellip;]<\/p>\n","protected":false},"featured_media":46533,"comment_status":"open","ping_status":"closed","template":"","meta":[],"product_brand":[4236],"product_cat":[2532],"product_tag":[],"class_list":{"0":"post-46531","1":"product","2":"type-product","3":"status-publish","4":"has-post-thumbnail","6":"product_brand-yanmar","7":"product_cat-motorenteile","8":"pa_condition-neu","9":"pa_oem-or-aftermarket-aftermarket","11":"first","12":"onbackorder","13":"taxable","14":"shipping-taxable","15":"purchasable","16":"product-type-simple"},"supplier_id":7294,"supplier_sku":"REC129671-18001","barcode":null,"atum_controlled":true,"out_stock_date":"2026-01-21 08:51:03","out_stock_threshold":null,"inheritable":false,"inbound_stock":0,"stock_on_hold":0,"sold_today":0,"sales_last_days":0,"reserved_stock":0,"customer_returns":0,"warehouse_damage":0,"lost_in_post":0,"other_logs":0,"out_stock_days":95,"lost_sales":0,"has_location":false,"update_date":"2026-04-26T20:04:23","atum_locations":[],"atum_stock_status":"onbackorder","restock_status":false,"low_stock_amount":0,"sales_update_date":"2026-04-26T20:04:23","calc_backorders":null,"_links":{"self":[{"href":"https:\/\/wp.marinepartsystem.com\/de\/wp-json\/wp\/v2\/product\/46531","targetHints":{"allow":["GET"]}}],"collection":[{"href":"https:\/\/wp.marinepartsystem.com\/de\/wp-json\/wp\/v2\/product"}],"about":[{"href":"https:\/\/wp.marinepartsystem.com\/de\/wp-json\/wp\/v2\/types\/product"}],"replies":[{"embeddable":true,"href":"https:\/\/wp.marinepartsystem.com\/de\/wp-json\/wp\/v2\/comments?post=46531"}],"wp:featuredmedia":[{"embeddable":true,"href":"https:\/\/wp.marinepartsystem.com\/de\/wp-json\/wp\/v2\/media\/46533"}],"wp:attachment":[{"href":"https:\/\/wp.marinepartsystem.com\/de\/wp-json\/wp\/v2\/media?parent=46531"}],"wp:term":[{"taxonomy":"product_brand","embeddable":true,"href":"https:\/\/wp.marinepartsystem.com\/de\/wp-json\/wp\/v2\/product_brand?post=46531"},{"taxonomy":"product_cat","embeddable":true,"href":"https:\/\/wp.marinepartsystem.com\/de\/wp-json\/wp\/v2\/product_cat?post=46531"},{"taxonomy":"product_tag","embeddable":true,"href":"https:\/\/wp.marinepartsystem.com\/de\/wp-json\/wp\/v2\/product_tag?post=46531"}],"curies":[{"name":"wp","href":"https:\/\/api.w.org\/{rel}","templated":true}]}}