{"id":46389,"date":"2026-01-16T12:53:47","date_gmt":"2026-01-16T12:53:47","guid":{"rendered":"https:\/\/marinepartsystem.com\/product\/yanmar-gluehkerze-2ym-3ym-serie-119717-77801\/"},"modified":"2026-01-16T12:53:47","modified_gmt":"2026-01-16T12:53:47","slug":"yanmar-gluehkerze-2ym-3ym-serie-119717-77801","status":"publish","type":"product","link":"https:\/\/wp.marinepartsystem.com\/de\/produkt\/yanmar-gluehkerze-2ym-3ym-serie-119717-77801\/","title":{"rendered":"Yanmar Gl\u00fchkerze 2YM \/ 3YM Serie - 119717-77801"},"content":{"rendered":"<p data-start=\"417\" data-end=\"662\">Die <strong data-start=\"421\" data-end=\"456\">Yanmar Gl\u00fchkerze (119717-77801)<\/strong> wurde entwickelt, um einen zuverl\u00e4ssigen Kaltstart von <strong data-start=\"505\" data-end=\"549\">Yanmar 2YM und 3YM Schiffsdieselmotoren<\/strong> zu gew\u00e4hrleisten. Die Doppelspulen-Konstruktion sorgt f\u00fcr ein schnelles Aufheizen und eine stabile Leistung und verbessert die Verbrennung beim Motorstart. <\/p>\n<p data-start=\"664\" data-end=\"819\">Diese Gl\u00fchkerze wird nach OEM-\u00e4quivalenten Spezifikationen hergestellt und bietet eine genaue Passform, eine lange Lebensdauer und einen zuverl\u00e4ssigen Betrieb unter maritimen Bedingungen.<\/p>\n<h2 data-start=\"826\" data-end=\"843\">Produkttyp<\/h2>\n<p data-start=\"844\" data-end=\"853\">Gl\u00fchkerze<\/p>\n<h2 data-start=\"860\" data-end=\"887\">OEM \/ Referenznummer<\/h2>\n<ul data-start=\"888\" data-end=\"906\">\n<li data-start=\"888\" data-end=\"906\">\n<p data-start=\"890\" data-end=\"906\">119717-77801<\/p>\n<\/li>\n<\/ul>\n<h2 data-start=\"913\" data-end=\"940\">Produkt Spezifikationen<\/h2>\n<ul data-start=\"941\" data-end=\"1124\">\n<li data-start=\"941\" data-end=\"964\">\n<p data-start=\"943\" data-end=\"964\"><strong data-start=\"943\" data-end=\"955\">Spannung:<\/strong> 10,5 V<\/p>\n<\/li>\n<li data-start=\"965\" data-end=\"988\">\n<p data-start=\"967\" data-end=\"988\"><strong data-start=\"967\" data-end=\"976\">Typ:<\/strong> Doppelspule<\/p>\n<\/li>\n<li data-start=\"989\" data-end=\"1011\">\n<p data-start=\"991\" data-end=\"1011\"><strong data-start=\"991\" data-end=\"1006\">Anschluss:<\/strong> M4<\/p>\n<\/li>\n<li data-start=\"1012\" data-end=\"1043\">\n<p data-start=\"1014\" data-end=\"1043\"><strong data-start=\"1014\" data-end=\"1030\">Gewindegr\u00f6\u00dfe:<\/strong> M10 \u00d7 1.25<\/p>\n<\/li>\n<li data-start=\"1044\" data-end=\"1065\">\n<p data-start=\"1046\" data-end=\"1065\"><strong data-start=\"1046\" data-end=\"1057\">L\u00e4nge:<\/strong> 68 mm<\/p>\n<\/li>\n<li data-start=\"1066\" data-end=\"1099\">\n<p data-start=\"1068\" data-end=\"1099\"><strong data-start=\"1068\" data-end=\"1091\">Einbautiefe:<\/strong> 18 mm<\/p>\n<\/li>\n<li data-start=\"1100\" data-end=\"1124\">\n<p data-start=\"1102\" data-end=\"1124\"><strong data-start=\"1102\" data-end=\"1116\">Schl\u00fcsselweite:<\/strong> 12 mm<\/p>\n<\/li>\n<\/ul>\n<h2 data-start=\"1131\" data-end=\"1149\">Kompatibilit\u00e4t<\/h2>\n<p data-start=\"1151\" data-end=\"1216\"><strong data-start=\"1151\" data-end=\"1214\">Geeignet f\u00fcr <span class=\"hover:entity-accent entity-underline inline cursor-pointer align-baseline\"><span class=\"whitespace-normal\">Yanmar<\/span><\/span> Motoren:<\/strong><\/p>\n<ul data-start=\"1217\" data-end=\"1302\">\n<li data-start=\"1217\" data-end=\"1230\">\n<p data-start=\"1219\" data-end=\"1230\">2YM15<\/p>\n<\/li>\n<li data-start=\"1231\" data-end=\"1244\">\n<p data-start=\"1233\" data-end=\"1244\">3YM20<\/p>\n<\/li>\n<li data-start=\"1245\" data-end=\"1259\">\n<p data-start=\"1247\" data-end=\"1259\">3YM27A<\/p>\n<\/li>\n<li data-start=\"1260\" data-end=\"1273\">\n<p data-start=\"1262\" data-end=\"1273\">3YM30<\/p>\n<\/li>\n<li data-start=\"1274\" data-end=\"1289\">\n<p data-start=\"1276\" data-end=\"1289\">3YM30AE<\/p>\n<\/li>\n<li data-start=\"1290\" data-end=\"1302\">\n<p data-start=\"1292\" data-end=\"1302\">3YM30R<\/p>\n<\/li>\n<\/ul>\n","protected":false},"excerpt":{"rendered":"<p>Die Yanmar Gl\u00fchkerze (119717-77801) wurde entwickelt, um einen zuverl\u00e4ssigen Kaltstart von Yanmar 2YM und 3YM Schiffsdieselmotoren zu gew\u00e4hrleisten. Die Doppelspulen-Konstruktion sorgt f\u00fcr ein schnelles Aufheizen und eine stabile Leistung und verbessert die Verbrennung beim Motorstart. Diese Gl\u00fchkerze wird nach OEM-\u00e4quivalenten Spezifikationen hergestellt und bietet eine genaue Passform, eine lange Lebensdauer und einen zuverl\u00e4ssigen Betrieb unter [&hellip;]<\/p>\n","protected":false},"featured_media":46390,"comment_status":"open","ping_status":"closed","template":"","meta":[],"product_brand":[4236],"product_cat":[2498,4441],"product_tag":[],"class_list":{"0":"post-46389","1":"product","2":"type-product","3":"status-publish","4":"has-post-thumbnail","6":"product_brand-yanmar","7":"product_cat-ersatzteile-fur-motoren","8":"product_cat-yanmar","9":"pa_condition-neu","10":"pa_model-2ym15","11":"pa_model-2ym20","12":"pa_model-3ym20","13":"pa_model-3ym27","14":"pa_model-3ym30","15":"pa_oem-or-aftermarket-aftermarket","17":"first","18":"instock","19":"taxable","20":"shipping-taxable","21":"purchasable","22":"product-type-simple"},"supplier_id":7294,"supplier_sku":"REC119717-77801","barcode":null,"atum_controlled":true,"out_stock_date":null,"out_stock_threshold":null,"inheritable":false,"inbound_stock":0,"stock_on_hold":0,"sold_today":0,"sales_last_days":0,"reserved_stock":0,"customer_returns":0,"warehouse_damage":0,"lost_in_post":0,"other_logs":0,"out_stock_days":0,"lost_sales":0,"has_location":false,"update_date":"2026-03-05T15:28:14","atum_locations":[],"atum_stock_status":"instock","restock_status":false,"low_stock_amount":0,"sales_update_date":"2026-03-05T15:28:14","calc_backorders":null,"_links":{"self":[{"href":"https:\/\/wp.marinepartsystem.com\/de\/wp-json\/wp\/v2\/product\/46389","targetHints":{"allow":["GET"]}}],"collection":[{"href":"https:\/\/wp.marinepartsystem.com\/de\/wp-json\/wp\/v2\/product"}],"about":[{"href":"https:\/\/wp.marinepartsystem.com\/de\/wp-json\/wp\/v2\/types\/product"}],"replies":[{"embeddable":true,"href":"https:\/\/wp.marinepartsystem.com\/de\/wp-json\/wp\/v2\/comments?post=46389"}],"wp:featuredmedia":[{"embeddable":true,"href":"https:\/\/wp.marinepartsystem.com\/de\/wp-json\/wp\/v2\/media\/46390"}],"wp:attachment":[{"href":"https:\/\/wp.marinepartsystem.com\/de\/wp-json\/wp\/v2\/media?parent=46389"}],"wp:term":[{"taxonomy":"product_brand","embeddable":true,"href":"https:\/\/wp.marinepartsystem.com\/de\/wp-json\/wp\/v2\/product_brand?post=46389"},{"taxonomy":"product_cat","embeddable":true,"href":"https:\/\/wp.marinepartsystem.com\/de\/wp-json\/wp\/v2\/product_cat?post=46389"},{"taxonomy":"product_tag","embeddable":true,"href":"https:\/\/wp.marinepartsystem.com\/de\/wp-json\/wp\/v2\/product_tag?post=46389"}],"curies":[{"name":"wp","href":"https:\/\/api.w.org\/{rel}","templated":true}]}}