{"id":46224,"date":"2026-01-14T14:02:02","date_gmt":"2026-01-14T14:02:02","guid":{"rendered":"https:\/\/marinepartsystem.com\/product\/volvo-penta-pleuellager-satz-0-030%e2%80%b3-875303\/"},"modified":"2026-01-14T14:02:02","modified_gmt":"2026-01-14T14:02:02","slug":"volvo-penta-pleuellager-satz-0-030%e2%80%b3-875303","status":"publish","type":"product","link":"https:\/\/wp.marinepartsystem.com\/de\/produkt\/volvo-penta-pleuellager-satz-0-030%e2%80%b3-875303\/","title":{"rendered":"Volvo Penta Pleuellager Satz 0.030\u2033 - 875303"},"content":{"rendered":"<p data-start=\"545\" data-end=\"920\">Das <strong data-start=\"549\" data-end=\"618\">Volvo Penta Pleuellager-Set - 0,030\u2033 \u00dcberma\u00df (875303)<\/strong> ist f\u00fcr die Verwendung in <strong data-start=\"642\" data-end=\"701\">Volvo Penta Dieselmotoren der Serien MD21 und AQD21<\/strong> vorgesehen, bei denen die Kurbelwellenzapfen <strong data-start=\"742\" data-end=\"770\">um 0,030 Zoll nachgeschliffen<\/strong> wurden. Pleuellager sind wichtig f\u00fcr die Aufrechterhaltung des korrekten \u00d6lspiels, die Reduzierung der Reibung und die Gew\u00e4hrleistung eines reibungslosen Betriebs von Kolben und Kurbelwelle. <\/p>\n<p data-start=\"922\" data-end=\"1232\">Dieser <strong data-start=\"927\" data-end=\"958\">Lagersatz mit 0,030\u2033 \u00dcbergr\u00f6\u00dfe<\/strong> ist f\u00fcr professionelle Motor\u00fcberholungen und \u00dcberholungen des unteren Endes gedacht, wenn die Standardlager nicht mehr geeignet sind. Die nach OEM-\u00e4quivalenten Spezifikationen gefertigten Lager bieten exakte Passgenauigkeit, Haltbarkeit und zuverl\u00e4ssige Leistung in anspruchsvollen maritimen Umgebungen. <\/p>\n<h2 data-start=\"1239\" data-end=\"1256\">Produkttyp<\/h2>\n<p data-start=\"1257\" data-end=\"1285\">Pleuellager-Satz<\/p>\n<h2 data-start=\"1292\" data-end=\"1308\">Teilenummer<\/h2>\n<p data-start=\"1309\" data-end=\"1317\">875303<\/p>\n<h2 data-start=\"1324\" data-end=\"1341\">Gr\u00f6\u00dfe des Lagers<\/h2>\n<p data-start=\"1342\" data-end=\"1373\">\u00dcberma\u00df <strong data-start=\"1351\" data-end=\"1371\">0,030\u2033. <\/strong> <\/p>\n<h2 data-start=\"1380\" data-end=\"1398\">Kompatibilit\u00e4t<\/h2>\n<p data-start=\"1399\" data-end=\"1434\">Geeignet f\u00fcr Volvo Penta Motoren:<\/p>\n<ul data-start=\"1435\" data-end=\"1490\">\n<li data-start=\"1435\" data-end=\"1448\">\n<p data-start=\"1437\" data-end=\"1448\"><strong data-start=\"1437\" data-end=\"1446\">MD21A<\/strong><\/p>\n<\/li>\n<li data-start=\"1449\" data-end=\"1462\">\n<p data-start=\"1451\" data-end=\"1462\"><strong data-start=\"1451\" data-end=\"1460\">MD21B<\/strong><\/p>\n<\/li>\n<li data-start=\"1463\" data-end=\"1477\">\n<p data-start=\"1465\" data-end=\"1477\"><strong data-start=\"1465\" data-end=\"1475\">AQD21A<\/strong><\/p>\n<\/li>\n<li data-start=\"1478\" data-end=\"1490\">\n<p data-start=\"1480\" data-end=\"1490\"><strong data-start=\"1480\" data-end=\"1490\">AQD21B<\/strong><\/p>\n<\/li>\n<\/ul>\n","protected":false},"excerpt":{"rendered":"<p>Das Volvo Penta Pleuellager-Set - 0,030\u2033 \u00dcberma\u00df (875303) ist f\u00fcr die Verwendung in Volvo Penta Dieselmotoren der Serien MD21 und AQD21 vorgesehen, bei denen die Kurbelwellenzapfen um 0,030 Zoll nachgeschliffen wurden. Pleuellager sind wichtig f\u00fcr die Aufrechterhaltung des korrekten \u00d6lspiels, die Reduzierung der Reibung und die Gew\u00e4hrleistung eines reibungslosen Betriebs von Kolben und Kurbelwelle. Dieser [&hellip;]<\/p>\n","protected":false},"featured_media":46225,"comment_status":"open","ping_status":"closed","template":"","meta":[],"product_brand":[4230],"product_cat":[2532],"product_tag":[],"class_list":{"0":"post-46224","1":"product","2":"type-product","3":"status-publish","4":"has-post-thumbnail","6":"product_brand-volvo-penta","7":"product_cat-motorenteile","8":"pa_condition-neu","9":"pa_model-aqd21","10":"pa_model-aqd21a","11":"pa_model-aqd21b","12":"pa_model-md21","13":"pa_model-md21a","14":"pa_model-md21b","15":"pa_oem-or-aftermarket-aftermarket","17":"first","18":"onbackorder","19":"taxable","20":"shipping-taxable","21":"purchasable","22":"product-type-simple"},"supplier_id":7294,"supplier_sku":"REC875303","barcode":null,"atum_controlled":true,"out_stock_date":"2026-01-14 14:02:07","out_stock_threshold":null,"inheritable":false,"inbound_stock":null,"stock_on_hold":null,"sold_today":null,"sales_last_days":null,"reserved_stock":null,"customer_returns":null,"warehouse_damage":null,"lost_in_post":null,"other_logs":null,"out_stock_days":0,"lost_sales":null,"has_location":false,"update_date":"2026-01-14T14:02:10","atum_locations":[],"atum_stock_status":"onbackorder","restock_status":false,"low_stock_amount":1,"sales_update_date":null,"calc_backorders":null,"_links":{"self":[{"href":"https:\/\/wp.marinepartsystem.com\/de\/wp-json\/wp\/v2\/product\/46224","targetHints":{"allow":["GET"]}}],"collection":[{"href":"https:\/\/wp.marinepartsystem.com\/de\/wp-json\/wp\/v2\/product"}],"about":[{"href":"https:\/\/wp.marinepartsystem.com\/de\/wp-json\/wp\/v2\/types\/product"}],"replies":[{"embeddable":true,"href":"https:\/\/wp.marinepartsystem.com\/de\/wp-json\/wp\/v2\/comments?post=46224"}],"wp:featuredmedia":[{"embeddable":true,"href":"https:\/\/wp.marinepartsystem.com\/de\/wp-json\/wp\/v2\/media\/46225"}],"wp:attachment":[{"href":"https:\/\/wp.marinepartsystem.com\/de\/wp-json\/wp\/v2\/media?parent=46224"}],"wp:term":[{"taxonomy":"product_brand","embeddable":true,"href":"https:\/\/wp.marinepartsystem.com\/de\/wp-json\/wp\/v2\/product_brand?post=46224"},{"taxonomy":"product_cat","embeddable":true,"href":"https:\/\/wp.marinepartsystem.com\/de\/wp-json\/wp\/v2\/product_cat?post=46224"},{"taxonomy":"product_tag","embeddable":true,"href":"https:\/\/wp.marinepartsystem.com\/de\/wp-json\/wp\/v2\/product_tag?post=46224"}],"curies":[{"name":"wp","href":"https:\/\/api.w.org\/{rel}","templated":true}]}}