{"id":46215,"date":"2026-01-14T13:50:58","date_gmt":"2026-01-14T13:50:58","guid":{"rendered":"https:\/\/marinepartsystem.com\/product\/volvo-penta-hauptkurbelwellen-lagersatz-0-030%e2%80%b3-875307\/"},"modified":"2026-01-14T13:50:58","modified_gmt":"2026-01-14T13:50:58","slug":"volvo-penta-hauptkurbelwellen-lagersatz-0-030%e2%80%b3-875307","status":"publish","type":"product","link":"https:\/\/wp.marinepartsystem.com\/de\/produkt\/volvo-penta-hauptkurbelwellen-lagersatz-0-030%e2%80%b3-875307\/","title":{"rendered":"Volvo Penta Hauptkurbelwellen-Lagersatz 0.030\u2033 - 875307"},"content":{"rendered":"<p data-start=\"508\" data-end=\"850\">Der <strong data-start=\"512\" data-end=\"582\">Volvo Penta Hauptkurbelwellenlagersatz - 0.030\u2033 \u00dcberma\u00df 875307<\/strong> ist f\u00fcr die Verwendung in den Volvo Penta Schiffsdieselmotoren <strong>AQD21A, AQD21B, MD21A<\/strong> vorgesehen, bei denen die Kurbelwellenzapfen <strong data-start=\"680\" data-end=\"708\">um 0,030 Zoll nachgeschliffen<\/strong> wurden. Hauptlager sind kritische Komponenten, die die Kurbelwelle st\u00fctzen, die korrekte Ausrichtung beibehalten und die reibungslose Drehung des Motors unter Last gew\u00e4hrleisten. <\/p>\n<p data-start=\"852\" data-end=\"1170\">Dieser <strong data-start=\"857\" data-end=\"888\">Lagersatz mit 0,030\u2033 \u00dcbergr\u00f6\u00dfe<\/strong> ist f\u00fcr professionelle Motor\u00fcberholungen und \u00dcberholungen des unteren Endes gedacht, wenn Standardlager nicht mehr geeignet sind. Diese nach OEM-\u00e4quivalenten Spezifikationen gefertigten Lager bieten pr\u00e4zises \u00d6lspiel, Haltbarkeit und zuverl\u00e4ssige Leistung in anspruchsvollen maritimen Umgebungen. <\/p>\n<h2 data-start=\"1177\" data-end=\"1194\">Produkttyp<\/h2>\n<p data-start=\"1195\" data-end=\"1224\">Satz Hauptkurbelwellenlager<\/p>\n<h2 data-start=\"1231\" data-end=\"1247\">Teilenummer<\/h2>\n<p data-start=\"1248\" data-end=\"1256\">875307<\/p>\n<h2 data-start=\"1263\" data-end=\"1280\">Gr\u00f6\u00dfe des Lagers<\/h2>\n<p data-start=\"1281\" data-end=\"1312\">\u00dcberma\u00df <strong data-start=\"1290\" data-end=\"1310\">0,030\u2033. <\/strong> <\/p>\n","protected":false},"excerpt":{"rendered":"<p>Der Volvo Penta Hauptkurbelwellenlagersatz - 0.030\u2033 \u00dcberma\u00df 875307 ist f\u00fcr die Verwendung in den Volvo Penta Schiffsdieselmotoren AQD21A, AQD21B, MD21A vorgesehen, bei denen die Kurbelwellenzapfen um 0,030 Zoll nachgeschliffen wurden. Hauptlager sind kritische Komponenten, die die Kurbelwelle st\u00fctzen, die korrekte Ausrichtung beibehalten und die reibungslose Drehung des Motors unter Last gew\u00e4hrleisten. Dieser Lagersatz mit 0,030\u2033 [&hellip;]<\/p>\n","protected":false},"featured_media":46216,"comment_status":"open","ping_status":"closed","template":"","meta":[],"product_brand":[4230],"product_cat":[2532],"product_tag":[],"class_list":{"0":"post-46215","1":"product","2":"type-product","3":"status-publish","4":"has-post-thumbnail","6":"product_brand-volvo-penta","7":"product_cat-motorenteile","8":"pa_condition-neu","9":"pa_model-aqd21","10":"pa_model-aqd21a","11":"pa_model-aqd21b","12":"pa_model-md21","13":"pa_model-md21a","14":"pa_model-md21b","15":"pa_oem-or-aftermarket-aftermarket","17":"first","18":"onbackorder","19":"taxable","20":"shipping-taxable","21":"purchasable","22":"product-type-simple"},"supplier_id":7294,"supplier_sku":"REC875307","barcode":null,"atum_controlled":true,"out_stock_date":"2026-01-14 13:51:02","out_stock_threshold":null,"inheritable":false,"inbound_stock":null,"stock_on_hold":null,"sold_today":null,"sales_last_days":null,"reserved_stock":null,"customer_returns":null,"warehouse_damage":null,"lost_in_post":null,"other_logs":null,"out_stock_days":0,"lost_sales":null,"has_location":false,"update_date":"2026-01-14T13:51:05","atum_locations":[],"atum_stock_status":"onbackorder","restock_status":false,"low_stock_amount":0,"sales_update_date":null,"calc_backorders":null,"_links":{"self":[{"href":"https:\/\/wp.marinepartsystem.com\/de\/wp-json\/wp\/v2\/product\/46215","targetHints":{"allow":["GET"]}}],"collection":[{"href":"https:\/\/wp.marinepartsystem.com\/de\/wp-json\/wp\/v2\/product"}],"about":[{"href":"https:\/\/wp.marinepartsystem.com\/de\/wp-json\/wp\/v2\/types\/product"}],"replies":[{"embeddable":true,"href":"https:\/\/wp.marinepartsystem.com\/de\/wp-json\/wp\/v2\/comments?post=46215"}],"wp:featuredmedia":[{"embeddable":true,"href":"https:\/\/wp.marinepartsystem.com\/de\/wp-json\/wp\/v2\/media\/46216"}],"wp:attachment":[{"href":"https:\/\/wp.marinepartsystem.com\/de\/wp-json\/wp\/v2\/media?parent=46215"}],"wp:term":[{"taxonomy":"product_brand","embeddable":true,"href":"https:\/\/wp.marinepartsystem.com\/de\/wp-json\/wp\/v2\/product_brand?post=46215"},{"taxonomy":"product_cat","embeddable":true,"href":"https:\/\/wp.marinepartsystem.com\/de\/wp-json\/wp\/v2\/product_cat?post=46215"},{"taxonomy":"product_tag","embeddable":true,"href":"https:\/\/wp.marinepartsystem.com\/de\/wp-json\/wp\/v2\/product_tag?post=46215"}],"curies":[{"name":"wp","href":"https:\/\/api.w.org\/{rel}","templated":true}]}}