{"id":46205,"date":"2026-01-14T13:27:18","date_gmt":"2026-01-14T13:27:18","guid":{"rendered":"https:\/\/marinepartsystem.com\/product\/volvo-penta-hauptlagersatz-std-875306-aqd21a-aqd21b-md21a\/"},"modified":"2026-01-14T13:27:18","modified_gmt":"2026-01-14T13:27:18","slug":"volvo-penta-hauptlagersatz-std-875306-aqd21a-aqd21b-md21a","status":"publish","type":"product","link":"https:\/\/wp.marinepartsystem.com\/de\/produkt\/volvo-penta-hauptlagersatz-std-875306-aqd21a-aqd21b-md21a\/","title":{"rendered":"Volvo Penta Hauptlagersatz STD 875306 | AQD21A \/ AQD21B \/ MD21A"},"content":{"rendered":"<p data-start=\"534\" data-end=\"857\">Der <strong data-start=\"538\" data-end=\"590\">Volvo Penta Hauptlagersatz - Standard 875306<\/strong> wurde entwickelt, um eine korrekte Lagerung der Kurbelwelle und einen reibungslosen Motorbetrieb in <strong data-start=\"672\" data-end=\"719\">Volvo Penta Schiffsdieselmotoren der 21er Serie<\/strong> zu gew\u00e4hrleisten.<\/p>\n<p data-start=\"859\" data-end=\"1229\">Dieser <strong data-start=\"864\" data-end=\"904\">Hauptlagersatz in Standardgr\u00f6\u00dfe (STD)<\/strong> ist f\u00fcr Motoren mit Kurbelwellen innerhalb der urspr\u00fcnglichen Werkstoleranzen geeignet. Es ist ideal f\u00fcr die Verwendung bei der \u00dcberholung von Motoren, der \u00dcberholung des unteren Endes oder bei gr\u00f6\u00dferen Wartungsarbeiten. Die nach OEM-\u00e4quivalenten Spezifikationen gefertigten Lager bieten exakte Passgenauigkeit, Langlebigkeit und verl\u00e4ssliche Leistung in anspruchsvollen maritimen Umgebungen.  <\/p>\n<h2 data-start=\"1236\" data-end=\"1253\">Produkttyp<\/h2>\n<p data-start=\"1254\" data-end=\"1272\">Satz Hauptlager<\/p>\n<h2 data-start=\"1279\" data-end=\"1295\">Teilenummer<\/h2>\n<p data-start=\"1296\" data-end=\"1304\">875306<\/p>\n<h2 data-start=\"1311\" data-end=\"1328\">Gr\u00f6\u00dfe des Lagers<\/h2>\n<p data-start=\"1329\" data-end=\"1343\">Standard (STD)<\/p>\n<h2 data-start=\"1350\" data-end=\"1368\">Kompatibilit\u00e4t<\/h2>\n<p data-start=\"1369\" data-end=\"1404\">Geeignet f\u00fcr Volvo Penta Motoren:<\/p>\n<ul data-start=\"1405\" data-end=\"1446\">\n<li data-start=\"1405\" data-end=\"1419\">\n<p data-start=\"1407\" data-end=\"1419\"><strong data-start=\"1407\" data-end=\"1417\">AQD21A<\/strong><\/p>\n<\/li>\n<li data-start=\"1420\" data-end=\"1434\">\n<p data-start=\"1422\" data-end=\"1434\"><strong data-start=\"1422\" data-end=\"1432\">AQD21B<\/strong><\/p>\n<\/li>\n<li data-start=\"1435\" data-end=\"1446\">\n<p data-start=\"1437\" data-end=\"1446\"><strong data-start=\"1437\" data-end=\"1446\">MD21A<\/strong><\/p>\n<\/li>\n<\/ul>\n","protected":false},"excerpt":{"rendered":"<p>Der Volvo Penta Hauptlagersatz - Standard 875306 wurde entwickelt, um eine korrekte Lagerung der Kurbelwelle und einen reibungslosen Motorbetrieb in Volvo Penta Schiffsdieselmotoren der 21er Serie zu gew\u00e4hrleisten. Dieser Hauptlagersatz in Standardgr\u00f6\u00dfe (STD) ist f\u00fcr Motoren mit Kurbelwellen innerhalb der urspr\u00fcnglichen Werkstoleranzen geeignet. Es ist ideal f\u00fcr die Verwendung bei der \u00dcberholung von Motoren, der [&hellip;]<\/p>\n","protected":false},"featured_media":46206,"comment_status":"open","ping_status":"closed","template":"","meta":[],"product_brand":[4230],"product_cat":[2532],"product_tag":[],"class_list":{"0":"post-46205","1":"product","2":"type-product","3":"status-publish","4":"has-post-thumbnail","6":"product_brand-volvo-penta","7":"product_cat-motorenteile","8":"pa_condition-neu","9":"pa_model-aqd21","10":"pa_model-aqd21a","11":"pa_model-aqd21b","12":"pa_model-md21","13":"pa_model-md21a","14":"pa_model-md21b","15":"pa_oem-or-aftermarket-aftermarket","17":"first","18":"onbackorder","19":"taxable","20":"shipping-taxable","21":"purchasable","22":"product-type-simple"},"supplier_id":7294,"supplier_sku":"REC875306","barcode":null,"atum_controlled":true,"out_stock_date":"2026-01-14 13:27:23","out_stock_threshold":null,"inheritable":false,"inbound_stock":null,"stock_on_hold":null,"sold_today":null,"sales_last_days":null,"reserved_stock":null,"customer_returns":null,"warehouse_damage":null,"lost_in_post":null,"other_logs":null,"out_stock_days":0,"lost_sales":null,"has_location":false,"update_date":"2026-01-14T13:27:27","atum_locations":[],"atum_stock_status":"onbackorder","restock_status":false,"low_stock_amount":0,"sales_update_date":null,"calc_backorders":null,"_links":{"self":[{"href":"https:\/\/wp.marinepartsystem.com\/de\/wp-json\/wp\/v2\/product\/46205","targetHints":{"allow":["GET"]}}],"collection":[{"href":"https:\/\/wp.marinepartsystem.com\/de\/wp-json\/wp\/v2\/product"}],"about":[{"href":"https:\/\/wp.marinepartsystem.com\/de\/wp-json\/wp\/v2\/types\/product"}],"replies":[{"embeddable":true,"href":"https:\/\/wp.marinepartsystem.com\/de\/wp-json\/wp\/v2\/comments?post=46205"}],"wp:featuredmedia":[{"embeddable":true,"href":"https:\/\/wp.marinepartsystem.com\/de\/wp-json\/wp\/v2\/media\/46206"}],"wp:attachment":[{"href":"https:\/\/wp.marinepartsystem.com\/de\/wp-json\/wp\/v2\/media?parent=46205"}],"wp:term":[{"taxonomy":"product_brand","embeddable":true,"href":"https:\/\/wp.marinepartsystem.com\/de\/wp-json\/wp\/v2\/product_brand?post=46205"},{"taxonomy":"product_cat","embeddable":true,"href":"https:\/\/wp.marinepartsystem.com\/de\/wp-json\/wp\/v2\/product_cat?post=46205"},{"taxonomy":"product_tag","embeddable":true,"href":"https:\/\/wp.marinepartsystem.com\/de\/wp-json\/wp\/v2\/product_tag?post=46205"}],"curies":[{"name":"wp","href":"https:\/\/api.w.org\/{rel}","templated":true}]}}