{"id":45850,"date":"2026-01-09T13:43:28","date_gmt":"2026-01-09T13:43:28","guid":{"rendered":"https:\/\/marinepartsystem.com\/product\/kugelhahn-aus-edelstahl-3-8%e2%80%b3\/"},"modified":"2026-01-09T13:50:04","modified_gmt":"2026-01-09T13:50:04","slug":"kugelhahn-aus-edelstahl-3-8%e2%80%b3","status":"publish","type":"product","link":"https:\/\/wp.marinepartsystem.com\/de\/produkt\/kugelhahn-aus-edelstahl-3-8%e2%80%b3\/","title":{"rendered":"Kugelhahn aus Edelstahl 3\/8\u2033"},"content":{"rendered":"<p data-start=\"544\" data-end=\"868\">Der <strong data-start=\"548\" data-end=\"583\">Edelstahl-Kugelhahn 3\/8\u2033<\/strong> wurde f\u00fcr eine zuverl\u00e4ssige Durchflusskontrolle in anspruchsvollen Umgebungen entwickelt, in denen Korrosionsbest\u00e4ndigkeit, Festigkeit und eine lange Lebensdauer erforderlich sind. Dieses vollst\u00e4ndig aus <strong data-start=\"753\" data-end=\"772\">Edelstahl<\/strong> gefertigte Ventil bietet einen reibungslosen Vierteldrehungsbetrieb, sichere Abdichtung und gleichbleibende Leistung. <\/p>\n<p data-start=\"870\" data-end=\"1151\">Durch seine kompakte Gr\u00f6\u00dfe ist dieser 3\/8\u2033-Edelstahlkugelhahn ideal f\u00fcr industrielle Fl\u00fcssigkeitssysteme, Schiffsinstallationen, Druckluftsysteme, Sanit\u00e4ranschl\u00fcsse und HLK-Anwendungen. Die Pr\u00e4zisionsbearbeitung sorgt f\u00fcr minimalen Druckverlust und zuverl\u00e4ssigen Betrieb im Dauereinsatz. <\/p>\n<h2 data-start=\"1158\" data-end=\"1171\">Material<\/h2>\n<p data-start=\"1172\" data-end=\"1251\">Geh\u00e4use aus rostfreiem Stahl<br data-start=\"1192\" data-end=\"1195\">Innenkugel aus rostfreiem Stahl<br data-start=\"1224\" data-end=\"1227\">Griff aus rostfreiem Stahl<\/p>\n<h2 data-start=\"1258\" data-end=\"1267\">Gr\u00f6\u00dfe<\/h2>\n<p data-start=\"1268\" data-end=\"1290\">3\/8\u2033 Anschlussgr\u00f6\u00dfe<\/p>\n<h2 data-start=\"1297\" data-end=\"1314\">Wesentliche Merkmale<\/h2>\n<ul data-start=\"1315\" data-end=\"1596\">\n<li data-start=\"1315\" data-end=\"1386\">\n<p data-start=\"1317\" data-end=\"1386\">Vollst\u00e4ndige Edelstahlkonstruktion f\u00fcr hervorragende Korrosionsbest\u00e4ndigkeit<\/p>\n<\/li>\n<li data-start=\"1315\" data-end=\"1386\">Mit Sicherheitsschloss<\/li>\n<li data-start=\"1387\" data-end=\"1426\">\n<p data-start=\"1389\" data-end=\"1426\">Leichtg\u00e4ngige Vierteldrehung zum Abschalten<\/p>\n<\/li>\n<li data-start=\"1427\" data-end=\"1473\">\n<p data-start=\"1429\" data-end=\"1473\">Kompakte Gr\u00f6\u00dfe f\u00fcr enge Einbauverh\u00e4ltnisse<\/p>\n<\/li>\n<li data-start=\"1531\" data-end=\"1596\">\n<p data-start=\"1533\" data-end=\"1596\">Ideal f\u00fcr Industrie, Schifffahrt, Sanit\u00e4r- und HLK-Anwendungen<\/p>\n<\/li>\n<\/ul>\n<p data-start=\"1603\" data-end=\"1739\">Routinem\u00e4\u00dfige Inspektion und Wartung tragen dazu bei, die langfristige Dichtungsleistung sicherzustellen und die Lebensdauer von Kugelh\u00e4hnen aus Edelstahl zu verl\u00e4ngern.<\/p>\n","protected":false},"excerpt":{"rendered":"<p>Der Edelstahl-Kugelhahn 3\/8\u2033 wurde f\u00fcr eine zuverl\u00e4ssige Durchflusskontrolle in anspruchsvollen Umgebungen entwickelt, in denen Korrosionsbest\u00e4ndigkeit, Festigkeit und eine lange Lebensdauer erforderlich sind. Dieses vollst\u00e4ndig aus Edelstahl gefertigte Ventil bietet einen reibungslosen Vierteldrehungsbetrieb, sichere Abdichtung und gleichbleibende Leistung. Durch seine kompakte Gr\u00f6\u00dfe ist dieser 3\/8\u2033-Edelstahlkugelhahn ideal f\u00fcr industrielle Fl\u00fcssigkeitssysteme, Schiffsinstallationen, Druckluftsysteme, Sanit\u00e4ranschl\u00fcsse und HLK-Anwendungen. Die Pr\u00e4zisionsbearbeitung [&hellip;]<\/p>\n","protected":false},"featured_media":45855,"comment_status":"open","ping_status":"closed","template":"","meta":[],"product_brand":[],"product_cat":[3598,3596,4110],"product_tag":[],"class_list":{"0":"post-45850","1":"product","2":"type-product","3":"status-publish","4":"has-post-thumbnail","6":"product_cat-beschlage","7":"product_cat-schlauche-und-armaturen","8":"product_cat-um-den-motor-herum","9":"pa_condition-neu","11":"first","12":"instock","13":"taxable","14":"shipping-taxable","15":"purchasable","16":"product-type-simple"},"supplier_id":7294,"supplier_sku":"GS30001","barcode":null,"atum_controlled":true,"out_stock_date":null,"out_stock_threshold":null,"inheritable":false,"inbound_stock":0,"stock_on_hold":0,"sold_today":0,"sales_last_days":0,"reserved_stock":0,"customer_returns":0,"warehouse_damage":0,"lost_in_post":0,"other_logs":0,"out_stock_days":0,"lost_sales":0,"has_location":false,"update_date":"2026-03-05T15:34:52","atum_locations":[],"atum_stock_status":"instock","restock_status":false,"low_stock_amount":1,"sales_update_date":"2026-03-05T15:34:52","calc_backorders":null,"_links":{"self":[{"href":"https:\/\/wp.marinepartsystem.com\/de\/wp-json\/wp\/v2\/product\/45850","targetHints":{"allow":["GET"]}}],"collection":[{"href":"https:\/\/wp.marinepartsystem.com\/de\/wp-json\/wp\/v2\/product"}],"about":[{"href":"https:\/\/wp.marinepartsystem.com\/de\/wp-json\/wp\/v2\/types\/product"}],"replies":[{"embeddable":true,"href":"https:\/\/wp.marinepartsystem.com\/de\/wp-json\/wp\/v2\/comments?post=45850"}],"wp:featuredmedia":[{"embeddable":true,"href":"https:\/\/wp.marinepartsystem.com\/de\/wp-json\/wp\/v2\/media\/45855"}],"wp:attachment":[{"href":"https:\/\/wp.marinepartsystem.com\/de\/wp-json\/wp\/v2\/media?parent=45850"}],"wp:term":[{"taxonomy":"product_brand","embeddable":true,"href":"https:\/\/wp.marinepartsystem.com\/de\/wp-json\/wp\/v2\/product_brand?post=45850"},{"taxonomy":"product_cat","embeddable":true,"href":"https:\/\/wp.marinepartsystem.com\/de\/wp-json\/wp\/v2\/product_cat?post=45850"},{"taxonomy":"product_tag","embeddable":true,"href":"https:\/\/wp.marinepartsystem.com\/de\/wp-json\/wp\/v2\/product_tag?post=45850"}],"curies":[{"name":"wp","href":"https:\/\/api.w.org\/{rel}","templated":true}]}}