{"id":45745,"date":"2025-12-19T10:43:57","date_gmt":"2025-12-19T10:43:57","guid":{"rendered":"https:\/\/marinepartsystem.com\/product\/verchromter-messingkugelhahn-3-4%e2%80%b3-edelstahlkugel-heavy-duty-absperrventil\/"},"modified":"2025-12-19T10:43:57","modified_gmt":"2025-12-19T10:43:57","slug":"verchromter-messingkugelhahn-3-4%e2%80%b3-edelstahlkugel-heavy-duty-absperrventil","status":"publish","type":"product","link":"https:\/\/wp.marinepartsystem.com\/de\/produkt\/verchromter-messingkugelhahn-3-4%e2%80%b3-edelstahlkugel-heavy-duty-absperrventil\/","title":{"rendered":"Verchromter Messingkugelhahn 3\/4\u2033 | Edelstahlkugel | Heavy-Duty Absperrventil"},"content":{"rendered":"<p data-start=\"568\" data-end=\"928\">Der <strong data-start=\"572\" data-end=\"605\">3\/4\u2033-Kugelhahn aus verchromtem Messing<\/strong> wurde f\u00fcr die zuverl\u00e4ssige Steuerung von Fl\u00fcssigkeiten in anspruchsvollen Systemen entwickelt, bei denen St\u00e4rke, Zuverl\u00e4ssigkeit und Korrosionsbest\u00e4ndigkeit entscheidend sind. Mit einem <strong data-start=\"759\" data-end=\"781\">verchromten Messinggeh\u00e4use<\/strong>, einer <strong data-start=\"783\" data-end=\"807\">Edelstahlkugel<\/strong> und einem <strong data-start=\"813\" data-end=\"837\">robusten Metallgriff<\/strong> bietet dieses Ventil einen reibungslosen Vierteldrehbetrieb, eine sichere Abdichtung und eine lange Lebensdauer. <\/p>\n<p data-start=\"930\" data-end=\"1267\">Dank seiner robusten Konstruktion und Pr\u00e4zisionsbearbeitung ist dieser 3\/4\u2033-Kugelhahn ideal f\u00fcr industrielle Rohrleitungen, Marineumgebungen, Sanit\u00e4rinstallationen, Druckluftsysteme und HLK-Anwendungen. Er gew\u00e4hrleistet eine gleichbleibende Leistung bei minimaler Wartung und ist damit eine zuverl\u00e4ssige L\u00f6sung f\u00fcr den professionellen und harten Einsatz. <\/p>\n<h2 data-start=\"1274\" data-end=\"1287\">Material<\/h2>\n<p data-start=\"1288\" data-end=\"1365\">Geh\u00e4use aus verchromtem Messing<br data-start=\"1306\" data-end=\"1309\">Innenkugel aus Edelstahl<br data-start=\"1338\" data-end=\"1341\">Bedienungsgriff aus Metall<\/p>\n<h2 data-start=\"1372\" data-end=\"1381\">Gr\u00f6\u00dfe<\/h2>\n<p data-start=\"1382\" data-end=\"1404\">3\/4\u2033 Anschlussgr\u00f6\u00dfe<\/p>\n<h2 data-start=\"1411\" data-end=\"1428\">Wesentliche Merkmale<\/h2>\n<ul data-start=\"1429\" data-end=\"1728\">\n<li data-start=\"1429\" data-end=\"1498\">\n<p data-start=\"1431\" data-end=\"1498\">Robustes Ventilgeh\u00e4use aus verchromtem Messing f\u00fcr hervorragende Korrosionsbest\u00e4ndigkeit<\/p>\n<\/li>\n<li data-start=\"1499\" data-end=\"1561\">\n<p data-start=\"1501\" data-end=\"1561\">Kugel aus rostfreiem Stahl f\u00fcr Langlebigkeit und reibungslose Leistung<\/p>\n<\/li>\n<li data-start=\"1562\" data-end=\"1603\">\n<p data-start=\"1564\" data-end=\"1603\">Zuverl\u00e4ssige Vierteldrehung als Absperrung<\/p>\n<\/li>\n<li data-start=\"1604\" data-end=\"1653\">\n<p data-start=\"1606\" data-end=\"1653\">Robuster Metallgriff f\u00fcr sichere manuelle Steuerung<\/p>\n<\/li>\n<li data-start=\"1654\" data-end=\"1728\">\n<p data-start=\"1656\" data-end=\"1728\">Geeignet f\u00fcr Industrie-, Marine-, Sanit\u00e4r-, Pneumatik- und HVAC-Systeme<\/p>\n<\/li>\n<\/ul>\n<p data-start=\"1735\" data-end=\"1866\">Routinem\u00e4\u00dfige Inspektion und Wartung tragen dazu bei, die leckagefreie Leistung zu erhalten und die Lebensdauer in anspruchsvollen Betriebsumgebungen zu verl\u00e4ngern.<\/p>\n","protected":false},"excerpt":{"rendered":"<p>Der 3\/4\u2033-Kugelhahn aus verchromtem Messing wurde f\u00fcr die zuverl\u00e4ssige Steuerung von Fl\u00fcssigkeiten in anspruchsvollen Systemen entwickelt, bei denen St\u00e4rke, Zuverl\u00e4ssigkeit und Korrosionsbest\u00e4ndigkeit entscheidend sind. Mit einem verchromten Messinggeh\u00e4use, einer Edelstahlkugel und einem robusten Metallgriff bietet dieses Ventil einen reibungslosen Vierteldrehbetrieb, eine sichere Abdichtung und eine lange Lebensdauer. Dank seiner robusten Konstruktion und Pr\u00e4zisionsbearbeitung ist dieser [&hellip;]<\/p>\n","protected":false},"featured_media":45746,"comment_status":"open","ping_status":"closed","template":"","meta":[],"product_brand":[],"product_cat":[3596,4110],"product_tag":[],"class_list":{"0":"post-45745","1":"product","2":"type-product","3":"status-publish","4":"has-post-thumbnail","6":"product_cat-schlauche-und-armaturen","7":"product_cat-um-den-motor-herum","8":"pa_condition-neu","10":"first","11":"instock","12":"taxable","13":"shipping-taxable","14":"purchasable","15":"product-type-simple"},"supplier_id":7294,"supplier_sku":"GS30012","barcode":null,"atum_controlled":true,"out_stock_date":null,"out_stock_threshold":null,"inheritable":false,"inbound_stock":0,"stock_on_hold":0,"sold_today":0,"sales_last_days":0,"reserved_stock":0,"customer_returns":0,"warehouse_damage":0,"lost_in_post":0,"other_logs":0,"out_stock_days":0,"lost_sales":0,"has_location":false,"update_date":"2026-03-05T15:34:52","atum_locations":[],"atum_stock_status":"instock","restock_status":false,"low_stock_amount":0,"sales_update_date":"2026-03-05T15:34:52","calc_backorders":0,"_links":{"self":[{"href":"https:\/\/wp.marinepartsystem.com\/de\/wp-json\/wp\/v2\/product\/45745","targetHints":{"allow":["GET"]}}],"collection":[{"href":"https:\/\/wp.marinepartsystem.com\/de\/wp-json\/wp\/v2\/product"}],"about":[{"href":"https:\/\/wp.marinepartsystem.com\/de\/wp-json\/wp\/v2\/types\/product"}],"replies":[{"embeddable":true,"href":"https:\/\/wp.marinepartsystem.com\/de\/wp-json\/wp\/v2\/comments?post=45745"}],"wp:featuredmedia":[{"embeddable":true,"href":"https:\/\/wp.marinepartsystem.com\/de\/wp-json\/wp\/v2\/media\/45746"}],"wp:attachment":[{"href":"https:\/\/wp.marinepartsystem.com\/de\/wp-json\/wp\/v2\/media?parent=45745"}],"wp:term":[{"taxonomy":"product_brand","embeddable":true,"href":"https:\/\/wp.marinepartsystem.com\/de\/wp-json\/wp\/v2\/product_brand?post=45745"},{"taxonomy":"product_cat","embeddable":true,"href":"https:\/\/wp.marinepartsystem.com\/de\/wp-json\/wp\/v2\/product_cat?post=45745"},{"taxonomy":"product_tag","embeddable":true,"href":"https:\/\/wp.marinepartsystem.com\/de\/wp-json\/wp\/v2\/product_tag?post=45745"}],"curies":[{"name":"wp","href":"https:\/\/api.w.org\/{rel}","templated":true}]}}