{"id":45736,"date":"2025-12-19T10:30:41","date_gmt":"2025-12-19T10:30:41","guid":{"rendered":"https:\/\/marinepartsystem.com\/product\/verchromter-messingkugelhahn-1-2%e2%80%b3-edelstahlkugel-hochleistungs-absperrventil\/"},"modified":"2025-12-19T10:30:41","modified_gmt":"2025-12-19T10:30:41","slug":"verchromter-messingkugelhahn-1-2%e2%80%b3-edelstahlkugel-hochleistungs-absperrventil","status":"publish","type":"product","link":"https:\/\/wp.marinepartsystem.com\/de\/produkt\/verchromter-messingkugelhahn-1-2%e2%80%b3-edelstahlkugel-hochleistungs-absperrventil\/","title":{"rendered":"Verchromter Messingkugelhahn 1\/2\u2033 | Edelstahlkugel | Hochleistungs- Absperrventil"},"content":{"rendered":"<p data-start=\"565\" data-end=\"874\">Der <strong data-start=\"569\" data-end=\"602\">Kugelhahn 1\/2\u2033 aus verchromtem Messing<\/strong> wurde f\u00fcr eine zuverl\u00e4ssige Absperrleistung in anspruchsvollen Fl\u00fcssigkeitssystemen entwickelt. Mit einem <strong data-start=\"693\" data-end=\"718\">verchromten Messinggeh\u00e4use<\/strong>, einer <strong data-start=\"720\" data-end=\"744\">Edelstahlkugel<\/strong> und einem <strong data-start=\"750\" data-end=\"773\">robusten Metallgriff<\/strong> gew\u00e4hrleistet dieses Ventil einen reibungslosen Betrieb, eine sichere Abdichtung und eine verbesserte Best\u00e4ndigkeit gegen Korrosion und Verschlei\u00df. <\/p>\n<p data-start=\"876\" data-end=\"1212\">Dieser 1\/2\u2033-Kugelhahn ist ideal f\u00fcr industrielle Systeme, Schiffsanwendungen, Sanit\u00e4rinstallationen, Druckluftanlagen und HLK-Umgebungen und bietet zuverl\u00e4ssige Leistung bei minimalem Wartungsaufwand. Die Pr\u00e4zisionsbearbeitung garantiert eine effektive Abdichtung und konsistente Durchflusskontrolle, wodurch er sich sowohl f\u00fcr den professionellen als auch f\u00fcr den harten Einsatz eignet. <\/p>\n<h2 data-start=\"1219\" data-end=\"1232\">Material<\/h2>\n<p data-start=\"1233\" data-end=\"1310\">Geh\u00e4use aus verchromtem Messing<br data-start=\"1251\" data-end=\"1254\">Innenkugel aus Edelstahl<br data-start=\"1283\" data-end=\"1286\">Bedienungsgriff aus Metall<\/p>\n<h2 data-start=\"1317\" data-end=\"1326\">Gr\u00f6\u00dfe<\/h2>\n<p data-start=\"1327\" data-end=\"1349\">1\/2\u2033 Anschlussgr\u00f6\u00dfe<\/p>\n<h2 data-start=\"1356\" data-end=\"1373\">Wesentliche Merkmale<\/h2>\n<ul data-start=\"1374\" data-end=\"1645\">\n<li data-start=\"1374\" data-end=\"1437\">\n<p data-start=\"1376\" data-end=\"1437\">Langlebige Konstruktion aus verchromtem Messing f\u00fcr Korrosionsbest\u00e4ndigkeit<\/p>\n<\/li>\n<li data-start=\"1438\" data-end=\"1488\">\n<p data-start=\"1440\" data-end=\"1488\">Kugel aus rostfreiem Stahl f\u00fcr lange Lebensdauer<\/p>\n<\/li>\n<li data-start=\"1489\" data-end=\"1522\">\n<p data-start=\"1491\" data-end=\"1522\">Reibungsloser Betrieb mit Vierteldrehung<\/p>\n<\/li>\n<li data-start=\"1523\" data-end=\"1565\">\n<p data-start=\"1525\" data-end=\"1565\">Starker Metallgriff f\u00fcr sichere Kontrolle<\/p>\n<\/li>\n<li data-start=\"1566\" data-end=\"1645\">\n<p data-start=\"1568\" data-end=\"1645\">Geeignet f\u00fcr Industrie-, Marine-, Sanit\u00e4r-, Pneumatik- und HLK-Anwendungen<\/p>\n<\/li>\n<\/ul>\n<p data-start=\"1652\" data-end=\"1796\">\n<p data-start=\"1652\" data-end=\"1796\">Routinem\u00e4\u00dfige Inspektion und Wartung tragen dazu bei, eine leckagefreie Leistung sicherzustellen und die Lebensdauer des Ventils in anspruchsvollen Umgebungen zu verl\u00e4ngern.<\/p>\n","protected":false},"excerpt":{"rendered":"<p>Der Kugelhahn 1\/2\u2033 aus verchromtem Messing wurde f\u00fcr eine zuverl\u00e4ssige Absperrleistung in anspruchsvollen Fl\u00fcssigkeitssystemen entwickelt. Mit einem verchromten Messinggeh\u00e4use, einer Edelstahlkugel und einem robusten Metallgriff gew\u00e4hrleistet dieses Ventil einen reibungslosen Betrieb, eine sichere Abdichtung und eine verbesserte Best\u00e4ndigkeit gegen Korrosion und Verschlei\u00df. Dieser 1\/2\u2033-Kugelhahn ist ideal f\u00fcr industrielle Systeme, Schiffsanwendungen, Sanit\u00e4rinstallationen, Druckluftanlagen und HLK-Umgebungen und [&hellip;]<\/p>\n","protected":false},"featured_media":45737,"comment_status":"open","ping_status":"closed","template":"","meta":[],"product_brand":[],"product_cat":[3596,4110],"product_tag":[],"class_list":{"0":"post-45736","1":"product","2":"type-product","3":"status-publish","4":"has-post-thumbnail","6":"product_cat-schlauche-und-armaturen","7":"product_cat-um-den-motor-herum","8":"pa_condition-neu","10":"first","11":"instock","12":"taxable","13":"shipping-taxable","14":"purchasable","15":"product-type-simple"},"supplier_id":7294,"supplier_sku":"GS30011","barcode":null,"atum_controlled":true,"out_stock_date":null,"out_stock_threshold":null,"inheritable":false,"inbound_stock":0,"stock_on_hold":0,"sold_today":0,"sales_last_days":0,"reserved_stock":0,"customer_returns":0,"warehouse_damage":0,"lost_in_post":0,"other_logs":0,"out_stock_days":0,"lost_sales":0,"has_location":false,"update_date":"2026-01-29T09:10:11","atum_locations":[],"atum_stock_status":"instock","restock_status":false,"low_stock_amount":0,"sales_update_date":"2026-01-29T09:10:11","calc_backorders":null,"_links":{"self":[{"href":"https:\/\/wp.marinepartsystem.com\/de\/wp-json\/wp\/v2\/product\/45736","targetHints":{"allow":["GET"]}}],"collection":[{"href":"https:\/\/wp.marinepartsystem.com\/de\/wp-json\/wp\/v2\/product"}],"about":[{"href":"https:\/\/wp.marinepartsystem.com\/de\/wp-json\/wp\/v2\/types\/product"}],"replies":[{"embeddable":true,"href":"https:\/\/wp.marinepartsystem.com\/de\/wp-json\/wp\/v2\/comments?post=45736"}],"wp:featuredmedia":[{"embeddable":true,"href":"https:\/\/wp.marinepartsystem.com\/de\/wp-json\/wp\/v2\/media\/45737"}],"wp:attachment":[{"href":"https:\/\/wp.marinepartsystem.com\/de\/wp-json\/wp\/v2\/media?parent=45736"}],"wp:term":[{"taxonomy":"product_brand","embeddable":true,"href":"https:\/\/wp.marinepartsystem.com\/de\/wp-json\/wp\/v2\/product_brand?post=45736"},{"taxonomy":"product_cat","embeddable":true,"href":"https:\/\/wp.marinepartsystem.com\/de\/wp-json\/wp\/v2\/product_cat?post=45736"},{"taxonomy":"product_tag","embeddable":true,"href":"https:\/\/wp.marinepartsystem.com\/de\/wp-json\/wp\/v2\/product_tag?post=45736"}],"curies":[{"name":"wp","href":"https:\/\/api.w.org\/{rel}","templated":true}]}}