{"id":45709,"date":"2025-12-19T08:54:29","date_gmt":"2025-12-19T08:54:29","guid":{"rendered":"https:\/\/marinepartsystem.com\/product\/1-2%e2%80%b3-bronze-kugelhahn-marine-grade-absperrventil\/"},"modified":"2025-12-19T08:54:29","modified_gmt":"2025-12-19T08:54:29","slug":"1-2%e2%80%b3-bronze-kugelhahn-marine-grade-absperrventil","status":"publish","type":"product","link":"https:\/\/wp.marinepartsystem.com\/de\/produkt\/1-2%e2%80%b3-bronze-kugelhahn-marine-grade-absperrventil\/","title":{"rendered":"1\/2\u2033 Bronze Kugelhahn | Marine Grade Absperrventil"},"content":{"rendered":"<p data-start=\"489\" data-end=\"836\">Der <strong data-start=\"493\" data-end=\"519\">1\/2\u2033-Kugelhahn aus Bronze<\/strong> ist ein langlebiges, korrosionsbest\u00e4ndiges Absperrventil, das f\u00fcr anspruchsvolle Umgebungen entwickelt wurde. Dieses aus hochwertiger Bronze gefertigte Ventil bietet \u00fcberragende Zuverl\u00e4ssigkeit und Best\u00e4ndigkeit gegen Seewasser, Kraftstoffe, \u00d6le und S\u00fc\u00dfwasser und ist somit ideal f\u00fcr <strong data-start=\"764\" data-end=\"835\">Schiffssysteme, Sanit\u00e4rinstallationen und industrielle Anwendungen<\/strong>. <\/p>\n<p data-start=\"838\" data-end=\"1111\">Die pr\u00e4zisionsgefertigte Kugelkonstruktion sorgt f\u00fcr einen reibungslosen Betrieb und eine sichere Abdichtung und erm\u00f6glicht eine schnelle und zuverl\u00e4ssige \u00d6ffnungs-\/Schlie\u00dfkontrolle. Kugelh\u00e4hne aus Bronze werden aufgrund ihrer Festigkeit, ihrer Best\u00e4ndigkeit gegen Entzinkung und ihrer langen Lebensdauer in der Schifffahrt weithin bevorzugt. <\/p>\n<h3 data-start=\"1113\" data-end=\"1133\"><strong data-start=\"1117\" data-end=\"1133\">Wesentliche Merkmale<\/strong><\/h3>\n<ul data-start=\"1134\" data-end=\"1371\">\n<li data-start=\"1134\" data-end=\"1160\">\n<p data-start=\"1136\" data-end=\"1160\">1\/2\u2033 Kugelhahn aus Bronze<\/p>\n<\/li>\n<li data-start=\"1161\" data-end=\"1201\">\n<p data-start=\"1163\" data-end=\"1201\">Strapazierf\u00e4hige Konstruktion in Marinequalit\u00e4t<\/p>\n<\/li>\n<li data-start=\"1202\" data-end=\"1236\">\n<p data-start=\"1204\" data-end=\"1236\">Ausgezeichnete Korrosionsbest\u00e4ndigkeit<\/p>\n<\/li>\n<li data-start=\"1237\" data-end=\"1277\">\n<p data-start=\"1239\" data-end=\"1277\">Sanftes und sicheres Abschalten<\/p>\n<\/li>\n<li data-start=\"1278\" data-end=\"1336\">\n<p data-start=\"1280\" data-end=\"1336\">Geeignet f\u00fcr Meerwasser, S\u00fc\u00dfwasser, Kraftstoff- und \u00d6lsysteme<\/p>\n<\/li>\n<li data-start=\"1337\" data-end=\"1371\">\n<p data-start=\"1339\" data-end=\"1371\">Robustes und langlebiges Design<\/p>\n<\/li>\n<\/ul>\n<h3 data-start=\"1373\" data-end=\"1393\"><strong data-start=\"1377\" data-end=\"1393\">Anwendungen<\/strong><\/h3>\n<ul data-start=\"1394\" data-end=\"1577\">\n<li data-start=\"1394\" data-end=\"1430\">\n<p data-start=\"1396\" data-end=\"1430\">Sanit\u00e4rsysteme f\u00fcr Schiffe und Boote<\/p>\n<\/li>\n<li data-start=\"1431\" data-end=\"1468\">\n<p data-start=\"1433\" data-end=\"1468\">Motork\u00fchlung und Seewasserleitungen<\/p>\n<\/li>\n<li data-start=\"1500\" data-end=\"1537\">\n<p data-start=\"1502\" data-end=\"1537\">Industrielle und h\u00e4usliche Sanit\u00e4ranlagen<\/p>\n<\/li>\n<li data-start=\"1538\" data-end=\"1577\">\n<p data-start=\"1540\" data-end=\"1577\">Allgemeine Anwendungen f\u00fcr Absperrventile<\/p>\n<\/li>\n<\/ul>\n<p data-start=\"1579\" data-end=\"1732\">Die Verwendung eines Kugelhahns aus Bronze gew\u00e4hrleistet Zuverl\u00e4ssigkeit, Sicherheit und langfristige Haltbarkeit, insbesondere in rauen Umgebungen, in denen Korrosionsschutz entscheidend ist.<\/p>\n","protected":false},"excerpt":{"rendered":"<p>Der 1\/2\u2033-Kugelhahn aus Bronze ist ein langlebiges, korrosionsbest\u00e4ndiges Absperrventil, das f\u00fcr anspruchsvolle Umgebungen entwickelt wurde. Dieses aus hochwertiger Bronze gefertigte Ventil bietet \u00fcberragende Zuverl\u00e4ssigkeit und Best\u00e4ndigkeit gegen Seewasser, Kraftstoffe, \u00d6le und S\u00fc\u00dfwasser und ist somit ideal f\u00fcr Schiffssysteme, Sanit\u00e4rinstallationen und industrielle Anwendungen. Die pr\u00e4zisionsgefertigte Kugelkonstruktion sorgt f\u00fcr einen reibungslosen Betrieb und eine sichere Abdichtung und [&hellip;]<\/p>\n","protected":false},"featured_media":45710,"comment_status":"open","ping_status":"closed","template":"","meta":[],"product_brand":[],"product_cat":[3596,4110],"product_tag":[],"class_list":{"0":"post-45709","1":"product","2":"type-product","3":"status-publish","4":"has-post-thumbnail","6":"product_cat-schlauche-und-armaturen","7":"product_cat-um-den-motor-herum","8":"pa_condition-neu","10":"first","11":"instock","12":"sale","13":"taxable","14":"shipping-taxable","15":"purchasable","16":"product-type-simple"},"supplier_id":7294,"supplier_sku":"GS30691","barcode":null,"atum_controlled":true,"out_stock_date":null,"out_stock_threshold":null,"inheritable":false,"inbound_stock":0,"stock_on_hold":0,"sold_today":0,"sales_last_days":0,"reserved_stock":0,"customer_returns":0,"warehouse_damage":0,"lost_in_post":0,"other_logs":0,"out_stock_days":0,"lost_sales":0,"has_location":false,"update_date":"2026-03-05T15:34:52","atum_locations":[],"atum_stock_status":"instock","restock_status":false,"low_stock_amount":0,"sales_update_date":"2026-03-05T15:34:52","calc_backorders":null,"_links":{"self":[{"href":"https:\/\/wp.marinepartsystem.com\/de\/wp-json\/wp\/v2\/product\/45709","targetHints":{"allow":["GET"]}}],"collection":[{"href":"https:\/\/wp.marinepartsystem.com\/de\/wp-json\/wp\/v2\/product"}],"about":[{"href":"https:\/\/wp.marinepartsystem.com\/de\/wp-json\/wp\/v2\/types\/product"}],"replies":[{"embeddable":true,"href":"https:\/\/wp.marinepartsystem.com\/de\/wp-json\/wp\/v2\/comments?post=45709"}],"wp:featuredmedia":[{"embeddable":true,"href":"https:\/\/wp.marinepartsystem.com\/de\/wp-json\/wp\/v2\/media\/45710"}],"wp:attachment":[{"href":"https:\/\/wp.marinepartsystem.com\/de\/wp-json\/wp\/v2\/media?parent=45709"}],"wp:term":[{"taxonomy":"product_brand","embeddable":true,"href":"https:\/\/wp.marinepartsystem.com\/de\/wp-json\/wp\/v2\/product_brand?post=45709"},{"taxonomy":"product_cat","embeddable":true,"href":"https:\/\/wp.marinepartsystem.com\/de\/wp-json\/wp\/v2\/product_cat?post=45709"},{"taxonomy":"product_tag","embeddable":true,"href":"https:\/\/wp.marinepartsystem.com\/de\/wp-json\/wp\/v2\/product_tag?post=45709"}],"curies":[{"name":"wp","href":"https:\/\/api.w.org\/{rel}","templated":true}]}}