{"id":44332,"date":"2025-11-29T11:19:48","date_gmt":"2025-11-29T11:19:48","guid":{"rendered":"https:\/\/marinepartsystem.com\/product\/volvo-penta-110s-saildrive-magnesium-anode-875812\/"},"modified":"2025-12-18T10:36:24","modified_gmt":"2025-12-18T10:36:24","slug":"volvo-penta-110s-saildrive-magnesium-anode-875812","status":"publish","type":"product","link":"https:\/\/wp.marinepartsystem.com\/de\/produkt\/volvo-penta-110s-saildrive-magnesium-anode-875812\/","title":{"rendered":"Volvo Penta 110S Saildrive Magnesium Anode | 875812"},"content":{"rendered":"<p data-start=\"502\" data-end=\"810\">Diese <strong data-start=\"507\" data-end=\"553\">Volvo Penta 110S Saildrive Magnesiumanode<\/strong> (Art.-Nr. 875812) bietet einen hervorragenden Korrosionsschutz f\u00fcr Saildrives, die in <strong data-start=\"642\" data-end=\"669\">S\u00fc\u00dfwasser<\/strong> betrieben werden. Magnesium bietet einen hervorragenden Opferschutz in Wasser mit niedriger Leitf\u00e4higkeit und ist daher das empfohlene Material f\u00fcr Binnenseen und Fl\u00fcsse. <\/p>\n<p data-start=\"812\" data-end=\"991\">Diese Anode wurde speziell f\u00fcr den <strong data-start=\"842\" data-end=\"872\">Volvo Penta 110S Saildrive<\/strong> entwickelt. Sie gew\u00e4hrleistet eine korrekte Montage und gleichbleibende Leistung und sch\u00fctzt wichtige Komponenten vor galvanischer Korrosion.<\/p>\n<h3 data-start=\"993\" data-end=\"1014\">Kompatibel mit<\/h3>\n<ul data-start=\"1015\" data-end=\"1043\">\n<li data-start=\"1015\" data-end=\"1043\">\n<p data-start=\"1017\" data-end=\"1043\">Volvo Penta 110S Saildrive<\/p>\n<\/li>\n<\/ul>\n<h3 data-start=\"1045\" data-end=\"1059\">Material<\/h3>\n<ul data-start=\"1060\" data-end=\"1088\">\n<li data-start=\"1060\" data-end=\"1088\">\n<p data-start=\"1062\" data-end=\"1088\">Magnesium (Verwendung in S\u00fc\u00dfwasser)<\/p>\n<\/li>\n<\/ul>\n<h3 data-start=\"1090\" data-end=\"1107\">Teilenummer<\/h3>\n<ul data-start=\"1108\" data-end=\"1150\">\n<li data-start=\"1108\" data-end=\"1120\">\n<p data-start=\"1110\" data-end=\"1120\">875812<\/p>\n<\/li>\n<li data-start=\"1121\" data-end=\"1150\">\n<p data-start=\"1123\" data-end=\"1150\">Ersetzt Volvo Penta 875812<\/p>\n<\/li>\n<\/ul>\n<h3 data-start=\"1152\" data-end=\"1170\">Wesentliche Merkmale<\/h3>\n<ul data-start=\"1171\" data-end=\"1389\">\n<li data-start=\"1171\" data-end=\"1221\">\n<p data-start=\"1173\" data-end=\"1221\">Magnesiumanode ideal f\u00fcr den Betrieb in S\u00fc\u00dfwasser<\/p>\n<\/li>\n<li data-start=\"1222\" data-end=\"1277\">\n<p data-start=\"1224\" data-end=\"1277\">Sch\u00fctzt den 110S Saildrive vor galvanischer Korrosion<\/p>\n<\/li>\n<li data-start=\"1278\" data-end=\"1326\">\n<p data-start=\"1280\" data-end=\"1326\">Direkt passender Ersatz f\u00fcr eine einfache Installation<\/p>\n<\/li>\n<li data-start=\"1327\" data-end=\"1389\">\n<p data-start=\"1329\" data-end=\"1389\">Sorgt f\u00fcr langfristigen Schutz und optimale Laufwerksleistung<\/p>\n<\/li>\n<\/ul>\n","protected":false},"excerpt":{"rendered":"<p>Diese Volvo Penta 110S Saildrive Magnesiumanode (Art.-Nr. 875812) bietet einen hervorragenden Korrosionsschutz f\u00fcr Saildrives, die in S\u00fc\u00dfwasser betrieben werden. Magnesium bietet einen hervorragenden Opferschutz in Wasser mit niedriger Leitf\u00e4higkeit und ist daher das empfohlene Material f\u00fcr Binnenseen und Fl\u00fcsse. Diese Anode wurde speziell f\u00fcr den Volvo Penta 110S Saildrive entwickelt. Sie gew\u00e4hrleistet eine korrekte Montage [&hellip;]<\/p>\n","protected":false},"featured_media":44333,"comment_status":"open","ping_status":"closed","template":"","meta":[],"product_brand":[4230],"product_cat":[3286,4488,2498,4308,4523],"product_tag":[],"class_list":{"0":"post-44332","1":"product","2":"type-product","3":"status-publish","4":"has-post-thumbnail","6":"product_brand-volvo-penta","7":"product_cat-anoden","8":"product_cat-brauchen-sie-volvo-penta-teile","9":"product_cat-ersatzteile-fur-motoren","10":"product_cat-volvo-penta","11":"product_cat-volvo-penta-anoden","12":"pa_condition-neu","13":"pa_model-110s","14":"pa_oem-or-aftermarket-aftermarket","16":"first","17":"instock","18":"taxable","19":"shipping-taxable","20":"purchasable","21":"product-type-simple"},"supplier_id":45614,"supplier_sku":"00705MG","barcode":null,"atum_controlled":true,"out_stock_date":null,"out_stock_threshold":null,"inheritable":false,"inbound_stock":0,"stock_on_hold":0,"sold_today":0,"sales_last_days":0,"reserved_stock":0,"customer_returns":0,"warehouse_damage":0,"lost_in_post":0,"other_logs":0,"out_stock_days":0,"lost_sales":0,"has_location":false,"update_date":"2026-01-29T09:11:06","atum_locations":[],"atum_stock_status":"instock","restock_status":false,"low_stock_amount":1,"sales_update_date":"2026-01-29T09:11:06","calc_backorders":null,"_links":{"self":[{"href":"https:\/\/wp.marinepartsystem.com\/de\/wp-json\/wp\/v2\/product\/44332","targetHints":{"allow":["GET"]}}],"collection":[{"href":"https:\/\/wp.marinepartsystem.com\/de\/wp-json\/wp\/v2\/product"}],"about":[{"href":"https:\/\/wp.marinepartsystem.com\/de\/wp-json\/wp\/v2\/types\/product"}],"replies":[{"embeddable":true,"href":"https:\/\/wp.marinepartsystem.com\/de\/wp-json\/wp\/v2\/comments?post=44332"}],"wp:featuredmedia":[{"embeddable":true,"href":"https:\/\/wp.marinepartsystem.com\/de\/wp-json\/wp\/v2\/media\/44333"}],"wp:attachment":[{"href":"https:\/\/wp.marinepartsystem.com\/de\/wp-json\/wp\/v2\/media?parent=44332"}],"wp:term":[{"taxonomy":"product_brand","embeddable":true,"href":"https:\/\/wp.marinepartsystem.com\/de\/wp-json\/wp\/v2\/product_brand?post=44332"},{"taxonomy":"product_cat","embeddable":true,"href":"https:\/\/wp.marinepartsystem.com\/de\/wp-json\/wp\/v2\/product_cat?post=44332"},{"taxonomy":"product_tag","embeddable":true,"href":"https:\/\/wp.marinepartsystem.com\/de\/wp-json\/wp\/v2\/product_tag?post=44332"}],"curies":[{"name":"wp","href":"https:\/\/api.w.org\/{rel}","templated":true}]}}