{"id":42982,"date":"2025-11-21T10:08:38","date_gmt":"2025-11-21T10:08:38","guid":{"rendered":"https:\/\/marinepartsystem.com\/product\/volvo-penta-kopfdichtung-md22-tamd22-tmd22-859647\/"},"modified":"2025-11-21T10:08:38","modified_gmt":"2025-11-21T10:08:38","slug":"volvo-penta-kopfdichtung-md22-tamd22-tmd22-859647","status":"publish","type":"product","link":"https:\/\/marinepartsystem.com\/de\/produkt\/volvo-penta-kopfdichtung-md22-tamd22-tmd22-859647","title":{"rendered":"Volvo Penta Kopfdichtung MD22 \/ TAMD22 \/ TMD22 | 859647"},"content":{"rendered":"<p data-start=\"1903\" data-end=\"2145\">Diese <strong data-start=\"1908\" data-end=\"1923\">Zylinderkopfdichtung<\/strong> ist f\u00fcr die Volvo Penta Motoren <strong data-start=\"1956\" data-end=\"1981\">der Serien MD22 und TMD22<\/strong> geeignet. Sie bietet eine pr\u00e4zise Passform und eine zuverl\u00e4ssige Abdichtung sowohl f\u00fcr die Standard- als auch f\u00fcr die aufgeladene Version. Entwickelt, um den OEM-Spezifikationen zu entsprechen und eine lange Lebensdauer zu gew\u00e4hrleisten. <\/p>\n<p data-start=\"2147\" data-end=\"2173\"><strong data-start=\"2147\" data-end=\"2171\">Ersetzt die OEM-Nummer:<\/strong><\/p>\n<ul data-start=\"2174\" data-end=\"2186\">\n<li data-start=\"2174\" data-end=\"2186\">\n<p data-start=\"2176\" data-end=\"2186\"><strong data-start=\"2176\" data-end=\"2186\">859647<\/strong><\/p>\n<\/li>\n<\/ul>\n<p data-start=\"2188\" data-end=\"2207\"><strong data-start=\"2188\" data-end=\"2205\">Geeignet f\u00fcr:<\/strong><\/p>\n<ul data-start=\"2208\" data-end=\"2289\">\n<li data-start=\"2208\" data-end=\"2217\">\n<p data-start=\"2210\" data-end=\"2217\">MD22A<\/p>\n<\/li>\n<li data-start=\"2218\" data-end=\"2229\">\n<p data-start=\"2220\" data-end=\"2229\">MD22L-A<\/p>\n<\/li>\n<li data-start=\"2230\" data-end=\"2241\">\n<p data-start=\"2232\" data-end=\"2241\">MD22L-B<\/p>\n<\/li>\n<li data-start=\"2242\" data-end=\"2253\">\n<p data-start=\"2244\" data-end=\"2253\">MD22P-B<\/p>\n<\/li>\n<li data-start=\"2254\" data-end=\"2264\">\n<p data-start=\"2256\" data-end=\"2264\">TMD22A<\/p>\n<\/li>\n<li data-start=\"2265\" data-end=\"2275\">\n<p data-start=\"2267\" data-end=\"2275\">TMD22B<\/p>\n<\/li>\n<li data-start=\"2276\" data-end=\"2289\">\n<p data-start=\"2278\" data-end=\"2289\">TAMD22P-B<\/p>\n<\/li>\n<\/ul>\n<p data-start=\"2278\" data-end=\"2289\"><span style=\"color: #1b1919; font-size: 22px;\">  Merkmale:<\/span><\/p>\n<ul data-start=\"2309\" data-end=\"2452\">\n<li data-start=\"2309\" data-end=\"2355\">\n<p data-start=\"2311\" data-end=\"2355\">Entwickelt f\u00fcr Volvo Penta Motoren der 22er Serie<\/p>\n<\/li>\n<li data-start=\"2356\" data-end=\"2397\">\n<p data-start=\"2358\" data-end=\"2397\">Gew\u00e4hrleistet eine hervorragende Abdichtung durch Kompression<\/p>\n<\/li>\n<li data-start=\"2398\" data-end=\"2452\">\n<p data-start=\"2400\" data-end=\"2452\">Zuverl\u00e4ssiger Ersatz f\u00fcr die Reparatur oder \u00dcberholung von Motoren<\/p>\n<\/li>\n<\/ul>\n","protected":false},"excerpt":{"rendered":"<p>Diese Zylinderkopfdichtung ist f\u00fcr die Volvo Penta Motoren der Serien MD22 und TMD22 geeignet. Sie bietet eine pr\u00e4zise Passform und eine zuverl\u00e4ssige Abdichtung sowohl f\u00fcr die Standard- als auch f\u00fcr die aufgeladene Version. Entwickelt, um den OEM-Spezifikationen zu entsprechen und eine lange Lebensdauer zu gew\u00e4hrleisten. Ersetzt die OEM-Nummer: 859647 Geeignet f\u00fcr: MD22A MD22L-A MD22L-B MD22P-B [&hellip;]<\/p>\n","protected":false},"featured_media":42983,"comment_status":"open","ping_status":"closed","template":"","meta":[],"product_brand":[4230],"product_cat":[4488,2498,3037,3038,4308],"product_tag":[],"class_list":{"0":"post-42982","1":"product","2":"type-product","3":"status-publish","4":"has-post-thumbnail","6":"product_brand-volvo-penta","7":"product_cat-brauchen-sie-volvo-penta-teile","8":"product_cat-ersatzteile-fur-motoren","9":"product_cat-kits-fur-wartung-und-reparatur","10":"product_cat-motor-dichtungen","11":"product_cat-volvo-penta","12":"pa_condition-neu","13":"pa_model-md22","14":"pa_model-tamd22","15":"pa_model-tmd22","16":"pa_oem-or-aftermarket-aftermarket","18":"first","19":"instock","20":"taxable","21":"shipping-taxable","22":"purchasable","23":"product-type-simple"},"supplier_id":7294,"supplier_sku":"REC859647","barcode":null,"atum_controlled":true,"out_stock_date":null,"out_stock_threshold":null,"inheritable":false,"inbound_stock":0,"stock_on_hold":0,"sold_today":0,"sales_last_days":0,"reserved_stock":0,"customer_returns":0,"warehouse_damage":0,"lost_in_post":0,"other_logs":0,"out_stock_days":0,"lost_sales":0,"has_location":false,"update_date":"2025-12-18T10:37:15","atum_locations":[],"atum_stock_status":"instock","restock_status":false,"low_stock_amount":0,"sales_update_date":"2025-12-18T10:37:15","calc_backorders":null,"_links":{"self":[{"href":"https:\/\/wp.marinepartsystem.com\/de\/wp-json\/wp\/v2\/product\/42982","targetHints":{"allow":["GET"]}}],"collection":[{"href":"https:\/\/wp.marinepartsystem.com\/de\/wp-json\/wp\/v2\/product"}],"about":[{"href":"https:\/\/wp.marinepartsystem.com\/de\/wp-json\/wp\/v2\/types\/product"}],"replies":[{"embeddable":true,"href":"https:\/\/wp.marinepartsystem.com\/de\/wp-json\/wp\/v2\/comments?post=42982"}],"wp:featuredmedia":[{"embeddable":true,"href":"https:\/\/wp.marinepartsystem.com\/de\/wp-json\/wp\/v2\/media\/42983"}],"wp:attachment":[{"href":"https:\/\/wp.marinepartsystem.com\/de\/wp-json\/wp\/v2\/media?parent=42982"}],"wp:term":[{"taxonomy":"product_brand","embeddable":true,"href":"https:\/\/wp.marinepartsystem.com\/de\/wp-json\/wp\/v2\/product_brand?post=42982"},{"taxonomy":"product_cat","embeddable":true,"href":"https:\/\/wp.marinepartsystem.com\/de\/wp-json\/wp\/v2\/product_cat?post=42982"},{"taxonomy":"product_tag","embeddable":true,"href":"https:\/\/wp.marinepartsystem.com\/de\/wp-json\/wp\/v2\/product_tag?post=42982"}],"curies":[{"name":"wp","href":"https:\/\/api.w.org\/{rel}","templated":true}]}}