{"id":42709,"date":"2025-11-14T12:33:41","date_gmt":"2025-11-14T12:33:41","guid":{"rendered":"https:\/\/marinepartsystem.com\/product\/volvo-penta-anodensatz-sxa-dpsa-zink-komplett-mit-beschlaegen\/"},"modified":"2025-12-18T10:38:41","modified_gmt":"2025-12-18T10:38:41","slug":"volvo-penta-anodensatz-sxa-dpsa-zink-komplett-mit-beschlaegen","status":"publish","type":"product","link":"https:\/\/wp.marinepartsystem.com\/de\/produkt\/volvo-penta-anodensatz-sxa-dpsa-zink-komplett-mit-beschlaegen\/","title":{"rendered":"Volvo Penta Anodensatz SXA \/ DPSA - Zink | Komplett mit Beschl\u00e4gen"},"content":{"rendered":"<p data-start=\"498\" data-end=\"791\">Das <strong data-start=\"502\" data-end=\"545\">Volvo Penta Anoden-Kit SXA \/ DPSA - Zink<\/strong> bietet vollst\u00e4ndigen Korrosionsschutz f\u00fcr <strong data-start=\"589\" data-end=\"629\">Volvo Penta SXA und DPSA Z-Antriebe<\/strong>, die in <strong data-start=\"643\" data-end=\"669\">Salzwasser<\/strong> betrieben werden. Dieses Kit enth\u00e4lt hochwertige Zinkanoden sowie alle erforderlichen Montageteile f\u00fcr eine einfache und sichere Installation. <\/p>\n<p data-start=\"793\" data-end=\"968\">Zinkanoden sind ideal f\u00fcr <strong data-start=\"819\" data-end=\"845\">Salzwasseranwendungen<\/strong> und bieten dauerhaften Schutz vor galvanischer Korrosion f\u00fcr Ihren Z-Antrieb, Propeller und andere unter Wasser liegende Komponenten.<\/p>\n<p data-start=\"970\" data-end=\"989\"><strong data-start=\"970\" data-end=\"987\">Geeignet f\u00fcr:<\/strong><\/p>\n<ul data-start=\"990\" data-end=\"1054\">\n<li data-start=\"990\" data-end=\"1021\">\n<p data-start=\"992\" data-end=\"1021\">Volvo Penta SXA-Heckantriebe<\/p>\n<\/li>\n<li data-start=\"1022\" data-end=\"1054\">\n<p data-start=\"1024\" data-end=\"1054\">Volvo Penta DPSA-Heckantriebe<\/p>\n<\/li>\n<\/ul>\n<p data-start=\"1056\" data-end=\"1071\"><strong data-start=\"1056\" data-end=\"1069\">Material:<\/strong><\/p>\n<ul data-start=\"1072\" data-end=\"1119\">\n<li data-start=\"1072\" data-end=\"1119\">\n<p data-start=\"1074\" data-end=\"1119\"><strong data-start=\"1074\" data-end=\"1082\">Zink<\/strong> - ideal f\u00fcr Salzwasserumgebungen<\/p>\n<\/li>\n<\/ul>\n<h3 data-start=\"1184\" data-end=\"1209\"><strong data-start=\"1190\" data-end=\"1207\">Wichtige Merkmale:<\/strong><\/h3>\n<ul data-start=\"1210\" data-end=\"1449\">\n<li data-start=\"1210\" data-end=\"1259\">\n<p data-start=\"1212\" data-end=\"1259\">Kompletter Zinkanodensatz f\u00fcr SXA \/ DPSA Antriebe<\/p>\n<\/li>\n<li data-start=\"1260\" data-end=\"1297\">\n<p data-start=\"1262\" data-end=\"1297\">Ausgezeichneter Schutz in Salzwasser<\/p>\n<\/li>\n<li data-start=\"1298\" data-end=\"1341\">\n<p data-start=\"1300\" data-end=\"1341\">Inklusive aller erforderlichen Montageteile<\/p>\n<\/li>\n<li data-start=\"1342\" data-end=\"1399\">\n<p data-start=\"1344\" data-end=\"1399\">Sch\u00fctzt Z-Antrieb, Propeller und untergetauchte Metallteile<\/p>\n<\/li>\n<li data-start=\"1400\" data-end=\"1449\">\n<p data-start=\"1402\" data-end=\"1449\">Langlebig und passgenau f\u00fcr eine einfache Installation<\/p>\n<\/li>\n<\/ul>\n","protected":false},"excerpt":{"rendered":"<p>Das Volvo Penta Anoden-Kit SXA \/ DPSA - Zink bietet vollst\u00e4ndigen Korrosionsschutz f\u00fcr Volvo Penta SXA und DPSA Z-Antriebe, die in Salzwasser betrieben werden. Dieses Kit enth\u00e4lt hochwertige Zinkanoden sowie alle erforderlichen Montageteile f\u00fcr eine einfache und sichere Installation. Zinkanoden sind ideal f\u00fcr Salzwasseranwendungen und bieten dauerhaften Schutz vor galvanischer Korrosion f\u00fcr Ihren Z-Antrieb, Propeller [&hellip;]<\/p>\n","protected":false},"featured_media":42710,"comment_status":"open","ping_status":"closed","template":"","meta":[],"product_brand":[4230],"product_cat":[3286,4488,2498,4308,4523,4526],"product_tag":[],"class_list":{"0":"post-42709","1":"product","2":"type-product","3":"status-publish","4":"has-post-thumbnail","6":"product_brand-volvo-penta","7":"product_cat-anoden","8":"product_cat-brauchen-sie-volvo-penta-teile","9":"product_cat-ersatzteile-fur-motoren","10":"product_cat-volvo-penta","11":"product_cat-volvo-penta-anoden","12":"product_cat-volvo-penta-service-teile","13":"pa_condition-neu","14":"pa_oem-or-aftermarket-aftermarket","16":"first","17":"onbackorder","18":"sale","19":"taxable","20":"shipping-taxable","21":"purchasable","22":"product-type-simple"},"supplier_id":45614,"supplier_sku":"KITVOLVOSXA\/DPSA","barcode":null,"atum_controlled":true,"out_stock_date":"2025-11-21 12:40:41","out_stock_threshold":null,"inheritable":false,"inbound_stock":0,"stock_on_hold":0,"sold_today":0,"sales_last_days":0,"reserved_stock":0,"customer_returns":0,"warehouse_damage":0,"lost_in_post":0,"other_logs":0,"out_stock_days":26,"lost_sales":0,"has_location":false,"update_date":"2025-12-18T10:39:28","atum_locations":[],"atum_stock_status":"onbackorder","restock_status":false,"low_stock_amount":1,"sales_update_date":"2025-12-18T10:37:15","calc_backorders":null,"_links":{"self":[{"href":"https:\/\/wp.marinepartsystem.com\/de\/wp-json\/wp\/v2\/product\/42709","targetHints":{"allow":["GET"]}}],"collection":[{"href":"https:\/\/wp.marinepartsystem.com\/de\/wp-json\/wp\/v2\/product"}],"about":[{"href":"https:\/\/wp.marinepartsystem.com\/de\/wp-json\/wp\/v2\/types\/product"}],"replies":[{"embeddable":true,"href":"https:\/\/wp.marinepartsystem.com\/de\/wp-json\/wp\/v2\/comments?post=42709"}],"wp:featuredmedia":[{"embeddable":true,"href":"https:\/\/wp.marinepartsystem.com\/de\/wp-json\/wp\/v2\/media\/42710"}],"wp:attachment":[{"href":"https:\/\/wp.marinepartsystem.com\/de\/wp-json\/wp\/v2\/media?parent=42709"}],"wp:term":[{"taxonomy":"product_brand","embeddable":true,"href":"https:\/\/wp.marinepartsystem.com\/de\/wp-json\/wp\/v2\/product_brand?post=42709"},{"taxonomy":"product_cat","embeddable":true,"href":"https:\/\/wp.marinepartsystem.com\/de\/wp-json\/wp\/v2\/product_cat?post=42709"},{"taxonomy":"product_tag","embeddable":true,"href":"https:\/\/wp.marinepartsystem.com\/de\/wp-json\/wp\/v2\/product_tag?post=42709"}],"curies":[{"name":"wp","href":"https:\/\/api.w.org\/{rel}","templated":true}]}}