{"id":42629,"date":"2025-11-14T09:04:56","date_gmt":"2025-11-14T09:04:56","guid":{"rendered":"https:\/\/marinepartsystem.com\/product\/volvo-penta-anodensatz-290-c-duo-prop-serie-magnesium-komplett-mit-hardware\/"},"modified":"2025-12-18T10:43:11","modified_gmt":"2025-12-18T10:43:11","slug":"volvo-penta-anodensatz-290-c-duo-prop-serie-magnesium-komplett-mit-hardware","status":"publish","type":"product","link":"https:\/\/wp.marinepartsystem.com\/de\/produkt\/volvo-penta-anodensatz-290-c-duo-prop-serie-magnesium-komplett-mit-hardware\/","title":{"rendered":"Volvo Penta Anodensatz 290 C Duo Prop Serie - Magnesium | Komplett mit Hardware"},"content":{"rendered":"<p data-start=\"485\" data-end=\"773\">Der <strong data-start=\"489\" data-end=\"546\">Volvo Penta Anodensatz 290 C Duo Prop Serie - Magnesium<\/strong> bietet einen vollst\u00e4ndigen Korrosionsschutz f\u00fcr die Volvo Penta <strong data-start=\"606\" data-end=\"622\">290 Duo Prop<\/strong> Z-Antriebsserie. Dieser Bausatz enth\u00e4lt hochwertige Magnesiumanoden sowie das richtige Montagematerial f\u00fcr eine einfache und sichere Installation. <\/p>\n<p data-start=\"775\" data-end=\"985\">Magnesiumanoden sind die bevorzugte Wahl f\u00fcr Schiffe, die in <strong data-start=\"842\" data-end=\"856\">S\u00fc\u00dfwasser<\/strong> betrieben werden. Sie bieten den h\u00f6chsten Grad an elektrochemischem Schutz f\u00fcr Ihren Z-Antrieb, Propeller und andere untergetauchte Metallkomponenten.<\/p>\n<p data-start=\"987\" data-end=\"1006\"><strong data-start=\"987\" data-end=\"1004\">Geeignet f\u00fcr:<\/strong><\/p>\n<ul data-start=\"1007\" data-end=\"1047\">\n<li data-start=\"1007\" data-end=\"1047\">\n<p data-start=\"1009\" data-end=\"1047\">Volvo Penta 290 C Duo Prop Z-Antriebe<\/p>\n<\/li>\n<\/ul>\n<p data-start=\"1049\" data-end=\"1064\"><strong data-start=\"1049\" data-end=\"1062\">Material:<\/strong><\/p>\n<ul data-start=\"1065\" data-end=\"1129\">\n<li data-start=\"1065\" data-end=\"1129\">\n<p data-start=\"1067\" data-end=\"1129\"><strong data-start=\"1067\" data-end=\"1085\">Magnesium (Mg)<\/strong> - empfohlen f\u00fcr S\u00fc\u00dfwasserumgebungen<\/p>\n<\/li>\n<\/ul>\n<h3 data-start=\"1136\" data-end=\"1159\"><strong data-start=\"1140\" data-end=\"1157\">Inhalt des Kits:<\/strong><\/h3>\n<ul data-start=\"1160\" data-end=\"1202\">\n<li data-start=\"1160\" data-end=\"1182\">\n<p data-start=\"1162\" data-end=\"1182\"><strong data-start=\"1162\" data-end=\"1180\">1 \u00d7 00704BISMG<\/strong><\/p>\n<\/li>\n<li data-start=\"1183\" data-end=\"1202\">\n<p data-start=\"1185\" data-end=\"1202\"><strong data-start=\"1185\" data-end=\"1200\">1 \u00d7 00708MG<\/strong><\/p>\n<\/li>\n<\/ul>\n<h3 data-start=\"1209\" data-end=\"1234\">\u2b50 <strong data-start=\"1215\" data-end=\"1232\">Hauptmerkmale:<\/strong><\/h3>\n<ul data-start=\"1235\" data-end=\"1505\">\n<li data-start=\"1235\" data-end=\"1303\">\n<p data-start=\"1237\" data-end=\"1303\">Kompletter Magnesiumanodensatz f\u00fcr Volvo Penta 290 Duo Prop-Antriebe<\/p>\n<\/li>\n<li data-start=\"1304\" data-end=\"1350\">\n<p data-start=\"1306\" data-end=\"1350\">Maximaler Korrosionsschutz in S\u00fc\u00dfwasser<\/p>\n<\/li>\n<li data-start=\"1351\" data-end=\"1394\">\n<p data-start=\"1353\" data-end=\"1394\">Inklusive aller erforderlichen Montageteile<\/p>\n<\/li>\n<li data-start=\"1395\" data-end=\"1457\">\n<p data-start=\"1397\" data-end=\"1457\">Sch\u00fctzt Z-Antrieb, Propeller und andere untergetauchte Komponenten<\/p>\n<\/li>\n<li data-start=\"1458\" data-end=\"1505\">\n<p data-start=\"1460\" data-end=\"1505\">Hochwertige, langlebige Magnesiumanoden<\/p>\n<\/li>\n<\/ul>\n","protected":false},"excerpt":{"rendered":"<p>Der Volvo Penta Anodensatz 290 C Duo Prop Serie - Magnesium bietet einen vollst\u00e4ndigen Korrosionsschutz f\u00fcr die Volvo Penta 290 Duo Prop Z-Antriebsserie. Dieser Bausatz enth\u00e4lt hochwertige Magnesiumanoden sowie das richtige Montagematerial f\u00fcr eine einfache und sichere Installation. Magnesiumanoden sind die bevorzugte Wahl f\u00fcr Schiffe, die in S\u00fc\u00dfwasser betrieben werden. Sie bieten den h\u00f6chsten Grad [&hellip;]<\/p>\n","protected":false},"featured_media":42630,"comment_status":"open","ping_status":"closed","template":"","meta":[],"product_brand":[4230],"product_cat":[3286,4488,2498,4308,4523,4526],"product_tag":[],"class_list":{"0":"post-42629","1":"product","2":"type-product","3":"status-publish","4":"has-post-thumbnail","6":"product_brand-volvo-penta","7":"product_cat-anoden","8":"product_cat-brauchen-sie-volvo-penta-teile","9":"product_cat-ersatzteile-fur-motoren","10":"product_cat-volvo-penta","11":"product_cat-volvo-penta-anoden","12":"product_cat-volvo-penta-service-teile","13":"pa_condition-neu","14":"pa_oem-or-aftermarket-aftermarket","16":"first","17":"onbackorder","18":"sale","19":"taxable","20":"shipping-taxable","21":"purchasable","22":"product-type-simple"},"supplier_id":45614,"supplier_sku":"KITVOLVODP290-MG-C","barcode":null,"atum_controlled":true,"out_stock_date":"2025-11-21 12:41:18","out_stock_threshold":null,"inheritable":false,"inbound_stock":0,"stock_on_hold":0,"sold_today":0,"sales_last_days":0,"reserved_stock":0,"customer_returns":0,"warehouse_damage":0,"lost_in_post":0,"other_logs":0,"out_stock_days":26,"lost_sales":0,"has_location":false,"update_date":"2025-12-18T10:43:48","atum_locations":[],"atum_stock_status":"onbackorder","restock_status":false,"low_stock_amount":1,"sales_update_date":"2025-12-18T10:39:49","calc_backorders":null,"_links":{"self":[{"href":"https:\/\/wp.marinepartsystem.com\/de\/wp-json\/wp\/v2\/product\/42629","targetHints":{"allow":["GET"]}}],"collection":[{"href":"https:\/\/wp.marinepartsystem.com\/de\/wp-json\/wp\/v2\/product"}],"about":[{"href":"https:\/\/wp.marinepartsystem.com\/de\/wp-json\/wp\/v2\/types\/product"}],"replies":[{"embeddable":true,"href":"https:\/\/wp.marinepartsystem.com\/de\/wp-json\/wp\/v2\/comments?post=42629"}],"wp:featuredmedia":[{"embeddable":true,"href":"https:\/\/wp.marinepartsystem.com\/de\/wp-json\/wp\/v2\/media\/42630"}],"wp:attachment":[{"href":"https:\/\/wp.marinepartsystem.com\/de\/wp-json\/wp\/v2\/media?parent=42629"}],"wp:term":[{"taxonomy":"product_brand","embeddable":true,"href":"https:\/\/wp.marinepartsystem.com\/de\/wp-json\/wp\/v2\/product_brand?post=42629"},{"taxonomy":"product_cat","embeddable":true,"href":"https:\/\/wp.marinepartsystem.com\/de\/wp-json\/wp\/v2\/product_cat?post=42629"},{"taxonomy":"product_tag","embeddable":true,"href":"https:\/\/wp.marinepartsystem.com\/de\/wp-json\/wp\/v2\/product_tag?post=42629"}],"curies":[{"name":"wp","href":"https:\/\/api.w.org\/{rel}","templated":true}]}}