{"id":42521,"date":"2025-11-12T15:26:05","date_gmt":"2025-11-12T15:26:05","guid":{"rendered":"https:\/\/marinepartsystem.com\/product\/yanmar-service-kit-sk-marine-008-g-4jh-4jh2-serie\/"},"modified":"2025-11-21T13:11:56","modified_gmt":"2025-11-21T13:11:56","slug":"yanmar-service-kit-sk-marine-008-g-4jh-4jh2-serie","status":"publish","type":"product","link":"https:\/\/wp.marinepartsystem.com\/de\/produkt\/yanmar-service-kit-sk-marine-008-g-4jh-4jh2-serie\/","title":{"rendered":"Yanmar Service Kit SK-MARINE-008-G | 4JH \/ 4JH2 Serie"},"content":{"rendered":"<p data-start=\"516\" data-end=\"785\">Dieser <strong data-start=\"520\" data-end=\"558\">Yanmar Service Kit SK-MARINE-008-G<\/strong> ist ein umfassender Wartungskit f\u00fcr <strong data-start=\"603\" data-end=\"641\">Yanmar Motoren der Serien 4JH und 4JH2<\/strong>. Dieses Kit enth\u00e4lt alle wichtigen Komponenten f\u00fcr die routinem\u00e4\u00dfige Wartung und gew\u00e4hrleistet optimale Leistung, Zuverl\u00e4ssigkeit und Langlebigkeit.<\/p>\n<p data-start=\"787\" data-end=\"812\"><strong data-start=\"787\" data-end=\"810\">Kompatible Motoren:<\/strong><\/p>\n<ul data-start=\"813\" data-end=\"888\">\n<li data-start=\"813\" data-end=\"848\">\n<p data-start=\"815\" data-end=\"848\">4JH-E, 4JH-TE, 4JH-HTE, 4JH-DTE<\/p>\n<\/li>\n<li data-start=\"849\" data-end=\"888\">\n<p data-start=\"851\" data-end=\"888\">4JH2-E, 4JH2-TE, 4JH2-HTE, 4JH2-DTE<\/p>\n<\/li>\n<\/ul>\n<p data-start=\"890\" data-end=\"909\"><strong data-start=\"890\" data-end=\"907\">Das Kit enth\u00e4lt:<\/strong><\/p>\n<ul data-start=\"910\" data-end=\"1044\">\n<li data-start=\"910\" data-end=\"942\">\n<p data-start=\"912\" data-end=\"942\">1\u00d7 \u00d6lfilter - 129150-35170 (Ersatz)<\/p>\n<\/li>\n<li data-start=\"943\" data-end=\"976\">\n<p data-start=\"945\" data-end=\"976\">1\u00d7 Kraftstofffilter - 129470-55810 (Ersatz)<\/p>\n<\/li>\n<li data-start=\"977\" data-end=\"1007\">\n<p data-start=\"979\" data-end=\"1007\">1\u00d7 Impeller - 129470-42532 (Ersatz)<\/p>\n<\/li>\n<li data-start=\"1008\" data-end=\"1044\">\n<p data-start=\"1010\" data-end=\"1044\">1\u00d7 O-Ring 1AS60.0 - 24341-000600 (Ersatz)<\/p>\n<\/li>\n<\/ul>\n<p data-start=\"1046\" data-end=\"1065\"><strong data-start=\"1046\" data-end=\"1063\">Wichtige Merkmale:<\/strong><\/p>\n<ul data-start=\"1066\" data-end=\"1324\">\n<li data-start=\"1066\" data-end=\"1126\">\n<p data-start=\"1068\" data-end=\"1126\">Kompletter Austauschsatz f\u00fcr Yanmar 4JH und 4JH2 Motoren<\/p>\n<\/li>\n<li data-start=\"1127\" data-end=\"1206\">\n<p data-start=\"1129\" data-end=\"1206\">Sorgt f\u00fcr ordnungsgem\u00e4\u00dfe Schmierung, Kraftstofffiltration und K\u00fchlsystemleistung<\/p>\n<\/li>\n<li data-start=\"1207\" data-end=\"1261\">\n<p data-start=\"1209\" data-end=\"1261\">Alle notwendigen Teile f\u00fcr eine einfache Installation enthalten<\/p>\n<\/li>\n<li data-start=\"1262\" data-end=\"1324\">\n<p data-start=\"1264\" data-end=\"1324\">Hochwertige Ersatzkomponenten f\u00fcr zuverl\u00e4ssigen Betrieb<\/p>\n<\/li>\n<\/ul>\n<p data-start=\"1326\" data-end=\"1536\"><strong data-start=\"1326\" data-end=\"1350\">Warum sollten Sie sich f\u00fcr dieses Kit entscheiden:<\/strong><br data-start=\"1350\" data-end=\"1353\">Das SK-MARINE-008-G Kit ist eine praktische Komplettl\u00f6sung f\u00fcr die Wartung Ihrer <strong data-start=\"1435\" data-end=\"1466\">Yanmar 4JH- und 4JH2-Motoren<\/strong>, damit diese effizient laufen und ihre Lebensdauer verl\u00e4ngert wird.<\/p>\n","protected":false},"excerpt":{"rendered":"<p>Dieser Yanmar Service Kit SK-MARINE-008-G ist ein umfassender Wartungskit f\u00fcr Yanmar Motoren der Serien 4JH und 4JH2. Dieses Kit enth\u00e4lt alle wichtigen Komponenten f\u00fcr die routinem\u00e4\u00dfige Wartung und gew\u00e4hrleistet optimale Leistung, Zuverl\u00e4ssigkeit und Langlebigkeit. Kompatible Motoren: 4JH-E, 4JH-TE, 4JH-HTE, 4JH-DTE 4JH2-E, 4JH2-TE, 4JH2-HTE, 4JH2-DTE Das Kit enth\u00e4lt: 1\u00d7 \u00d6lfilter - 129150-35170 (Ersatz) 1\u00d7 Kraftstofffilter - [&hellip;]<\/p>\n","protected":false},"featured_media":42522,"comment_status":"open","ping_status":"closed","template":"","meta":[],"product_brand":[4236],"product_cat":[2498,3202,4441,4531,4532],"product_tag":[],"class_list":{"0":"post-42521","1":"product","2":"type-product","3":"status-publish","4":"has-post-thumbnail","6":"product_brand-yanmar","7":"product_cat-ersatzteile-fur-motoren","8":"product_cat-service-kits","9":"product_cat-yanmar","10":"product_cat-yanmar-service-teile","11":"product_cat-yanmar-service-kits","12":"pa_condition-neu","13":"pa_model-4jh","14":"pa_model-4jh-dte","15":"pa_model-4jh-e","16":"pa_model-4jh-hte","17":"pa_model-4jh-te","18":"pa_model-4jh2","19":"pa_model-4jh2dte","20":"pa_model-4jh2e","21":"pa_model-4jh2hte","22":"pa_oem-or-aftermarket-aftermarket","24":"first","25":"instock","26":"taxable","27":"shipping-taxable","28":"purchasable","29":"product-type-simple"},"supplier_id":7294,"supplier_sku":"RECSKMARINE008G","barcode":null,"atum_controlled":true,"out_stock_date":null,"out_stock_threshold":null,"inheritable":false,"inbound_stock":0,"stock_on_hold":0,"sold_today":0,"sales_last_days":0,"reserved_stock":0,"customer_returns":0,"warehouse_damage":0,"lost_in_post":0,"other_logs":0,"out_stock_days":0,"lost_sales":0,"has_location":false,"update_date":"2025-12-18T10:39:49","atum_locations":[],"atum_stock_status":"instock","restock_status":false,"low_stock_amount":1,"sales_update_date":"2025-12-18T10:39:49","calc_backorders":null,"_links":{"self":[{"href":"https:\/\/wp.marinepartsystem.com\/de\/wp-json\/wp\/v2\/product\/42521","targetHints":{"allow":["GET"]}}],"collection":[{"href":"https:\/\/wp.marinepartsystem.com\/de\/wp-json\/wp\/v2\/product"}],"about":[{"href":"https:\/\/wp.marinepartsystem.com\/de\/wp-json\/wp\/v2\/types\/product"}],"replies":[{"embeddable":true,"href":"https:\/\/wp.marinepartsystem.com\/de\/wp-json\/wp\/v2\/comments?post=42521"}],"wp:featuredmedia":[{"embeddable":true,"href":"https:\/\/wp.marinepartsystem.com\/de\/wp-json\/wp\/v2\/media\/42522"}],"wp:attachment":[{"href":"https:\/\/wp.marinepartsystem.com\/de\/wp-json\/wp\/v2\/media?parent=42521"}],"wp:term":[{"taxonomy":"product_brand","embeddable":true,"href":"https:\/\/wp.marinepartsystem.com\/de\/wp-json\/wp\/v2\/product_brand?post=42521"},{"taxonomy":"product_cat","embeddable":true,"href":"https:\/\/wp.marinepartsystem.com\/de\/wp-json\/wp\/v2\/product_cat?post=42521"},{"taxonomy":"product_tag","embeddable":true,"href":"https:\/\/wp.marinepartsystem.com\/de\/wp-json\/wp\/v2\/product_tag?post=42521"}],"curies":[{"name":"wp","href":"https:\/\/api.w.org\/{rel}","templated":true}]}}