{"id":39642,"date":"2025-10-24T11:59:41","date_gmt":"2025-10-24T11:59:41","guid":{"rendered":"https:\/\/marinepartsystem.com\/product\/volvo-penta-edelstahl-auspuffkruemmer-d6-d4-21700014-22948847\/"},"modified":"2025-10-24T11:59:41","modified_gmt":"2025-10-24T11:59:41","slug":"volvo-penta-edelstahl-auspuffkruemmer-d6-d4-21700014-22948847","status":"publish","type":"product","link":"https:\/\/wp.marinepartsystem.com\/de\/produkt\/volvo-penta-edelstahl-auspuffkruemmer-d6-d4-21700014-22948847\/","title":{"rendered":"Volvo Penta Edelstahl-Auspuffkr\u00fcmmer D6 \/ D4 - 21700014 \/ 22948847"},"content":{"rendered":"<p data-start=\"274\" data-end=\"665\"><strong data-start=\"274\" data-end=\"298\">Produktbeschreibung:<\/strong><br data-start=\"298\" data-end=\"301\">Dieser Volvo Penta Auspuffkr\u00fcmmer aus Edelstahl (Teile-Nr. 21700014 \/ 22948847) ist ein hochwertiges Ersatzteil, das f\u00fcr zuverl\u00e4ssige Leistung und Haltbarkeit entwickelt wurde. Der aus hochwertigem 316er Edelstahl gefertigte und CNC-gefr\u00e4ste Auspuffkr\u00fcmmer gew\u00e4hrleistet einen effizienten Abgasstrom, eine lange Lebensdauer und Korrosionsbest\u00e4ndigkeit in Meeresumgebungen. <\/p>\n<p data-start=\"667\" data-end=\"811\">Dieser Auspuffkr\u00fcmmer ist mit einer Vielzahl von Volvo Penta D4- und D6-Motormodellen kompatibel und ist ein hervorragender Ersatz f\u00fcr verschlissene oder besch\u00e4digte Einheiten.<\/p>\n<p data-start=\"813\" data-end=\"838\"><strong data-start=\"813\" data-end=\"836\">Kompatible Motoren:<\/strong><\/p>\n<ul data-start=\"839\" data-end=\"1420\">\n<li data-start=\"839\" data-end=\"910\">\n<p data-start=\"841\" data-end=\"910\"><strong data-start=\"841\" data-end=\"855\">Serie D4:<\/strong> D4-300-D-A, D4-300-D-C, D4-300-D-E, D4-300-D-E (IPS)<\/p>\n<\/li>\n<li data-start=\"911\" data-end=\"1420\">\n<p data-start=\"913\" data-end=\"929\"><strong data-start=\"913\" data-end=\"927\">D6 Serie:<\/strong><\/p>\n<ul data-start=\"932\" data-end=\"1420\">\n<li data-start=\"932\" data-end=\"989\">\n<p data-start=\"934\" data-end=\"989\">D6-280A-A, D6-280A-B, D6-280A-C, D6-280A-D, D6-280A-E<\/p>\n<\/li>\n<li data-start=\"992\" data-end=\"1016\">\n<p data-start=\"994\" data-end=\"1016\">D6-300A-F, D6-300D-F<\/p>\n<\/li>\n<li data-start=\"1019\" data-end=\"1120\">\n<p data-start=\"1021\" data-end=\"1120\">D6-310A-A, D6-310A-B, D6-310A-C, D6-310A-D, D6-310A-E, D6-310D-B, D6-310D-C, D6-310D-D, D6-310D-E<\/p>\n<\/li>\n<li data-start=\"1123\" data-end=\"1235\">\n<p data-start=\"1125\" data-end=\"1235\">D6-330A-B, D6-330A-C, D6-330A-D, D6-330A-E, D6-330A-F, D6-330D-B, D6-330D-C, D6-330D-D, D6-330D-E, D6-330D-F<\/p>\n<\/li>\n<li data-start=\"1238\" data-end=\"1262\">\n<p data-start=\"1240\" data-end=\"1262\">D6-350A-A, D6-350A-B<\/p>\n<\/li>\n<li data-start=\"1265\" data-end=\"1388\">\n<p data-start=\"1267\" data-end=\"1388\">D6-370A-B, D6-370A-C, D6-370A-D, D6-370A-E, D6-370A-F, D6-370D-A, D6-370D-B, D6-370D-C, D6-370D-D, D6-370D-E, D6-370D-F<\/p>\n<\/li>\n<li data-start=\"1391\" data-end=\"1404\">\n<p data-start=\"1393\" data-end=\"1404\">D6-400A-F<\/p>\n<\/li>\n<li data-start=\"1407\" data-end=\"1420\">\n<p data-start=\"1409\" data-end=\"1420\">D6-435D-F<\/p>\n<\/li>\n<\/ul>\n<\/li>\n<\/ul>\n<p data-start=\"1422\" data-end=\"1454\"><strong data-start=\"1422\" data-end=\"1452\">Ersetzt die OEM-Teilenummern:<\/strong><\/p>\n<ul data-start=\"1455\" data-end=\"1505\">\n<li data-start=\"1455\" data-end=\"1467\">\n<p data-start=\"1457\" data-end=\"1467\">21700014<\/p>\n<\/li>\n<li data-start=\"1468\" data-end=\"1480\">\n<p data-start=\"1470\" data-end=\"1480\">22948847<\/p>\n<\/li>\n<li data-start=\"1481\" data-end=\"1493\">\n<p data-start=\"1483\" data-end=\"1493\">22671214<\/p>\n<\/li>\n<li data-start=\"1494\" data-end=\"1505\">\n<p data-start=\"1496\" data-end=\"1505\">3583902<\/p>\n<\/li>\n<\/ul>\n<p data-start=\"1507\" data-end=\"1526\"><strong data-start=\"1507\" data-end=\"1524\">Wichtige Merkmale:<\/strong><\/p>\n<ul data-start=\"1527\" data-end=\"1834\">\n<li data-start=\"1527\" data-end=\"1593\">\n<p data-start=\"1529\" data-end=\"1593\">Material: Edelstahl 316 f\u00fcr maximale Korrosionsbest\u00e4ndigkeit<\/p>\n<\/li>\n<li data-start=\"1594\" data-end=\"1647\">\n<p data-start=\"1596\" data-end=\"1647\">CNC-gefr\u00e4st f\u00fcr pr\u00e4zise Passform und zuverl\u00e4ssige Abdichtung<\/p>\n<\/li>\n<li data-start=\"1648\" data-end=\"1719\">\n<p data-start=\"1650\" data-end=\"1719\">Direkter Ersatz f\u00fcr mehrere Volvo Penta D4 und D6 Motorenmodelle<\/p>\n<\/li>\n<li data-start=\"1720\" data-end=\"1783\">\n<p data-start=\"1722\" data-end=\"1783\">Sorgt f\u00fcr einen effizienten Abgasfluss und lang anhaltende Leistung<\/p>\n<\/li>\n<li data-start=\"1784\" data-end=\"1834\">\n<p data-start=\"1786\" data-end=\"1834\">Entwickelt f\u00fcr den Einsatz auf See und in rauen Umgebungen<\/p>\n<\/li>\n<\/ul>\n<p data-start=\"1929\" data-end=\"2136\">\n","protected":false},"excerpt":{"rendered":"<p>Produktbeschreibung:Dieser Volvo Penta Auspuffkr\u00fcmmer aus Edelstahl (Teile-Nr. 21700014 \/ 22948847) ist ein hochwertiges Ersatzteil, das f\u00fcr zuverl\u00e4ssige Leistung und Haltbarkeit entwickelt wurde. Der aus hochwertigem 316er Edelstahl gefertigte und CNC-gefr\u00e4ste Auspuffkr\u00fcmmer gew\u00e4hrleistet einen effizienten Abgasstrom, eine lange Lebensdauer und Korrosionsbest\u00e4ndigkeit in Meeresumgebungen. Dieser Auspuffkr\u00fcmmer ist mit einer Vielzahl von Volvo Penta D4- und D6-Motormodellen kompatibel [&hellip;]<\/p>\n","protected":false},"featured_media":39643,"comment_status":"open","ping_status":"closed","template":"","meta":[],"product_brand":[4230],"product_cat":[3207,3208,4488,2532],"product_tag":[],"class_list":{"0":"post-39642","1":"product","2":"type-product","3":"status-publish","4":"has-post-thumbnail","6":"product_brand-volvo-penta","7":"product_cat-auspuffanlagen","8":"product_cat-auspuffkrummer","9":"product_cat-brauchen-sie-volvo-penta-teile","10":"product_cat-motorenteile","11":"pa_condition-neu","12":"pa_model-d4-300","13":"pa_model-d6-280","14":"pa_model-d6-300","15":"pa_model-d6-310","16":"pa_model-d6-330","17":"pa_model-d6-350","18":"pa_model-d6-370","19":"pa_model-d6-400","20":"pa_model-d6-435","21":"pa_oem-or-aftermarket-aftermarket","23":"first","24":"onbackorder","25":"taxable","26":"shipping-taxable","27":"purchasable","28":"product-type-simple"},"supplier_id":7294,"supplier_sku":"MAR847INOX","barcode":null,"atum_controlled":true,"out_stock_date":"2025-11-02 17:30:27","out_stock_threshold":null,"inheritable":false,"inbound_stock":0,"stock_on_hold":0,"sold_today":0,"sales_last_days":0,"reserved_stock":0,"customer_returns":0,"warehouse_damage":0,"lost_in_post":0,"other_logs":0,"out_stock_days":45,"lost_sales":0,"has_location":false,"update_date":"2025-12-18T10:46:47","atum_locations":[],"atum_stock_status":"onbackorder","restock_status":false,"low_stock_amount":1,"sales_update_date":"2025-12-18T10:46:47","calc_backorders":null,"_links":{"self":[{"href":"https:\/\/wp.marinepartsystem.com\/de\/wp-json\/wp\/v2\/product\/39642","targetHints":{"allow":["GET"]}}],"collection":[{"href":"https:\/\/wp.marinepartsystem.com\/de\/wp-json\/wp\/v2\/product"}],"about":[{"href":"https:\/\/wp.marinepartsystem.com\/de\/wp-json\/wp\/v2\/types\/product"}],"replies":[{"embeddable":true,"href":"https:\/\/wp.marinepartsystem.com\/de\/wp-json\/wp\/v2\/comments?post=39642"}],"wp:featuredmedia":[{"embeddable":true,"href":"https:\/\/wp.marinepartsystem.com\/de\/wp-json\/wp\/v2\/media\/39643"}],"wp:attachment":[{"href":"https:\/\/wp.marinepartsystem.com\/de\/wp-json\/wp\/v2\/media?parent=39642"}],"wp:term":[{"taxonomy":"product_brand","embeddable":true,"href":"https:\/\/wp.marinepartsystem.com\/de\/wp-json\/wp\/v2\/product_brand?post=39642"},{"taxonomy":"product_cat","embeddable":true,"href":"https:\/\/wp.marinepartsystem.com\/de\/wp-json\/wp\/v2\/product_cat?post=39642"},{"taxonomy":"product_tag","embeddable":true,"href":"https:\/\/wp.marinepartsystem.com\/de\/wp-json\/wp\/v2\/product_tag?post=39642"}],"curies":[{"name":"wp","href":"https:\/\/api.w.org\/{rel}","templated":true}]}}