{"id":38537,"date":"2025-09-23T08:59:55","date_gmt":"2025-09-23T08:59:55","guid":{"rendered":"https:\/\/marinepartsystem.com\/product\/yanmar-128270-11310-ventildeckeldichtung\/"},"modified":"2026-03-01T12:01:48","modified_gmt":"2026-03-01T12:01:48","slug":"yanmar-128270-11310-ventildeckeldichtung","status":"publish","type":"product","link":"https:\/\/wp.marinepartsystem.com\/de\/produkt\/yanmar-128270-11310-ventildeckeldichtung\/","title":{"rendered":"Yanmar 128270-11310 Ventildeckeldichtung"},"content":{"rendered":"<h3 data-start=\"74\" data-end=\"168\"><strong data-start=\"78\" data-end=\"168\">Yanmar 128270-11310 Ventildeckeldichtung - OEM-Ersatz f\u00fcr Schiffsmotoren der 2GM-Serie<\/strong><\/h3>\n<p data-start=\"170\" data-end=\"530\">Die <strong data-start=\"174\" data-end=\"216\">Yanmar 128270-11310 Ventildeckeldichtung<\/strong> ist ein <strong data-start=\"222\" data-end=\"259\">hochwertiges OEM-Ersatzteil<\/strong> f\u00fcr <strong data-start=\"273\" data-end=\"316\">Yanmar Schiffsdieselmotoren der 2GM-Serie<\/strong>. Diese Dichtung sorgt f\u00fcr eine <strong data-start=\"340\" data-end=\"364\">dichte, zuverl\u00e4ssige Abdichtung<\/strong> zwischen dem Ventildeckel und dem Zylinderkopf. Sie <strong data-start=\"420\" data-end=\"444\">verhindert<\/strong> effektiv <strong data-start=\"420\" data-end=\"444\">\u00d6llecks<\/strong> und sorgt f\u00fcr einen sauberen, effizienten Motorbetrieb in anspruchsvollen Marineumgebungen.<\/p>\n<p data-start=\"532\" data-end=\"805\">Diese Dichtung ist ideal f\u00fcr die <strong data-start=\"542\" data-end=\"609\">Wartung des oberen Endes, die Ventileinstellung oder die komplette \u00dcberholung des Motors<\/strong>. Sie bietet eine <strong data-start=\"632\" data-end=\"678\">dauerhafte, \u00f6lbest\u00e4ndige Dichtungsleistung<\/strong> und dient als <strong data-start=\"695\" data-end=\"725\">kosteng\u00fcnstige Alternative<\/strong> zum Original Yanmar-Erstausr\u00fcsterteil - bei gleicher Zuverl\u00e4ssigkeit und Passgenauigkeit.<\/p>\n<hr data-start=\"849\" data-end=\"852\">\n<h3 data-start=\"854\" data-end=\"874\">\u2699\ufe0f Kompatibilit\u00e4t<\/h3>\n<p data-start=\"875\" data-end=\"929\">Kompatibel mit den folgenden Yanmar Schiffsmotoren:<\/p>\n<ul data-start=\"931\" data-end=\"1147\">\n<li data-start=\"931\" data-end=\"941\">\n<p data-start=\"933\" data-end=\"941\">2GM(F)<\/p>\n<\/li>\n<li data-start=\"942\" data-end=\"951\">\n<p data-start=\"944\" data-end=\"951\">2GM20<\/p>\n<\/li>\n<li data-start=\"952\" data-end=\"965\">\n<p data-start=\"954\" data-end=\"965\">2GM20-YEU<\/p>\n<\/li>\n<li data-start=\"966\" data-end=\"976\">\n<p data-start=\"968\" data-end=\"976\">2GM20B<\/p>\n<\/li>\n<li data-start=\"977\" data-end=\"987\">\n<p data-start=\"979\" data-end=\"987\">2GM20C<\/p>\n<\/li>\n<li data-start=\"988\" data-end=\"1002\">\n<p data-start=\"990\" data-end=\"1002\">2GM20C-YEU<\/p>\n<\/li>\n<li data-start=\"1003\" data-end=\"1013\">\n<p data-start=\"1005\" data-end=\"1013\">2GM20F<\/p>\n<\/li>\n<li data-start=\"1014\" data-end=\"1028\">\n<p data-start=\"1016\" data-end=\"1028\">2GM20F-YEU<\/p>\n<\/li>\n<li data-start=\"1029\" data-end=\"1044\">\n<p data-start=\"1031\" data-end=\"1044\">2GM20FC-YEU<\/p>\n<\/li>\n<li data-start=\"1045\" data-end=\"1057\">\n<p data-start=\"1047\" data-end=\"1057\">2GM20FVE<\/p>\n<\/li>\n<li data-start=\"1058\" data-end=\"1069\">\n<p data-start=\"1060\" data-end=\"1069\">2GM20VE<\/p>\n<\/li>\n<li data-start=\"1070\" data-end=\"1079\">\n<p data-start=\"1072\" data-end=\"1079\">2GMFL<\/p>\n<\/li>\n<li data-start=\"1080\" data-end=\"1094\">\n<p data-start=\"1082\" data-end=\"1094\">2GMFY(E)-E<\/p>\n<\/li>\n<li data-start=\"1095\" data-end=\"1103\">\n<p data-start=\"1097\" data-end=\"1103\">2GML<\/p>\n<\/li>\n<li data-start=\"1104\" data-end=\"1113\">\n<p data-start=\"1106\" data-end=\"1113\">2GMLP<\/p>\n<\/li>\n<li data-start=\"1114\" data-end=\"1125\">\n<p data-start=\"1116\" data-end=\"1125\">2GMLP-C<\/p>\n<\/li>\n<li data-start=\"1126\" data-end=\"1138\">\n<p data-start=\"1128\" data-end=\"1138\">2GMYE-EC<\/p>\n<\/li>\n<li data-start=\"1139\" data-end=\"1147\">\n<p data-start=\"1141\" data-end=\"1147\">2GMZ<\/p>\n<\/li>\n<\/ul>\n<p data-start=\"1149\" data-end=\"1221\"><em data-start=\"1149\" data-end=\"1219\">(\u00dcberpr\u00fcfen Sie vor der Bestellung immer Ihr Motormodell und die Seriennummer).<\/em><\/p>\n<hr data-start=\"1223\" data-end=\"1226\">\n<h3 data-start=\"1228\" data-end=\"1252\">\ud83d\udce6 Technische Details<\/h3>\n<div class=\"_tableContainer_1rjym_1\">\n<div class=\"group _tableWrapper_1rjym_13 flex w-fit flex-col-reverse\" tabindex=\"-1\">\n<table class=\"w-fit min-w-(--thread-content-width)\" data-start=\"1254\" data-end=\"1544\">\n<thead data-start=\"1254\" data-end=\"1280\">\n<tr data-start=\"1254\" data-end=\"1280\">\n<th data-start=\"1254\" data-end=\"1270\" data-col-size=\"sm\">Spezifikation<\/th>\n<th data-start=\"1270\" data-end=\"1280\" data-col-size=\"sm\">Detail<\/th>\n<\/tr>\n<\/thead>\n<tbody data-start=\"1308\" data-end=\"1544\">\n<tr data-start=\"1308\" data-end=\"1340\">\n<td data-start=\"1308\" data-end=\"1324\" data-col-size=\"sm\">Teilenummer<\/td>\n<td data-col-size=\"sm\" data-start=\"1324\" data-end=\"1340\">128270-11310<\/td>\n<\/tr>\n<tr data-start=\"1341\" data-end=\"1388\">\n<td data-start=\"1341\" data-end=\"1357\" data-col-size=\"sm\">Typ<\/td>\n<td data-col-size=\"sm\" data-start=\"1357\" data-end=\"1388\">Dichtung f\u00fcr Ventildeckel (Motorhaube)<\/td>\n<\/tr>\n<tr data-start=\"1389\" data-end=\"1446\">\n<td data-start=\"1389\" data-end=\"1405\" data-col-size=\"sm\">Material<\/td>\n<td data-col-size=\"sm\" data-start=\"1405\" data-end=\"1446\">Gummi \/ Verbundstoff f\u00fcr \u00d6lbest\u00e4ndigkeit<\/td>\n<\/tr>\n<tr data-start=\"1447\" data-end=\"1487\">\n<td data-start=\"1447\" data-end=\"1463\" data-col-size=\"sm\">Zustand<\/td>\n<td data-col-size=\"sm\" data-start=\"1463\" data-end=\"1487\">Neu, OEM Ersatz<\/td>\n<\/tr>\n<tr data-start=\"1488\" data-end=\"1544\">\n<td data-start=\"1488\" data-end=\"1504\" data-col-size=\"sm\">Kompatibilit\u00e4t<\/td>\n<td data-col-size=\"sm\" data-start=\"1504\" data-end=\"1544\">Alle oben aufgef\u00fchrten Motoren der 2GM-Serie<\/td>\n<\/tr>\n<\/tbody>\n<\/table>\n<\/div>\n<\/div>\n<hr data-start=\"1546\" data-end=\"1549\">\n<h3 data-start=\"1551\" data-end=\"1573\">\ud83d\udca1 Wann austauschen<\/h3>\n<ul data-start=\"1574\" data-end=\"1738\">\n<li data-start=\"1574\" data-end=\"1610\">\n<p data-start=\"1576\" data-end=\"1610\">\u00d6llecks im Bereich des Ventildeckels<\/p>\n<\/li>\n<li data-start=\"1611\" data-end=\"1652\">Bei der Wartung oder \u00dcberholung von Motoren<\/li>\n<\/ul>\n<hr data-start=\"1740\" data-end=\"1743\">\n<h3 data-start=\"1745\" data-end=\"1789\">\u2705 Warum diese OEM-Ersatzdichtung w\u00e4hlen<\/h3>\n<ul data-start=\"1790\" data-end=\"2004\">\n<li data-start=\"1790\" data-end=\"1845\">\n<p data-start=\"1792\" data-end=\"1845\">Zuverl\u00e4ssige Leistung entsprechend den Yanmar-Spezifikationen<\/p>\n<\/li>\n<li data-start=\"1846\" data-end=\"1908\">\n<p data-start=\"1848\" data-end=\"1908\">Strapazierf\u00e4higes Gummi-\/Verbundmaterial f\u00fcr lang anhaltende Versiegelung<\/p>\n<\/li>\n<li data-start=\"1909\" data-end=\"1960\">\n<p data-start=\"1911\" data-end=\"1960\">Kosteng\u00fcnstige Alternative zu OEM-Originalteilen<\/p>\n<\/li>\n<li data-start=\"1961\" data-end=\"2004\">\n<p data-start=\"1963\" data-end=\"2004\">Einfache Installation mit einfachen Handwerkzeugen<\/p>\n<\/li>\n<\/ul>\n<hr data-start=\"2006\" data-end=\"2009\">\n<h3 data-start=\"2011\" data-end=\"2047\">\ud83d\uded2 Erh\u00e4ltlich bei MarinePartSystem<\/h3>\n<p data-start=\"2048\" data-end=\"2205\">Kaufen Sie die <strong data-start=\"2061\" data-end=\"2121\">Yanmar 128270-11310 Ventildeckeldichtung (OEM-Ersatz)<\/strong> bei <strong data-start=\"2125\" data-end=\"2145\">MarinePartSystem<\/strong>, Ihrer vertrauensw\u00fcrdigen Quelle f\u00fcr Bootsmotor-Ersatzteile.<\/p>\n","protected":false},"excerpt":{"rendered":"<p>Yanmar 128270-11310 Ventildeckeldichtung - OEM-Ersatz f\u00fcr Schiffsmotoren der 2GM-Serie Die Yanmar 128270-11310 Ventildeckeldichtung ist ein hochwertiges OEM-Ersatzteil f\u00fcr Yanmar Schiffsdieselmotoren der 2GM-Serie. Diese Dichtung sorgt f\u00fcr eine dichte, zuverl\u00e4ssige Abdichtung zwischen dem Ventildeckel und dem Zylinderkopf. Sie verhindert effektiv \u00d6llecks und sorgt f\u00fcr einen sauberen, effizienten Motorbetrieb in anspruchsvollen Marineumgebungen. Diese Dichtung ist ideal f\u00fcr [&hellip;]<\/p>\n","protected":false},"featured_media":38538,"comment_status":"open","ping_status":"closed","template":"","meta":[],"product_brand":[4236],"product_cat":[4442,2498,3037,3038,4441,4528],"product_tag":[],"class_list":{"0":"post-38537","1":"product","2":"type-product","3":"status-publish","4":"has-post-thumbnail","6":"product_brand-yanmar","7":"product_cat-2gm-2gm20-teile","8":"product_cat-ersatzteile-fur-motoren","9":"product_cat-kits-fur-wartung-und-reparatur","10":"product_cat-motor-dichtungen","11":"product_cat-yanmar","12":"product_cat-yanmar-service-parts","13":"pa_condition-neu","14":"pa_model-2gm","15":"pa_model-2gm20","16":"pa_model-2gm20f","17":"pa_model-2gm20fv","18":"pa_model-2gm20fve","19":"pa_model-2gm20v","20":"pa_model-2gm20ve","21":"pa_model-2gmf","22":"pa_oem-or-aftermarket-aftermarket","24":"first","25":"instock","26":"sale","27":"taxable","28":"shipping-taxable","29":"purchasable","30":"product-type-simple"},"supplier_id":7294,"supplier_sku":"REC128270\u201111310","barcode":null,"atum_controlled":true,"out_stock_date":null,"out_stock_threshold":null,"inheritable":false,"inbound_stock":0,"stock_on_hold":0,"sold_today":0,"sales_last_days":0,"reserved_stock":0,"customer_returns":0,"warehouse_damage":0,"lost_in_post":0,"other_logs":0,"out_stock_days":0,"lost_sales":0,"has_location":false,"update_date":"2026-04-15T09:21:29","atum_locations":[],"atum_stock_status":"instock","restock_status":false,"low_stock_amount":1,"sales_update_date":"2026-04-15T09:21:29","calc_backorders":0,"_links":{"self":[{"href":"https:\/\/wp.marinepartsystem.com\/de\/wp-json\/wp\/v2\/product\/38537","targetHints":{"allow":["GET"]}}],"collection":[{"href":"https:\/\/wp.marinepartsystem.com\/de\/wp-json\/wp\/v2\/product"}],"about":[{"href":"https:\/\/wp.marinepartsystem.com\/de\/wp-json\/wp\/v2\/types\/product"}],"replies":[{"embeddable":true,"href":"https:\/\/wp.marinepartsystem.com\/de\/wp-json\/wp\/v2\/comments?post=38537"}],"wp:featuredmedia":[{"embeddable":true,"href":"https:\/\/wp.marinepartsystem.com\/de\/wp-json\/wp\/v2\/media\/38538"}],"wp:attachment":[{"href":"https:\/\/wp.marinepartsystem.com\/de\/wp-json\/wp\/v2\/media?parent=38537"}],"wp:term":[{"taxonomy":"product_brand","embeddable":true,"href":"https:\/\/wp.marinepartsystem.com\/de\/wp-json\/wp\/v2\/product_brand?post=38537"},{"taxonomy":"product_cat","embeddable":true,"href":"https:\/\/wp.marinepartsystem.com\/de\/wp-json\/wp\/v2\/product_cat?post=38537"},{"taxonomy":"product_tag","embeddable":true,"href":"https:\/\/wp.marinepartsystem.com\/de\/wp-json\/wp\/v2\/product_tag?post=38537"}],"curies":[{"name":"wp","href":"https:\/\/api.w.org\/{rel}","templated":true}]}}