{"id":38436,"date":"2025-09-22T13:07:42","date_gmt":"2025-09-22T13:07:42","guid":{"rendered":"https:\/\/marinepartsystem.com\/product\/kopfdichtungssatz-yanmar-729270-92601\/"},"modified":"2025-10-10T15:54:38","modified_gmt":"2025-10-10T15:54:38","slug":"kopfdichtungssatz-yanmar-729270-92601","status":"publish","type":"product","link":"https:\/\/wp.marinepartsystem.com\/de\/produkt\/kopfdichtungssatz-yanmar-729270-92601\/","title":{"rendered":"Kopfdichtungssatz Yanmar - 729270-92601"},"content":{"rendered":"<h3 data-start=\"73\" data-end=\"164\"><strong data-start=\"77\" data-end=\"164\">Yanmar 729270-92601 Kopfdichtungssatz - OEM-Ersatz f\u00fcr 3JH3E-YEU-E Schiffsmotor<\/strong><\/h3>\n<p data-start=\"166\" data-end=\"575\">Der <strong data-start=\"170\" data-end=\"209\">Yanmar 729270-92601 Zylinderkopfdichtungssatz<\/strong> ist ein <strong data-start=\"215\" data-end=\"268\">hochwertiger Aftermarket-Zylinderkopfdichtungssatz<\/strong>, der speziell f\u00fcr den <strong data-start=\"299\" data-end=\"372\">Yanmar 3JH3E-YEU-E (40 PS, 3-Zylinder, 4-Takt Schiffsdieselmotor)<\/strong> entwickelt wurde. Dieser komplette Satz enth\u00e4lt alle <strong data-start=\"409\" data-end=\"440\">wesentlichen Dichtungen,<\/strong> die f\u00fcr die Wartung des Zylinderkopfs erforderlich sind. Er gew\u00e4hrleistet eine <strong data-start=\"489\" data-end=\"551\">pr\u00e4zise Passform, eine zuverl\u00e4ssige Abdichtung und eine lange Lebensdauer<\/strong> unter maritimen Bedingungen. <\/p>\n<p data-start=\"577\" data-end=\"947\">Dieses nach <strong data-start=\"593\" data-end=\"628\">den Yanmar-OEM-Spezifikationen<\/strong> gefertigte Kit <strong data-start=\"651\" data-end=\"702\">verhindert<\/strong> effektiv <strong data-start=\"651\" data-end=\"702\">das Austreten von \u00d6l, K\u00fchlmittel und Verbrennungsgasen<\/strong> und erh\u00e4lt die <strong data-start=\"716\" data-end=\"762\">Kompression und optimale Motorleistung<\/strong> aufrecht. Er eignet sich ideal f\u00fcr die <strong data-start=\"774\" data-end=\"832\">\u00dcberholung von Motoren, die Reparatur von Zylinderk\u00f6pfen oder die routinem\u00e4\u00dfige Wartung<\/strong> und bietet eine <strong data-start=\"846\" data-end=\"876\">kosteng\u00fcnstige Alternative<\/strong> zu Yanmar-Originalteilen, ohne Kompromisse bei Qualit\u00e4t und Zuverl\u00e4ssigkeit einzugehen. <\/p>\n<h3 data-start=\"558\" data-end=\"588\"><strong data-start=\"562\" data-end=\"588\">Referenz-Artikelnummer:<\/strong><\/h3>\n<ul data-start=\"589\" data-end=\"603\">\n<li data-start=\"589\" data-end=\"603\">\n<p data-start=\"591\" data-end=\"603\">729270-92601<\/p>\n<\/li>\n<\/ul>\n<h3 data-start=\"605\" data-end=\"643\"><strong data-start=\"609\" data-end=\"643\">Kompatibel mit Yanmar Motor:<\/strong><\/h3>\n<ul data-start=\"644\" data-end=\"712\">\n<li data-start=\"644\" data-end=\"712\">\n<p data-start=\"646\" data-end=\"712\"><strong data-start=\"646\" data-end=\"661\">3JH3E-YEU-E<\/strong> (40 PS, 3-Zylinder, 4-Takt-Schiffsdieselmotor)<\/p>\n<\/li>\n<\/ul>\n<h3 data-start=\"714\" data-end=\"735\"><strong data-start=\"718\" data-end=\"735\">Wichtigste Vorteile:<\/strong><\/h3>\n<ul data-start=\"736\" data-end=\"1028\">\n<li data-start=\"736\" data-end=\"808\">\n<p data-start=\"738\" data-end=\"808\">Kompletter Aftermarket-Zylinderkopfdichtungssatz f\u00fcr Yanmar 3JH3E-YEU-E<\/p>\n<\/li>\n<li data-start=\"809\" data-end=\"862\">\n<p data-start=\"811\" data-end=\"862\">Hochwertige Dichtungen f\u00fcr eine pr\u00e4zise Passform<\/p>\n<\/li>\n<li data-start=\"863\" data-end=\"919\">\n<p data-start=\"865\" data-end=\"919\">Verhindert das Austreten von \u00d6l, K\u00fchlmittel und Verbrennungsgasen<\/p>\n<\/li>\n<li data-start=\"920\" data-end=\"968\">\n<p data-start=\"922\" data-end=\"968\">Erh\u00e4lt die Kompression und die Motorleistung<\/p>\n<\/li>\n<li data-start=\"969\" data-end=\"1028\">\n<p data-start=\"971\" data-end=\"1028\">Ideal f\u00fcr Kopfreparaturen, \u00dcberholungen und Routinewartungen<\/p>\n<\/li>\n<\/ul>\n<p data-start=\"1030\" data-end=\"1285\">Dieser <strong data-start=\"1035\" data-end=\"1086\">Aftermarket-Kopfdichtungssatz f\u00fcr Yanmar 729270-92601<\/strong> bietet eine <strong data-start=\"1096\" data-end=\"1138\">zuverl\u00e4ssige Abdichtung und Motoreffizienz<\/strong> und ist damit eine vertrauensw\u00fcrdige Wahl f\u00fcr Bootsmechaniker und Bootseigner, die Top-Wartungsarbeiten zu einer <strong data-start=\"1240\" data-end=\"1271\">budgetfreundlichen Alternative<\/strong> zu Originalteilen durchf\u00fchren.<\/p>\n<p data-start=\"1415\" data-end=\"1593\">\n","protected":false},"excerpt":{"rendered":"<p>Yanmar 729270-92601 Kopfdichtungssatz - OEM-Ersatz f\u00fcr 3JH3E-YEU-E Schiffsmotor Der Yanmar 729270-92601 Zylinderkopfdichtungssatz ist ein hochwertiger Aftermarket-Zylinderkopfdichtungssatz, der speziell f\u00fcr den Yanmar 3JH3E-YEU-E (40 PS, 3-Zylinder, 4-Takt Schiffsdieselmotor) entwickelt wurde. Dieser komplette Satz enth\u00e4lt alle wesentlichen Dichtungen, die f\u00fcr die Wartung des Zylinderkopfs erforderlich sind. Er gew\u00e4hrleistet eine pr\u00e4zise Passform, eine zuverl\u00e4ssige Abdichtung und eine lange [&hellip;]<\/p>\n","protected":false},"featured_media":38437,"comment_status":"open","ping_status":"closed","template":"","meta":[],"product_brand":[4236],"product_cat":[3037,3038],"product_tag":[],"class_list":{"0":"post-38436","1":"product","2":"type-product","3":"status-publish","4":"has-post-thumbnail","6":"product_brand-yanmar","7":"product_cat-kits-fur-wartung-und-reparatur","8":"product_cat-motor-dichtungen","9":"pa_condition-neu","10":"pa_model-3jh3-yeu","11":"pa_model-3jh3e","12":"pa_oem-or-aftermarket-aftermarket","14":"first","15":"onbackorder","16":"sale","17":"taxable","18":"shipping-taxable","19":"purchasable","20":"product-type-simple"},"supplier_id":7294,"supplier_sku":"REC729270-92601","barcode":null,"atum_controlled":true,"out_stock_date":"2025-11-21 13:00:50","out_stock_threshold":null,"inheritable":false,"inbound_stock":0,"stock_on_hold":0,"sold_today":0,"sales_last_days":0,"reserved_stock":0,"customer_returns":0,"warehouse_damage":0,"lost_in_post":0,"other_logs":0,"out_stock_days":18,"lost_sales":0,"has_location":false,"update_date":"2025-11-21T13:00:50","atum_locations":[],"atum_stock_status":"onbackorder","restock_status":false,"low_stock_amount":1,"sales_update_date":"2025-10-07T07:19:53","calc_backorders":null,"_links":{"self":[{"href":"https:\/\/wp.marinepartsystem.com\/de\/wp-json\/wp\/v2\/product\/38436","targetHints":{"allow":["GET"]}}],"collection":[{"href":"https:\/\/wp.marinepartsystem.com\/de\/wp-json\/wp\/v2\/product"}],"about":[{"href":"https:\/\/wp.marinepartsystem.com\/de\/wp-json\/wp\/v2\/types\/product"}],"replies":[{"embeddable":true,"href":"https:\/\/wp.marinepartsystem.com\/de\/wp-json\/wp\/v2\/comments?post=38436"}],"wp:featuredmedia":[{"embeddable":true,"href":"https:\/\/wp.marinepartsystem.com\/de\/wp-json\/wp\/v2\/media\/38437"}],"wp:attachment":[{"href":"https:\/\/wp.marinepartsystem.com\/de\/wp-json\/wp\/v2\/media?parent=38436"}],"wp:term":[{"taxonomy":"product_brand","embeddable":true,"href":"https:\/\/wp.marinepartsystem.com\/de\/wp-json\/wp\/v2\/product_brand?post=38436"},{"taxonomy":"product_cat","embeddable":true,"href":"https:\/\/wp.marinepartsystem.com\/de\/wp-json\/wp\/v2\/product_cat?post=38436"},{"taxonomy":"product_tag","embeddable":true,"href":"https:\/\/wp.marinepartsystem.com\/de\/wp-json\/wp\/v2\/product_tag?post=38436"}],"curies":[{"name":"wp","href":"https:\/\/api.w.org\/{rel}","templated":true}]}}