{"id":38220,"date":"2025-09-05T11:04:36","date_gmt":"2025-09-05T11:04:36","guid":{"rendered":"https:\/\/marinepartsystem.com\/product\/kopfdichtungssatz-yanmar-3jh2e-3jh2t-729171-92600\/"},"modified":"2025-09-05T11:04:36","modified_gmt":"2025-09-05T11:04:36","slug":"kopfdichtungssatz-yanmar-3jh2e-3jh2t-729171-92600","status":"publish","type":"product","link":"https:\/\/wp.marinepartsystem.com\/de\/produkt\/kopfdichtungssatz-yanmar-3jh2e-3jh2t-729171-92600\/","title":{"rendered":"Kopfdichtungssatz Yanmar 3JH2E \/ 3JH2T - 729171-92600"},"content":{"rendered":"<p data-start=\"456\" data-end=\"522\"><strong data-start=\"456\" data-end=\"520\">Kompletter Kopfdichtungssatz Yanmar 3JH2E \/ 3JH2T - 729171-92600<\/strong><\/p>\n<p data-start=\"524\" data-end=\"829\">Dieser <strong data-start=\"529\" data-end=\"588\">komplette Yanmar Zylinderkopfdichtungssatz (729171-92600)<\/strong> wurde f\u00fcr die <strong data-start=\"609\" data-end=\"643\">3JH2E und 3JH2T Marinemotoren<\/strong> entwickelt. Er enth\u00e4lt alle Dichtungen und Dichtungen, die f\u00fcr den Austausch der Zylinderkopfdichtung und die \u00dcberholung des oberen Teils des Motors erforderlich sind, um eine pr\u00e4zise Abdichtung und eine lang anhaltende Motorleistung zu gew\u00e4hrleisten. <\/p>\n<p data-start=\"831\" data-end=\"864\"><strong data-start=\"831\" data-end=\"862\">Inhalt des Dichtungssatzes:<\/strong><\/p>\n<ul data-start=\"865\" data-end=\"1175\">\n<li data-start=\"865\" data-end=\"909\">\n<p data-start=\"867\" data-end=\"909\">Zylinderkopfdichtung (OEM 3129171-01320)<\/p>\n<\/li>\n<li data-start=\"910\" data-end=\"933\">\n<p data-start=\"912\" data-end=\"933\">Ventildeckeldichtungen<\/p>\n<\/li>\n<li data-start=\"934\" data-end=\"956\">\n<p data-start=\"936\" data-end=\"956\">Dichtungen f\u00fcr die Wasserpumpe<\/p>\n<\/li>\n<li data-start=\"1016\" data-end=\"1043\">\n<p data-start=\"1018\" data-end=\"1043\">Dichtung Auspuffkr\u00fcmmer<\/p>\n<\/li>\n<li data-start=\"1044\" data-end=\"1068\">\n<p data-start=\"1046\" data-end=\"1068\">Auspuffkr\u00fcmmer Dichtung<\/p>\n<\/li>\n<li data-start=\"1069\" data-end=\"1095\">\n<p data-start=\"1071\" data-end=\"1095\">Ansaugkr\u00fcmmer Dichtung<\/p>\n<\/li>\n<li data-start=\"1096\" data-end=\"1132\">\n<p data-start=\"1098\" data-end=\"1132\">Verschiedene O-Ringe und Gummidichtungen<\/p>\n<\/li>\n<li data-start=\"1133\" data-end=\"1156\">\n<p data-start=\"1135\" data-end=\"1156\">Dichtung des Steuergeh\u00e4usedeckels<\/p>\n<\/li>\n<li data-start=\"1157\" data-end=\"1175\">\n<p data-start=\"1159\" data-end=\"1175\">Dichtung der \u00d6lwanne<\/p>\n<\/li>\n<\/ul>\n<p data-start=\"1177\" data-end=\"1214\"><strong data-start=\"1177\" data-end=\"1212\">Kompatibel mit Yanmar-Motoren:<\/strong><\/p>\n<ul data-start=\"1215\" data-end=\"1234\">\n<li data-start=\"1215\" data-end=\"1224\">\n<p data-start=\"1217\" data-end=\"1224\">3JH2E<\/p>\n<\/li>\n<li data-start=\"1225\" data-end=\"1234\">\n<p data-start=\"1227\" data-end=\"1234\">3JH2T<\/p>\n<\/li>\n<\/ul>\n<p data-start=\"1236\" data-end=\"1255\"><strong data-start=\"1236\" data-end=\"1253\">Wichtigste Vorteile:<\/strong><\/p>\n<ul data-start=\"1256\" data-end=\"1550\">\n<li data-start=\"1256\" data-end=\"1304\">\n<p data-start=\"1258\" data-end=\"1304\">Kompletter Kopfdichtungssatz f\u00fcr Yanmar 3JH2E \/ 3JH2T<\/p>\n<\/li>\n<li data-start=\"1305\" data-end=\"1384\">\n<p data-start=\"1307\" data-end=\"1384\">Gew\u00e4hrleistet eine zuverl\u00e4ssige Abdichtung von Zylinderkopf, Kr\u00fcmmern und Motorkomponenten<\/p>\n<\/li>\n<li data-start=\"1385\" data-end=\"1433\">\n<p data-start=\"1387\" data-end=\"1433\">Dichtungen in OEM-Qualit\u00e4t f\u00fcr lange Haltbarkeit<\/p>\n<\/li>\n<li data-start=\"1434\" data-end=\"1485\">\n<p data-start=\"1436\" data-end=\"1485\">Verhindert K\u00fchlmittel-, \u00d6l- und Verbrennungsgaslecks<\/p>\n<\/li>\n<li data-start=\"1486\" data-end=\"1550\">\n<p data-start=\"1488\" data-end=\"1550\">Ideal f\u00fcr die \u00dcberholung des oberen Endes und den Austausch der kompletten Kopfdichtung<\/p>\n<\/li>\n<\/ul>\n<p data-start=\"1552\" data-end=\"1776\">Dieser <strong data-start=\"1557\" data-end=\"1621\">komplette Yanmar 3JH2E \/ 3JH2T Kopfdichtungssatz (729171-92600<\/strong> ) ist die perfekte L\u00f6sung f\u00fcr professionelle Schiffsmechaniker und Bootseigner. Er bietet alle wichtigen Dichtungen f\u00fcr einen zuverl\u00e4ssigen und leckagefreien Wiederaufbau des Motors.<\/p>\n","protected":false},"excerpt":{"rendered":"<p>Kompletter Kopfdichtungssatz Yanmar 3JH2E \/ 3JH2T - 729171-92600 Dieser komplette Yanmar Zylinderkopfdichtungssatz (729171-92600) wurde f\u00fcr die 3JH2E und 3JH2T Marinemotoren entwickelt. Er enth\u00e4lt alle Dichtungen und Dichtungen, die f\u00fcr den Austausch der Zylinderkopfdichtung und die \u00dcberholung des oberen Teils des Motors erforderlich sind, um eine pr\u00e4zise Abdichtung und eine lang anhaltende Motorleistung zu gew\u00e4hrleisten. Inhalt [&hellip;]<\/p>\n","protected":false},"featured_media":38221,"comment_status":"open","ping_status":"closed","template":"","meta":[],"product_brand":[4236],"product_cat":[3038,2498,3037],"product_tag":[],"class_list":{"0":"post-38220","1":"product","2":"type-product","3":"status-publish","4":"has-post-thumbnail","6":"product_brand-yanmar","7":"product_cat-motor-dichtungen","8":"product_cat-ersatzteile-fur-motoren","9":"product_cat-kits-fur-wartung-und-reparatur","10":"pa_condition-neu","11":"pa_model-3jh2e","12":"pa_model-3jh2t","13":"pa_oem-or-aftermarket-aftermarket","15":"first","16":"onbackorder","17":"taxable","18":"shipping-taxable","19":"purchasable","20":"product-type-simple"},"supplier_id":7294,"supplier_sku":"REC729171-92600","barcode":null,"atum_controlled":true,"out_stock_date":"2025-11-21 13:01:07","out_stock_threshold":null,"inheritable":false,"inbound_stock":0,"stock_on_hold":0,"sold_today":0,"sales_last_days":0,"reserved_stock":0,"customer_returns":0,"warehouse_damage":0,"lost_in_post":0,"other_logs":0,"out_stock_days":25,"lost_sales":0,"has_location":false,"update_date":"2025-11-21T13:01:07","atum_locations":[],"atum_stock_status":"onbackorder","restock_status":false,"low_stock_amount":0,"sales_update_date":"2025-10-01T07:42:08","calc_backorders":null,"_links":{"self":[{"href":"https:\/\/wp.marinepartsystem.com\/de\/wp-json\/wp\/v2\/product\/38220","targetHints":{"allow":["GET"]}}],"collection":[{"href":"https:\/\/wp.marinepartsystem.com\/de\/wp-json\/wp\/v2\/product"}],"about":[{"href":"https:\/\/wp.marinepartsystem.com\/de\/wp-json\/wp\/v2\/types\/product"}],"replies":[{"embeddable":true,"href":"https:\/\/wp.marinepartsystem.com\/de\/wp-json\/wp\/v2\/comments?post=38220"}],"wp:featuredmedia":[{"embeddable":true,"href":"https:\/\/wp.marinepartsystem.com\/de\/wp-json\/wp\/v2\/media\/38221"}],"wp:attachment":[{"href":"https:\/\/wp.marinepartsystem.com\/de\/wp-json\/wp\/v2\/media?parent=38220"}],"wp:term":[{"taxonomy":"product_brand","embeddable":true,"href":"https:\/\/wp.marinepartsystem.com\/de\/wp-json\/wp\/v2\/product_brand?post=38220"},{"taxonomy":"product_cat","embeddable":true,"href":"https:\/\/wp.marinepartsystem.com\/de\/wp-json\/wp\/v2\/product_cat?post=38220"},{"taxonomy":"product_tag","embeddable":true,"href":"https:\/\/wp.marinepartsystem.com\/de\/wp-json\/wp\/v2\/product_tag?post=38220"}],"curies":[{"name":"wp","href":"https:\/\/api.w.org\/{rel}","templated":true}]}}