{"id":37191,"date":"2025-06-17T14:19:13","date_gmt":"2025-06-17T14:19:13","guid":{"rendered":"https:\/\/marinepartsystem.com\/product\/volvo-penta-anode-110s-antriebe-zink-875812\/"},"modified":"2025-11-29T11:03:03","modified_gmt":"2025-11-29T11:03:03","slug":"volvo-penta-anode-110s-antriebe-zink-875812","status":"publish","type":"product","link":"https:\/\/wp.marinepartsystem.com\/de\/produkt\/volvo-penta-anode-110s-antriebe-zink-875812\/","title":{"rendered":"Volvo Penta 110S Saildrive Zinkanode | 875812"},"content":{"rendered":"<p data-start=\"484\" data-end=\"806\">Die <strong>Volvo Penta 110S Saildrive Zinkanode | 875812<\/strong> (Teilenummer <strong data-start=\"543\" data-end=\"553\">875812<\/strong>) wurde entwickelt, um einen effektiven Korrosionsschutz f\u00fcr den Volvo Penta 110S Saildrive beim Betrieb in Salzwasser zu gew\u00e4hrleisten. Diese hochwertige Zinkanode tr\u00e4gt dazu bei, galvanische Korrosion an Unterwasserkomponenten zu verhindern und die Lebensdauer Ihres Saildrives zu verl\u00e4ngern. <\/p>\n<p data-start=\"808\" data-end=\"859\"><strong data-start=\"808\" data-end=\"828\">Kompatibel mit:<\/strong><br data-start=\"828\" data-end=\"831\">- Volvo Penta 110S Saildrive<\/p>\n<p data-start=\"861\" data-end=\"914\"><strong data-start=\"861\" data-end=\"874\">Material:<\/strong><br data-start=\"874\" data-end=\"877\">- Zink - geeignet f\u00fcr den Gebrauch in Salzwasser<\/p>\n<p data-start=\"916\" data-end=\"943\"><strong data-start=\"916\" data-end=\"932\">Teilenummer:<\/strong><br data-start=\"932\" data-end=\"935\">- 875812<\/p>\n<p data-start=\"945\" data-end=\"1156\"><strong data-start=\"945\" data-end=\"958\">Eigenschaften:<\/strong><br data-start=\"958\" data-end=\"961\">- Passgenau f\u00fcr Volvo Penta 110S<br data-start=\"995\" data-end=\"998\">- Langlebige Zinkkonstruktion zum Schutz vor Salzwasser<br data-start=\"1050\" data-end=\"1053\">- Verhindert galvanische Korrosion an Ihrem Segelantrieb<br data-start=\"1105\" data-end=\"1108\">- Einfache Installation mit OEM-\u00e4quivalenten Abmessungen<\/p>\n<p data-start=\"1158\" data-end=\"1371\">Die richtige Anode f\u00fcr Ihren Segelantrieb ist entscheidend f\u00fcr langfristigen Schutz und Leistung. Die Zinkanode 875812 bietet einen zuverl\u00e4ssigen Korrosionsschutz, der speziell auf den Volvo Penta 110S zugeschnitten ist. <\/p>\n","protected":false},"excerpt":{"rendered":"<p>Die Volvo Penta 110S Saildrive Zinkanode | 875812 (Teilenummer 875812) wurde entwickelt, um einen effektiven Korrosionsschutz f\u00fcr den Volvo Penta 110S Saildrive beim Betrieb in Salzwasser zu gew\u00e4hrleisten. Diese hochwertige Zinkanode tr\u00e4gt dazu bei, galvanische Korrosion an Unterwasserkomponenten zu verhindern und die Lebensdauer Ihres Saildrives zu verl\u00e4ngern. Kompatibel mit:- Volvo Penta 110S Saildrive Material:- Zink [&hellip;]<\/p>\n","protected":false},"featured_media":37192,"comment_status":"open","ping_status":"closed","template":"","meta":[],"product_brand":[4230],"product_cat":[3286,4488,2498,4308,4523,4526],"product_tag":[],"class_list":{"0":"post-37191","1":"product","2":"type-product","3":"status-publish","4":"has-post-thumbnail","6":"product_brand-volvo-penta","7":"product_cat-anoden","8":"product_cat-brauchen-sie-volvo-penta-teile","9":"product_cat-ersatzteile-fur-motoren","10":"product_cat-volvo-penta","11":"product_cat-volvo-penta-anoden","12":"product_cat-volvo-penta-service-teile","13":"pa_condition-neu","14":"pa_model-110s","15":"pa_oem-or-aftermarket-aftermarket","17":"first","18":"instock","19":"taxable","20":"shipping-taxable","21":"purchasable","22":"product-type-simple"},"supplier_id":null,"supplier_sku":"00705","barcode":null,"atum_controlled":true,"out_stock_date":null,"out_stock_threshold":null,"inheritable":false,"inbound_stock":0,"stock_on_hold":0,"sold_today":0,"sales_last_days":0,"reserved_stock":0,"customer_returns":0,"warehouse_damage":0,"lost_in_post":0,"other_logs":0,"out_stock_days":0,"lost_sales":0,"has_location":false,"update_date":"2026-01-29T09:11:17","atum_locations":[],"atum_stock_status":"instock","restock_status":false,"low_stock_amount":1,"sales_update_date":"2026-01-29T09:11:17","calc_backorders":null,"_links":{"self":[{"href":"https:\/\/wp.marinepartsystem.com\/de\/wp-json\/wp\/v2\/product\/37191","targetHints":{"allow":["GET"]}}],"collection":[{"href":"https:\/\/wp.marinepartsystem.com\/de\/wp-json\/wp\/v2\/product"}],"about":[{"href":"https:\/\/wp.marinepartsystem.com\/de\/wp-json\/wp\/v2\/types\/product"}],"replies":[{"embeddable":true,"href":"https:\/\/wp.marinepartsystem.com\/de\/wp-json\/wp\/v2\/comments?post=37191"}],"wp:featuredmedia":[{"embeddable":true,"href":"https:\/\/wp.marinepartsystem.com\/de\/wp-json\/wp\/v2\/media\/37192"}],"wp:attachment":[{"href":"https:\/\/wp.marinepartsystem.com\/de\/wp-json\/wp\/v2\/media?parent=37191"}],"wp:term":[{"taxonomy":"product_brand","embeddable":true,"href":"https:\/\/wp.marinepartsystem.com\/de\/wp-json\/wp\/v2\/product_brand?post=37191"},{"taxonomy":"product_cat","embeddable":true,"href":"https:\/\/wp.marinepartsystem.com\/de\/wp-json\/wp\/v2\/product_cat?post=37191"},{"taxonomy":"product_tag","embeddable":true,"href":"https:\/\/wp.marinepartsystem.com\/de\/wp-json\/wp\/v2\/product_tag?post=37191"}],"curies":[{"name":"wp","href":"https:\/\/api.w.org\/{rel}","templated":true}]}}