{"id":37063,"date":"2025-06-17T14:17:29","date_gmt":"2025-06-17T14:17:29","guid":{"rendered":"https:\/\/marinepartsystem.com\/product\/kopfdichtungssatz-volvo-penta-2003t-875764-876055-876309-876310\/"},"modified":"2025-11-02T15:42:32","modified_gmt":"2025-11-02T15:42:32","slug":"kopfdichtungssatz-volvo-penta-2003t-875764-876055-876309-876310","status":"publish","type":"product","link":"https:\/\/wp.marinepartsystem.com\/de\/produkt\/kopfdichtungssatz-volvo-penta-2003t-875764-876055-876309-876310\/","title":{"rendered":"Kopfdichtungssatz Volvo Penta 2003(t) 875764, 876055, 876309, 876310"},"content":{"rendered":"<ul>\n<li>Kopfdichtung (859093)<\/li>\n<li>Ventildeckeldichtung + Gummis<\/li>\n<li>Dichtung der Wasserpumpe<\/li>\n<li>Gummis f\u00fcr K\u00fchlleitungen<\/li>\n<li>Ventilschaftdichtungen<\/li>\n<li>Dichtung Auspuffkr\u00fcmmer<\/li>\n<li>Auspuffkr\u00fcmmer Dichtung<\/li>\n<li>O-Ringe und Gummidichtungen<\/li>\n<\/ul>\n<p>Volvo Penta 2003, 2003t<\/p>\n","protected":false},"excerpt":{"rendered":"<p>Kopfdichtung (859093) Ventildeckeldichtung + Gummis Dichtung der Wasserpumpe Gummis f\u00fcr K\u00fchlleitungen Ventilschaftdichtungen Dichtung Auspuffkr\u00fcmmer Auspuffkr\u00fcmmer Dichtung O-Ringe und Gummidichtungen Volvo Penta 2003, 2003t<\/p>\n","protected":false},"featured_media":37064,"comment_status":"open","ping_status":"closed","template":"","meta":[],"product_brand":[4230],"product_cat":[2498,3037,3038,4308,4473,4476,4466,4526],"product_tag":[],"class_list":{"0":"post-37063","1":"product","2":"type-product","3":"status-publish","4":"has-post-thumbnail","6":"product_brand-volvo-penta","7":"product_cat-ersatzteile-fur-motoren","8":"product_cat-kits-fur-wartung-und-reparatur","9":"product_cat-motor-dichtungen","10":"product_cat-volvo-penta","11":"product_cat-volvo-penta-2003-teile","12":"product_cat-volvo-penta-2003t-teile","13":"product_cat-volvo-penta-serie-2000","14":"product_cat-volvo-penta-service-teile","15":"pa_condition-neu","16":"pa_model-3090","17":"pa_model-2003t","18":"pa_oem-or-aftermarket-aftermarket","20":"first","21":"instock","22":"featured","23":"taxable","24":"shipping-taxable","25":"purchasable","26":"product-type-simple"},"supplier_id":null,"supplier_sku":"","barcode":null,"atum_controlled":true,"out_stock_date":null,"out_stock_threshold":null,"inheritable":false,"inbound_stock":null,"stock_on_hold":0,"sold_today":0,"sales_last_days":0,"reserved_stock":null,"customer_returns":null,"warehouse_damage":null,"lost_in_post":null,"other_logs":null,"out_stock_days":0,"lost_sales":0,"has_location":null,"update_date":"2025-11-02T15:44:48","atum_locations":[],"atum_stock_status":"instock","restock_status":false,"low_stock_amount":1,"sales_update_date":"2025-08-29T00:00:39","calc_backorders":null,"_links":{"self":[{"href":"https:\/\/wp.marinepartsystem.com\/de\/wp-json\/wp\/v2\/product\/37063","targetHints":{"allow":["GET"]}}],"collection":[{"href":"https:\/\/wp.marinepartsystem.com\/de\/wp-json\/wp\/v2\/product"}],"about":[{"href":"https:\/\/wp.marinepartsystem.com\/de\/wp-json\/wp\/v2\/types\/product"}],"replies":[{"embeddable":true,"href":"https:\/\/wp.marinepartsystem.com\/de\/wp-json\/wp\/v2\/comments?post=37063"}],"wp:featuredmedia":[{"embeddable":true,"href":"https:\/\/wp.marinepartsystem.com\/de\/wp-json\/wp\/v2\/media\/37064"}],"wp:attachment":[{"href":"https:\/\/wp.marinepartsystem.com\/de\/wp-json\/wp\/v2\/media?parent=37063"}],"wp:term":[{"taxonomy":"product_brand","embeddable":true,"href":"https:\/\/wp.marinepartsystem.com\/de\/wp-json\/wp\/v2\/product_brand?post=37063"},{"taxonomy":"product_cat","embeddable":true,"href":"https:\/\/wp.marinepartsystem.com\/de\/wp-json\/wp\/v2\/product_cat?post=37063"},{"taxonomy":"product_tag","embeddable":true,"href":"https:\/\/wp.marinepartsystem.com\/de\/wp-json\/wp\/v2\/product_tag?post=37063"}],"curies":[{"name":"wp","href":"https:\/\/api.w.org\/{rel}","templated":true}]}}