{"id":36279,"date":"2025-06-17T14:11:15","date_gmt":"2025-06-17T14:11:15","guid":{"rendered":"https:\/\/marinepartsystem.com\/product\/yanmar-4jh3-te-dte-4jh4-te-hte-hte-service-kit\/"},"modified":"2026-03-24T10:59:31","modified_gmt":"2026-03-24T10:59:31","slug":"yanmar-4jh3-te-dte-4jh4-te-hte-hte-service-kit","status":"publish","type":"product","link":"https:\/\/wp.marinepartsystem.com\/de\/produkt\/yanmar-4jh3-te-dte-4jh4-te-hte-hte-service-kit\/","title":{"rendered":"Yanmar 4JH3-TE\/DTE | 4JH4-te\/HTE\/HTE Service-Kit"},"content":{"rendered":"<p><strong>Dieses Set besteht aus:<\/strong><\/p>\n<ul>\n<li>\u00d6lfilter<\/li>\n<li>Kraftstofffilter<\/li>\n<li>O-Ring f\u00fcr Kraftstofffilter<\/li>\n<li>Impeller und Dichtung<\/li>\n<\/ul>\n<p>&nbsp;<\/p>\n<p><strong>Bestellen Sie bei Bedarf separat:<\/strong><\/p>\n<p>Luftfilter<\/p>\n<p>Multi-G\u00fcrtel<\/p>\n<p>Motor\u00f6l &amp; Getriebe- oder Saillantriebs\u00f6l<\/p>\n<p>&nbsp;<\/p>\n<p>4JH E 44PK, 4JH TE 55PK, 4JH HTE 66PK, 4JH DTE 77PK, 4JH2 (B)E 51PK, 4JH2 T(B)E 63,2 PK, 4JH2 HT(B)E 76,1PK, 4JH2 DT(B)E 88,4PK<\/p>\n","protected":false},"excerpt":{"rendered":"<p>Dieses Set besteht aus: \u00d6lfilter Kraftstofffilter O-Ring f\u00fcr Kraftstofffilter Impeller und Dichtung &nbsp; Bestellen Sie bei Bedarf separat: Luftfilter Multi-G\u00fcrtel Motor\u00f6l &amp; Getriebe- oder Saillantriebs\u00f6l &nbsp; 4JH E 44PK, 4JH TE 55PK, 4JH HTE 66PK, 4JH DTE 77PK, 4JH2 (B)E 51PK, 4JH2 T(B)E 63,2 PK, 4JH2 HT(B)E 76,1PK, 4JH2 DT(B)E 88,4PK<\/p>\n","protected":false},"featured_media":36280,"comment_status":"open","ping_status":"closed","template":"","meta":[],"product_brand":[4236],"product_cat":[2498,3202,4531,4532],"product_tag":[],"class_list":{"0":"post-36279","1":"product","2":"type-product","3":"status-publish","4":"has-post-thumbnail","6":"product_brand-yanmar","7":"product_cat-ersatzteile-fur-motoren","8":"product_cat-service-kits","9":"product_cat-yanmar-service-teile","10":"product_cat-yanmar-service-kits","11":"pa_condition-neu","12":"pa_model-4jh-dte","13":"pa_model-4jh-e","14":"pa_model-4jh-hte","15":"pa_model-4jh-te","16":"pa_model-4jh2","17":"pa_model-4jh2be","18":"pa_model-4jh2dte","19":"pa_model-4jh2e","20":"pa_model-4jh2hte","21":"pa_model-4jh2tbe","22":"pa_model-4jh2te","23":"pa_oem-or-aftermarket-oem","25":"first","26":"onbackorder","27":"taxable","28":"shipping-taxable","29":"purchasable","30":"product-type-simple"},"supplier_id":32143,"supplier_sku":"","barcode":null,"atum_controlled":true,"out_stock_date":"2025-11-21 13:08:54","out_stock_threshold":null,"inheritable":false,"inbound_stock":0,"stock_on_hold":0,"sold_today":0,"sales_last_days":0,"reserved_stock":0,"customer_returns":0,"warehouse_damage":0,"lost_in_post":0,"other_logs":0,"out_stock_days":122,"lost_sales":0,"has_location":false,"update_date":"2026-03-24T10:59:48","atum_locations":[],"atum_stock_status":"onbackorder","restock_status":false,"low_stock_amount":"","sales_update_date":"2026-03-24T10:43:45","calc_backorders":0,"_links":{"self":[{"href":"https:\/\/wp.marinepartsystem.com\/de\/wp-json\/wp\/v2\/product\/36279","targetHints":{"allow":["GET"]}}],"collection":[{"href":"https:\/\/wp.marinepartsystem.com\/de\/wp-json\/wp\/v2\/product"}],"about":[{"href":"https:\/\/wp.marinepartsystem.com\/de\/wp-json\/wp\/v2\/types\/product"}],"replies":[{"embeddable":true,"href":"https:\/\/wp.marinepartsystem.com\/de\/wp-json\/wp\/v2\/comments?post=36279"}],"wp:featuredmedia":[{"embeddable":true,"href":"https:\/\/wp.marinepartsystem.com\/de\/wp-json\/wp\/v2\/media\/36280"}],"wp:attachment":[{"href":"https:\/\/wp.marinepartsystem.com\/de\/wp-json\/wp\/v2\/media?parent=36279"}],"wp:term":[{"taxonomy":"product_brand","embeddable":true,"href":"https:\/\/wp.marinepartsystem.com\/de\/wp-json\/wp\/v2\/product_brand?post=36279"},{"taxonomy":"product_cat","embeddable":true,"href":"https:\/\/wp.marinepartsystem.com\/de\/wp-json\/wp\/v2\/product_cat?post=36279"},{"taxonomy":"product_tag","embeddable":true,"href":"https:\/\/wp.marinepartsystem.com\/de\/wp-json\/wp\/v2\/product_tag?post=36279"}],"curies":[{"name":"wp","href":"https:\/\/api.w.org\/{rel}","templated":true}]}}