{"id":36255,"date":"2025-06-17T14:10:48","date_gmt":"2025-06-17T14:10:48","guid":{"rendered":"https:\/\/marinepartsystem.com\/product\/yanmar-1gm-1gm10-1gm10c-service-kit\/"},"modified":"2026-03-24T10:58:01","modified_gmt":"2026-03-24T10:58:01","slug":"yanmar-1gm-1gm10-1gm10c-service-kit","status":"publish","type":"product","link":"https:\/\/marinepartsystem.com\/de\/produkt\/yanmar-1gm-1gm10-1gm10c-service-kit","title":{"rendered":"Yanmar 1GM, 1GM10, 1GM10C Service-Kit"},"content":{"rendered":"<p><strong>Yanmar 1GM, 1GM10, 1GM10C Wartungskit  <\/strong><\/p>\n<p>&nbsp;<\/p>\n<p><strong>Dieses Set besteht aus:<\/strong><\/p>\n<ul>\n<li>119305-135151<\/li>\n<li>\u00d6lfilter 104500-55710<\/li>\n<li>Kraftstofffilter 128176-42071<\/li>\n<li>Impeller 128170-42090<\/li>\n<li>Impeller Dichtung 24341-000440<\/li>\n<li>O-Ring f\u00fcr Kraftstofffilter<\/li>\n<\/ul>\n<p><strong>Bestellen Sie bei Bedarf separat:<\/strong><\/p>\n<ul>\n<li>Luftfilter<\/li>\n<li>Keilriemen<\/li>\n<li>Zink Anode<\/li>\n<li>Motor\u00f6l &amp; Getriebe- oder Segelantriebs\u00f6l<\/li>\n<\/ul>\n","protected":false},"excerpt":{"rendered":"<p>Yanmar 1GM, 1GM10, 1GM10C Wartungskit &nbsp; Dieses Set besteht aus: 119305-135151 \u00d6lfilter 104500-55710 Kraftstofffilter 128176-42071 Impeller 128170-42090 Impeller Dichtung 24341-000440 O-Ring f\u00fcr Kraftstofffilter Bestellen Sie bei Bedarf separat: Luftfilter Keilriemen Zink Anode Motor\u00f6l &amp; Getriebe- oder Segelantriebs\u00f6l<\/p>\n","protected":false},"featured_media":36256,"comment_status":"open","ping_status":"closed","template":"","meta":[],"product_brand":[4236],"product_cat":[4452,2498,3202,4441,4531,4532],"product_tag":[],"class_list":{"0":"post-36255","1":"product","2":"type-product","3":"status-publish","4":"has-post-thumbnail","6":"product_brand-yanmar","7":"product_cat-1gm-1gm10-teile","8":"product_cat-ersatzteile-fur-motoren","9":"product_cat-service-kits","10":"product_cat-yanmar","11":"product_cat-yanmar-service-teile","12":"product_cat-yanmar-service-kits","13":"pa_condition-neu","14":"pa_model-1gm","15":"pa_model-1gm10","16":"pa_model-1gm10c","17":"pa_oem-or-aftermarket-oem","19":"first","20":"onbackorder","21":"taxable","22":"shipping-taxable","23":"purchasable","24":"product-type-simple"},"supplier_id":32143,"supplier_sku":"","barcode":null,"atum_controlled":true,"out_stock_date":"2025-11-21 13:09:13","out_stock_threshold":null,"inheritable":false,"inbound_stock":0,"stock_on_hold":0,"sold_today":0,"sales_last_days":0,"reserved_stock":0,"customer_returns":0,"warehouse_damage":0,"lost_in_post":0,"other_logs":0,"out_stock_days":122,"lost_sales":0,"has_location":false,"update_date":"2026-03-24T10:59:47","atum_locations":[],"atum_stock_status":"onbackorder","restock_status":false,"low_stock_amount":"","sales_update_date":"2026-03-24T10:43:45","calc_backorders":0,"_links":{"self":[{"href":"https:\/\/wp.marinepartsystem.com\/de\/wp-json\/wp\/v2\/product\/36255","targetHints":{"allow":["GET"]}}],"collection":[{"href":"https:\/\/wp.marinepartsystem.com\/de\/wp-json\/wp\/v2\/product"}],"about":[{"href":"https:\/\/wp.marinepartsystem.com\/de\/wp-json\/wp\/v2\/types\/product"}],"replies":[{"embeddable":true,"href":"https:\/\/wp.marinepartsystem.com\/de\/wp-json\/wp\/v2\/comments?post=36255"}],"wp:featuredmedia":[{"embeddable":true,"href":"https:\/\/wp.marinepartsystem.com\/de\/wp-json\/wp\/v2\/media\/36256"}],"wp:attachment":[{"href":"https:\/\/wp.marinepartsystem.com\/de\/wp-json\/wp\/v2\/media?parent=36255"}],"wp:term":[{"taxonomy":"product_brand","embeddable":true,"href":"https:\/\/wp.marinepartsystem.com\/de\/wp-json\/wp\/v2\/product_brand?post=36255"},{"taxonomy":"product_cat","embeddable":true,"href":"https:\/\/wp.marinepartsystem.com\/de\/wp-json\/wp\/v2\/product_cat?post=36255"},{"taxonomy":"product_tag","embeddable":true,"href":"https:\/\/wp.marinepartsystem.com\/de\/wp-json\/wp\/v2\/product_tag?post=36255"}],"curies":[{"name":"wp","href":"https:\/\/api.w.org\/{rel}","templated":true}]}}