{"id":35956,"date":"2025-06-17T14:09:51","date_gmt":"2025-06-17T14:09:51","guid":{"rendered":"https:\/\/marinepartsystem.com\/product\/volvo-penta-md2030-kopfdichtungssatz\/"},"modified":"2026-03-24T09:00:19","modified_gmt":"2026-03-24T09:00:19","slug":"volvo-penta-md2030-kopfdichtungssatz","status":"publish","type":"product","link":"https:\/\/wp.marinepartsystem.com\/de\/produkt\/volvo-penta-md2030-kopfdichtungssatz\/","title":{"rendered":"Volvo Penta MD2030 Kopfdichtungssatz"},"content":{"rendered":"<p>Kompletter Dichtungssatz zum Ersetzen der Zylinderkopfdichtung von<\/p>\n<p>Der Dichtungssatz enth\u00e4lt:<\/p>\n<ul>\n<li>Zylinderkopfdichtung (3580309)<\/li>\n<li>Ventildeckeldichtungen<\/li>\n<li>Dichtungen f\u00fcr die Wasserpumpe<\/li>\n<li>Ventilschaftdichtungen<\/li>\n<li>Dichtung Auspuffkr\u00fcmmer<\/li>\n<li>Ansaugkr\u00fcmmer Dichtung<\/li>\n<li>Auspuffkr\u00fcmmer Dichtung<\/li>\n<\/ul>\n<p>Geeignet f\u00fcr:<\/p>\n<ul>\n<li>Volvo Penta MD2030A<\/li>\n<li>Volvo Penta MD2030B<\/li>\n<li>Volvo Penta MD2030C<\/li>\n<li>Volvo Penta MD2030D<\/li>\n<\/ul>\n","protected":false},"excerpt":{"rendered":"<p>Kompletter Dichtungssatz zum Ersetzen der Zylinderkopfdichtung von Der Dichtungssatz enth\u00e4lt: Zylinderkopfdichtung (3580309) Ventildeckeldichtungen Dichtungen f\u00fcr die Wasserpumpe Ventilschaftdichtungen Dichtung Auspuffkr\u00fcmmer Ansaugkr\u00fcmmer Dichtung Auspuffkr\u00fcmmer Dichtung Geeignet f\u00fcr: Volvo Penta MD2030A Volvo Penta MD2030B Volvo Penta MD2030C Volvo Penta MD2030D<\/p>\n","protected":false},"featured_media":35957,"comment_status":"open","ping_status":"closed","template":"","meta":[],"product_brand":[4230],"product_cat":[2498,4308,4309,4316,4526],"product_tag":[],"class_list":{"0":"post-35956","1":"product","2":"type-product","3":"status-publish","4":"has-post-thumbnail","6":"product_brand-volvo-penta","7":"product_cat-ersatzteile-fur-motoren","8":"product_cat-volvo-penta","9":"product_cat-volvo-penta-md-serie","10":"product_cat-volvo-penta-md2030-teile","11":"product_cat-volvo-penta-service-teile","13":"first","14":"instock","15":"taxable","16":"shipping-taxable","17":"purchasable","18":"product-type-simple"},"supplier_id":7294,"supplier_sku":"","barcode":null,"atum_controlled":true,"out_stock_date":null,"out_stock_threshold":null,"inheritable":false,"inbound_stock":0,"stock_on_hold":1,"sold_today":0,"sales_last_days":0,"reserved_stock":0,"customer_returns":0,"warehouse_damage":0,"lost_in_post":0,"other_logs":0,"out_stock_days":0,"lost_sales":0,"has_location":false,"update_date":"2026-03-24T09:02:47","atum_locations":[],"atum_stock_status":"instock","restock_status":false,"low_stock_amount":"","sales_update_date":"2026-03-24T08:55:45","calc_backorders":0,"_links":{"self":[{"href":"https:\/\/wp.marinepartsystem.com\/de\/wp-json\/wp\/v2\/product\/35956","targetHints":{"allow":["GET"]}}],"collection":[{"href":"https:\/\/wp.marinepartsystem.com\/de\/wp-json\/wp\/v2\/product"}],"about":[{"href":"https:\/\/wp.marinepartsystem.com\/de\/wp-json\/wp\/v2\/types\/product"}],"replies":[{"embeddable":true,"href":"https:\/\/wp.marinepartsystem.com\/de\/wp-json\/wp\/v2\/comments?post=35956"}],"wp:featuredmedia":[{"embeddable":true,"href":"https:\/\/wp.marinepartsystem.com\/de\/wp-json\/wp\/v2\/media\/35957"}],"wp:attachment":[{"href":"https:\/\/wp.marinepartsystem.com\/de\/wp-json\/wp\/v2\/media?parent=35956"}],"wp:term":[{"taxonomy":"product_brand","embeddable":true,"href":"https:\/\/wp.marinepartsystem.com\/de\/wp-json\/wp\/v2\/product_brand?post=35956"},{"taxonomy":"product_cat","embeddable":true,"href":"https:\/\/wp.marinepartsystem.com\/de\/wp-json\/wp\/v2\/product_cat?post=35956"},{"taxonomy":"product_tag","embeddable":true,"href":"https:\/\/wp.marinepartsystem.com\/de\/wp-json\/wp\/v2\/product_tag?post=35956"}],"curies":[{"name":"wp","href":"https:\/\/api.w.org\/{rel}","templated":true}]}}