{"id":35817,"date":"2025-06-17T14:08:26","date_gmt":"2025-06-17T14:08:26","guid":{"rendered":"https:\/\/marinepartsystem.com\/product\/servicekit-2001-2002-2003-877194\/"},"modified":"2026-03-23T12:13:24","modified_gmt":"2026-03-23T12:13:24","slug":"servicekit-2001-2002-2003-877194","status":"publish","type":"product","link":"https:\/\/wp.marinepartsystem.com\/de\/produkt\/servicekit-2001-2002-2003-877194\/","title":{"rendered":"Servicekit Volvo Penta 2001, 2002, 2003 877194"},"content":{"rendered":"<p data-start=\"123\" data-end=\"354\">Sorgen Sie daf\u00fcr, dass Ihr Volvo Penta-Motor reibungslos l\u00e4uft, mit diesem kompletten Service-Kit f\u00fcr die Modelle 2001, 2002, 2003 und 2003T. Dieses Kit enth\u00e4lt alle wesentlichen Komponenten, die Sie f\u00fcr die routinem\u00e4\u00dfige Wartung und optimale Leistung ben\u00f6tigen. <\/p>\n<p data-start=\"356\" data-end=\"371\"><strong data-start=\"356\" data-end=\"369\">Beinhaltet:<\/strong><\/p>\n<ul data-start=\"372\" data-end=\"678\">\n<li data-start=\"372\" data-end=\"474\">\n<p data-start=\"374\" data-end=\"474\"><strong data-start=\"374\" data-end=\"389\">\u00d6lfilter:<\/strong> 87719422057107 - Sorgt f\u00fcr einen sauberen \u00d6lkreislauf und sch\u00fctzt Ihren Motor vor Verschlei\u00df.<\/p>\n<\/li>\n<li data-start=\"475\" data-end=\"567\">\n<p data-start=\"477\" data-end=\"567\"><strong data-start=\"477\" data-end=\"493\">Kraftstofffilter:<\/strong> 829913 - H\u00e4lt den Kraftstoff frei von Verunreinigungen f\u00fcr einen zuverl\u00e4ssigen Motorbetrieb.<\/p>\n<\/li>\n<li data-start=\"568\" data-end=\"678\">\n<p data-start=\"570\" data-end=\"678\"><strong data-start=\"570\" data-end=\"583\">Impeller:<\/strong> 21951342 - Sorgt f\u00fcr einen ordnungsgem\u00e4\u00dfen Wasserdurchfluss, um eine \u00dcberhitzung zu vermeiden und die Motorteile zu sch\u00fctzen.<\/p>\n<\/li>\n<\/ul>\n<p data-start=\"680\" data-end=\"724\"><strong data-start=\"680\" data-end=\"722\">Passend f\u00fcr die folgenden Volvo Penta Modelle:<\/strong><\/p>\n<ul data-start=\"725\" data-end=\"761\">\n<li data-start=\"725\" data-end=\"733\">\n<p data-start=\"727\" data-end=\"733\">2001<\/p>\n<\/li>\n<li data-start=\"734\" data-end=\"742\">\n<p data-start=\"736\" data-end=\"742\">2002<\/p>\n<\/li>\n<li data-start=\"743\" data-end=\"751\">\n<p data-start=\"745\" data-end=\"751\">2003<\/p>\n<\/li>\n<li data-start=\"752\" data-end=\"761\">\n<p data-start=\"754\" data-end=\"761\">2003T ( verschiedene Impeller )<\/p>\n<\/li>\n<\/ul>\n<p data-start=\"763\" data-end=\"929\">Dieses Kit eignet sich perfekt f\u00fcr die Wartung durch den Heimwerker oder den Fachmann. Es enth\u00e4lt alle wichtigen Teile in einem praktischen Paket und sorgt daf\u00fcr, dass Ihr Motor in Topform bleibt.<\/p>\n","protected":false},"excerpt":{"rendered":"<p>Sorgen Sie daf\u00fcr, dass Ihr Volvo Penta-Motor reibungslos l\u00e4uft, mit diesem kompletten Service-Kit f\u00fcr die Modelle 2001, 2002, 2003 und 2003T. Dieses Kit enth\u00e4lt alle wesentlichen Komponenten, die Sie f\u00fcr die routinem\u00e4\u00dfige Wartung und optimale Leistung ben\u00f6tigen. Beinhaltet: \u00d6lfilter: 87719422057107 - Sorgt f\u00fcr einen sauberen \u00d6lkreislauf und sch\u00fctzt Ihren Motor vor Verschlei\u00df. Kraftstofffilter: 829913 - [&hellip;]<\/p>\n","protected":false},"featured_media":23583,"comment_status":"open","ping_status":"closed","template":"","meta":[],"product_brand":[],"product_cat":[2498,3202,4479,4308,4722,4467,4470,4713,4473,4476,4466],"product_tag":[],"class_list":{"0":"post-35817","1":"product","2":"type-product","3":"status-publish","4":"has-post-thumbnail","6":"product_cat-ersatzteile-fur-motoren","7":"product_cat-service-kits","8":"product_cat-service-kits-volvo-penta","9":"product_cat-volvo-penta","10":"product_cat-volvo-penta-2000-serie-service-teile","11":"product_cat-volvo-penta-2001-teile","12":"product_cat-volvo-penta-2002-teile","13":"product_cat-volvo-penta-2002-wartungssatz","14":"product_cat-volvo-penta-2003-teile","15":"product_cat-volvo-penta-2003t-teile","16":"product_cat-volvo-penta-serie-2000","17":"pa_condition-neu","18":"pa_model-3088","19":"pa_model-3089","20":"pa_model-3090","21":"pa_oem-or-aftermarket-oem","23":"first","24":"onbackorder","25":"sale","26":"taxable","27":"shipping-taxable","28":"purchasable","29":"product-type-simple"},"supplier_id":32142,"supplier_sku":"877194","barcode":null,"atum_controlled":true,"out_stock_date":"2026-02-26 10:20:27","out_stock_threshold":null,"inheritable":false,"inbound_stock":0,"stock_on_hold":0,"sold_today":0,"sales_last_days":0,"reserved_stock":0,"customer_returns":0,"warehouse_damage":0,"lost_in_post":0,"other_logs":0,"out_stock_days":25,"lost_sales":0,"has_location":false,"update_date":"2026-03-23T12:14:18","atum_locations":[],"atum_stock_status":"onbackorder","restock_status":false,"low_stock_amount":"","sales_update_date":"2026-03-23T11:52:12","calc_backorders":0,"_links":{"self":[{"href":"https:\/\/wp.marinepartsystem.com\/de\/wp-json\/wp\/v2\/product\/35817","targetHints":{"allow":["GET"]}}],"collection":[{"href":"https:\/\/wp.marinepartsystem.com\/de\/wp-json\/wp\/v2\/product"}],"about":[{"href":"https:\/\/wp.marinepartsystem.com\/de\/wp-json\/wp\/v2\/types\/product"}],"replies":[{"embeddable":true,"href":"https:\/\/wp.marinepartsystem.com\/de\/wp-json\/wp\/v2\/comments?post=35817"}],"wp:featuredmedia":[{"embeddable":true,"href":"https:\/\/wp.marinepartsystem.com\/de\/wp-json\/wp\/v2\/media\/23583"}],"wp:attachment":[{"href":"https:\/\/wp.marinepartsystem.com\/de\/wp-json\/wp\/v2\/media?parent=35817"}],"wp:term":[{"taxonomy":"product_brand","embeddable":true,"href":"https:\/\/wp.marinepartsystem.com\/de\/wp-json\/wp\/v2\/product_brand?post=35817"},{"taxonomy":"product_cat","embeddable":true,"href":"https:\/\/wp.marinepartsystem.com\/de\/wp-json\/wp\/v2\/product_cat?post=35817"},{"taxonomy":"product_tag","embeddable":true,"href":"https:\/\/wp.marinepartsystem.com\/de\/wp-json\/wp\/v2\/product_tag?post=35817"}],"curies":[{"name":"wp","href":"https:\/\/api.w.org\/{rel}","templated":true}]}}