{"id":34474,"date":"2025-06-17T13:52:48","date_gmt":"2025-06-17T13:52:48","guid":{"rendered":"https:\/\/marinepartsystem.com\/product\/anlasser-volvo-penta-kad-tmd-tamd-3581774\/"},"modified":"2026-03-21T12:23:39","modified_gmt":"2026-03-21T12:23:39","slug":"anlasser-volvo-penta-kad-tmd-tamd-3581774","status":"publish","type":"product","link":"https:\/\/wp.marinepartsystem.com\/de\/produkt\/anlasser-volvo-penta-kad-tmd-tamd-3581774\/","title":{"rendered":"Anlasser Volvo Penta KAD TMD TAMD 3581774"},"content":{"rendered":"<p><strong>Spezifikationen<\/strong><\/p>\n<p>Spannung: 12<br \/>\nKW: 3.2<br \/>\nFlansch \u00d8 [mm]: 88.7<br \/>\nAnzahl der Z\u00e4hne: 11<br \/>\nB+: M8<br \/>\nAnzahl der Montagebohrungen: 3<br \/>\nMontagewinkel [Grad]: -50<br \/>\nRotation: CW<\/p>\n<p>&nbsp;<\/p>\n<p><strong>Verwendet f\u00fcr Volvo Penta Benzin-Motoren<\/strong>:<br \/>\nAQ115A, AQ115B, AQ130, AQ130A, AQ130B, AQ130C, AQ130D, AQ165A, AQ170A, AQ170B, AQ170C, AQD21A, BB115A, BB115B, BB115C, BB165A, BB170A, BB170B, BB170C, MB20A, MB20B, MB20C, MD21A, B20<\/p>\n<p>&nbsp;<\/p>\n<p><strong>Verwendet f\u00fcr Volvo Penta Dieselmotoren<\/strong>:<br \/>\nMD40A, TMD40A, TMD40B, TMD40C, AQD40A, TAMD40A, TAMD40B, AD40B, AQAD40A, AQAD40B<br \/>\nKAD42B, KAMD42B, TAMD42B<br \/>\nAD41D, D41D, TAMD41D, TMD41D, HS1A<br \/>\nAD31D, AD31D-A, AD31XD, TAMD31D<\/p>\n<p>KAD42A, KAMD42A, HS1A, MS5B<br \/>\nTMD41B, D41B, TAMD41B, AD41B, AD41BJ<br \/>\nMD31A, TMD31B, TAMD31B, AD31B<br \/>\nTMD41A, TMD41B, D41A, D41B, TAMD41A, TAMD41B, AQAD41A, AD41A, AD41B, 290A, DP-A, DP-B, DP-A1, DP-B1, SP-A, SP-A1, AD41BJ, AD41, AD41P-B, D41, TAMD41M-A<br \/>\nMD31A, TMD31A, TMD31B, TAMD31A, TAMD31B, AD31, AQAD31A, AD31B, 290A, DP-A, DP-B, DP-A1, DP-B1, SP-A, SP-A1<br \/>\nAD30A, AQAD30A, MD30A, TAMD30A, TMD30A, AD30, AQAD30, MD30, TAMD30, TMD30<br \/>\nAD31L-A, AD31P-A, AD41L-A, AD41P-A, D41L-A, TAMD31L-A, TAMD31M-A, TAMD31P-A, TAMD31S-A, TAMD41H-A, TAMD41H-B, TAMD41P-A, TAMD41L-A, TAMD41M-A, TMD31L-A, TMD41L-A, TAMD31S, HS1A, TAMD31L, TAMD31P, TAMD41P<br \/>\nKAD32P, TAMD42WJ-A, KAD43P-A, KAMD43P, KAMD43P-A, KAMD43P-B, KAD44P, KAD44P-B, KAD44P-C, KAMD44P-A, KAMD44P-C, KAD300-A, KAMD300-A, HS1A, HS1E-A, KAMD44P-B<br \/>\nKAD42P-A, KAMD42P-A, HS1A<br \/>\nTD30A, TD31ACE, TD40A, TD45B, D45A<\/p>\n<p><strong> <\/strong><\/p>\n<p><strong>Teilenummern<\/strong>:<\/p>\n<p>1359119 VOLVO Penta<br \/>\n1367049 VOLVO Penta<br \/>\n1542195 VOLVO Penta<br \/>\n1545417 VOLVO Penta<br \/>\n3581774 VOLVO Penta<br \/>\n5001759 VOLVO Penta<br \/>\n859252 VOLVO Penta<\/p>\n<p><strong> <\/strong><\/p>\n<p><strong>Aftermarket Teil<\/strong><\/p>\n","protected":false},"excerpt":{"rendered":"<p>Spezifikationen Spannung: 12 KW: 3.2 Flansch \u00d8 [mm]: 88.7 Anzahl der Z\u00e4hne: 11 B+: M8 Anzahl der Montagebohrungen: 3 Montagewinkel [Grad]: -50 Rotation: CW &nbsp; Verwendet f\u00fcr Volvo Penta Benzin-Motoren: AQ115A, AQ115B, AQ130, AQ130A, AQ130B, AQ130C, AQ130D, AQ165A, AQ170A, AQ170B, AQ170C, AQD21A, BB115A, BB115B, BB115C, BB165A, BB170A, BB170B, BB170C, MB20A, MB20B, MB20C, MD21A, B20 &nbsp; [&hellip;]<\/p>\n","protected":false},"featured_media":34475,"comment_status":"open","ping_status":"closed","template":"","meta":[],"product_brand":[4230],"product_cat":[2533,2498,4496,2532,2711],"product_tag":[],"class_list":{"0":"post-34474","1":"product","2":"type-product","3":"status-publish","4":"has-post-thumbnail","6":"product_brand-volvo-penta","7":"product_cat-elektrische-systeme","8":"product_cat-ersatzteile-fur-motoren","9":"product_cat-gebrauchte-volvo-penta-teile-kaufen","10":"product_cat-motorenteile","11":"product_cat-starter-motoren","13":"first","14":"instock","15":"taxable","16":"shipping-taxable","17":"purchasable","18":"product-type-simple"},"supplier_id":7294,"supplier_sku":"REC3581774","barcode":null,"atum_controlled":true,"out_stock_date":null,"out_stock_threshold":null,"inheritable":false,"inbound_stock":0,"stock_on_hold":0,"sold_today":0,"sales_last_days":0,"reserved_stock":0,"customer_returns":0,"warehouse_damage":0,"lost_in_post":0,"other_logs":0,"out_stock_days":0,"lost_sales":0,"has_location":false,"update_date":"2026-03-21T12:24:02","atum_locations":[],"atum_stock_status":"instock","restock_status":false,"low_stock_amount":"","sales_update_date":"2026-03-21T12:18:03","calc_backorders":0,"_links":{"self":[{"href":"https:\/\/wp.marinepartsystem.com\/de\/wp-json\/wp\/v2\/product\/34474","targetHints":{"allow":["GET"]}}],"collection":[{"href":"https:\/\/wp.marinepartsystem.com\/de\/wp-json\/wp\/v2\/product"}],"about":[{"href":"https:\/\/wp.marinepartsystem.com\/de\/wp-json\/wp\/v2\/types\/product"}],"replies":[{"embeddable":true,"href":"https:\/\/wp.marinepartsystem.com\/de\/wp-json\/wp\/v2\/comments?post=34474"}],"wp:featuredmedia":[{"embeddable":true,"href":"https:\/\/wp.marinepartsystem.com\/de\/wp-json\/wp\/v2\/media\/34475"}],"wp:attachment":[{"href":"https:\/\/wp.marinepartsystem.com\/de\/wp-json\/wp\/v2\/media?parent=34474"}],"wp:term":[{"taxonomy":"product_brand","embeddable":true,"href":"https:\/\/wp.marinepartsystem.com\/de\/wp-json\/wp\/v2\/product_brand?post=34474"},{"taxonomy":"product_cat","embeddable":true,"href":"https:\/\/wp.marinepartsystem.com\/de\/wp-json\/wp\/v2\/product_cat?post=34474"},{"taxonomy":"product_tag","embeddable":true,"href":"https:\/\/wp.marinepartsystem.com\/de\/wp-json\/wp\/v2\/product_tag?post=34474"}],"curies":[{"name":"wp","href":"https:\/\/api.w.org\/{rel}","templated":true}]}}