{"id":32817,"date":"2025-06-17T13:44:12","date_gmt":"2025-06-17T13:44:12","guid":{"rendered":"https:\/\/marinepartsystem.com\/product\/motorbefestigungssatz-75-100\/"},"modified":"2026-03-31T07:42:04","modified_gmt":"2026-03-31T07:42:04","slug":"motorbefestigungssatz-75-100","status":"publish","type":"product","link":"https:\/\/marinepartsystem.com\/de\/produkt\/motorbefestigungssatz-75-100","title":{"rendered":"Ellebogen Motorbefestigungssatz 75-100 - Yanmar 2GM \/ 3GM \/ 2YM \/ 3YM Serie"},"content":{"rendered":"<h2 data-start=\"150\" data-end=\"230\"><strong data-start=\"153\" data-end=\"228\">Ellebogen Motorbefestigungssatz 75-100 - Yanmar 2GM \/ 3GM \/ 2YM \/ 3YM Serie<\/strong><\/h2>\n<p data-start=\"232\" data-end=\"570\">Dieses <strong data-start=\"237\" data-end=\"267\">Ellebogen Motorlager-Kit<\/strong> enth\u00e4lt 4 hochwertige Marine-Motorlager f\u00fcr Yanmar-Motoren, bestehend aus <strong data-start=\"343\" data-end=\"362\">2x Ellebogen 75<\/strong> und <strong data-start=\"367\" data-end=\"387\">2x Ellebogen 100<\/strong>. Dieses Kit wurde f\u00fcr eine optimale Vibrationsreduzierung und Motorstabilit\u00e4t entwickelt und gew\u00e4hrleistet eine pr\u00e4zise Passform und eine lange Lebensdauer f\u00fcr eine Vielzahl von Yanmar-Motoren der GM-, YM- und HM-Serie. <\/p>\n<hr data-start=\"572\" data-end=\"575\">\n<h3 data-start=\"577\" data-end=\"609\"><strong data-start=\"581\" data-end=\"609\">Technische Daten<\/strong><\/h3>\n<ul data-start=\"610\" data-end=\"866\">\n<li data-start=\"610\" data-end=\"662\">\n<p data-start=\"612\" data-end=\"662\"><strong data-start=\"612\" data-end=\"625\">Menge:<\/strong> 2x Ellebogen 75 + 2x Ellebogen 100<\/p>\n<\/li>\n<li data-start=\"663\" data-end=\"819\">\n<p data-start=\"665\" data-end=\"688\"><strong data-start=\"665\" data-end=\"686\">Montieren Sie Referenzen:<\/strong><\/p>\n<ul data-start=\"691\" data-end=\"819\">\n<li data-start=\"691\" data-end=\"753\">\n<p data-start=\"693\" data-end=\"753\"><strong data-start=\"693\" data-end=\"710\">Ellebogen 75:<\/strong> Yanmar 128270-08341, 128377-08340, 128377-08341<\/p>\n<\/li>\n<li data-start=\"756\" data-end=\"819\">\n<p data-start=\"758\" data-end=\"819\"><strong data-start=\"758\" data-end=\"776\">Ellebogen 100:<\/strong> Yanmar 124772-08341, 128377-08351, 128377-08350<\/p>\n<\/li>\n<\/ul>\n<\/li>\n<li data-start=\"820\" data-end=\"866\">\n<p data-start=\"822\" data-end=\"866\"><strong data-start=\"822\" data-end=\"835\">Funktion:<\/strong> Schwingungsd\u00e4mpfende Motorlager<\/p>\n<\/li>\n<\/ul>\n<hr data-start=\"868\" data-end=\"871\">\n<h3 data-start=\"873\" data-end=\"906\"><strong data-start=\"877\" data-end=\"906\">Kompatible Yanmar-Motoren<\/strong><\/h3>\n<ul data-start=\"907\" data-end=\"1080\">\n<li data-start=\"907\" data-end=\"959\">\n<p data-start=\"909\" data-end=\"959\"><strong data-start=\"909\" data-end=\"924\">2GM Serie:<\/strong> 2GM, 2GMF, 2GM20, 2GM20B, 2GM20F<\/p>\n<\/li>\n<li data-start=\"960\" data-end=\"1025\">\n<p data-start=\"962\" data-end=\"1025\"><strong data-start=\"962\" data-end=\"977\">3GM Serien:<\/strong> 3GM, 3GMF, 3GMD, 3GMDF, 3GM30, 3GM30B, 3GM30F<\/p>\n<\/li>\n<li data-start=\"1026\" data-end=\"1080\">\n<p data-start=\"1028\" data-end=\"1080\"><strong data-start=\"1028\" data-end=\"1049\">2YM \/ 3YM Serien:<\/strong> 2YM15, 3YM20, 3YM30, 3YM30AE<\/p>\n<\/li>\n<\/ul>\n<hr data-start=\"1082\" data-end=\"1085\">\n<h3 data-start=\"1087\" data-end=\"1107\"><strong data-start=\"1091\" data-end=\"1107\">Wesentliche Merkmale<\/strong><\/h3>\n<ul data-start=\"1108\" data-end=\"1367\">\n<li data-start=\"1108\" data-end=\"1169\">\n<p data-start=\"1110\" data-end=\"1169\">Komplettes 4-Mount-Kit: 2x Ellebogen 75 + 2x Ellebogen 100.<\/p>\n<\/li>\n<li data-start=\"1170\" data-end=\"1209\">\n<p data-start=\"1172\" data-end=\"1209\">OEM-Ersatz f\u00fcr Yanmar-Motoren.<\/p>\n<\/li>\n<li data-start=\"1210\" data-end=\"1272\">\n<p data-start=\"1212\" data-end=\"1272\">Reduziert Vibrationen und Ger\u00e4usche f\u00fcr einen ruhigeren Motorbetrieb.<\/p>\n<\/li>\n<li data-start=\"1273\" data-end=\"1328\">\n<p data-start=\"1275\" data-end=\"1328\">Strapazierf\u00e4hige Konstruktion aus Gummi und Metall in Marinequalit\u00e4t.<\/p>\n<\/li>\n<li data-start=\"1329\" data-end=\"1367\">\n<p data-start=\"1331\" data-end=\"1367\">Einfache Installation und pr\u00e4zise Passform.<\/p>\n<\/li>\n<\/ul>\n<h2 data-start=\"1659\" data-end=\"1677\"><\/h2>\n","protected":false},"excerpt":{"rendered":"<p>Ellebogen Motorbefestigungssatz 75-100 - Yanmar 2GM \/ 3GM \/ 2YM \/ 3YM Serie Dieses Ellebogen Motorlager-Kit enth\u00e4lt 4 hochwertige Marine-Motorlager f\u00fcr Yanmar-Motoren, bestehend aus 2x Ellebogen 75 und 2x Ellebogen 100. Dieses Kit wurde f\u00fcr eine optimale Vibrationsreduzierung und Motorstabilit\u00e4t entwickelt und gew\u00e4hrleistet eine pr\u00e4zise Passform und eine lange Lebensdauer f\u00fcr eine Vielzahl von Yanmar-Motoren [&hellip;]<\/p>\n","protected":false},"featured_media":38973,"comment_status":"open","ping_status":"closed","template":"","meta":[],"product_brand":[4234,4236],"product_cat":[4442,4443,2532,2886,4441,4565],"product_tag":[],"class_list":{"0":"post-32817","1":"product","2":"type-product","3":"status-publish","4":"has-post-thumbnail","6":"product_brand-ellebogen","7":"product_brand-yanmar","8":"product_cat-2gm-2gm20-teile","9":"product_cat-3gm-3gm30-teile","10":"product_cat-motorenteile","11":"product_cat-motorhalterungen","12":"product_cat-yanmar","13":"product_cat-yanmar-motorhalterungen","14":"pa_condition-neu","15":"pa_model-2gm","16":"pa_model-2gm20","17":"pa_model-2gm20f","18":"pa_model-2ym15","19":"pa_model-3gm","20":"pa_model-3gm30","21":"pa_model-3gm30b","22":"pa_model-3gm30f","23":"pa_model-3gmd","24":"pa_model-3gmdf","25":"pa_model-3gmf","26":"pa_model-3ym20","27":"pa_model-3ym30","28":"pa_oem-or-aftermarket-aftermarket","30":"first","31":"instock","32":"sale","33":"taxable","34":"shipping-taxable","35":"purchasable","36":"product-type-simple"},"supplier_id":null,"supplier_sku":"","barcode":null,"atum_controlled":true,"out_stock_date":null,"out_stock_threshold":null,"inheritable":false,"inbound_stock":0,"stock_on_hold":1,"sold_today":0,"sales_last_days":0,"reserved_stock":0,"customer_returns":0,"warehouse_damage":0,"lost_in_post":0,"other_logs":0,"out_stock_days":0,"lost_sales":0,"has_location":false,"update_date":"2026-03-31T07:42:39","atum_locations":[],"atum_stock_status":"instock","restock_status":false,"low_stock_amount":"","sales_update_date":"2026-03-31T07:38:38","calc_backorders":null,"_links":{"self":[{"href":"https:\/\/wp.marinepartsystem.com\/de\/wp-json\/wp\/v2\/product\/32817","targetHints":{"allow":["GET"]}}],"collection":[{"href":"https:\/\/wp.marinepartsystem.com\/de\/wp-json\/wp\/v2\/product"}],"about":[{"href":"https:\/\/wp.marinepartsystem.com\/de\/wp-json\/wp\/v2\/types\/product"}],"replies":[{"embeddable":true,"href":"https:\/\/wp.marinepartsystem.com\/de\/wp-json\/wp\/v2\/comments?post=32817"}],"wp:featuredmedia":[{"embeddable":true,"href":"https:\/\/wp.marinepartsystem.com\/de\/wp-json\/wp\/v2\/media\/38973"}],"wp:attachment":[{"href":"https:\/\/wp.marinepartsystem.com\/de\/wp-json\/wp\/v2\/media?parent=32817"}],"wp:term":[{"taxonomy":"product_brand","embeddable":true,"href":"https:\/\/wp.marinepartsystem.com\/de\/wp-json\/wp\/v2\/product_brand?post=32817"},{"taxonomy":"product_cat","embeddable":true,"href":"https:\/\/wp.marinepartsystem.com\/de\/wp-json\/wp\/v2\/product_cat?post=32817"},{"taxonomy":"product_tag","embeddable":true,"href":"https:\/\/wp.marinepartsystem.com\/de\/wp-json\/wp\/v2\/product_tag?post=32817"}],"curies":[{"name":"wp","href":"https:\/\/api.w.org\/{rel}","templated":true}]}}