{"id":32646,"date":"2025-06-17T14:25:55","date_gmt":"2025-06-17T14:25:55","guid":{"rendered":"https:\/\/marinepartsystem.com\/product\/yanmar-15w40-1l-motoroel\/"},"modified":"2025-11-24T10:26:51","modified_gmt":"2025-11-24T10:26:51","slug":"yanmar-15w40-1l-motoroel","status":"publish","type":"product","link":"https:\/\/wp.marinepartsystem.com\/de\/produkt\/yanmar-15w40-1l-motoroel\/","title":{"rendered":"Yanmar 15W40 1L Motor\u00f6l"},"content":{"rendered":"<h3><strong>Yanmar 15W40 1L Motor\u00f6l - Langlebiger und zuverl\u00e4ssiger Schutz<\/strong><\/h3>\n<p>Das <strong>Yanmar 15W40 Motor\u00f6l<\/strong> ist f\u00fcr Yanmar Marine- und Industrie-Dieselmotoren bestimmt. Es bietet starken Schutz und reibungslose Leistung, auch unter schwierigen Bedingungen. Das Ergebnis: Ihr Motor l\u00e4uft besser und h\u00e4lt l\u00e4nger.  <\/p>\n<p>Dieses \u00d6l eignet sich sowohl f\u00fcr <strong>Innenbordmotoren<\/strong> als auch f\u00fcr <strong>Industriemaschinen<\/strong>. Es hilft, den Verschlei\u00df zu verringern, bek\u00e4mpft Rost und verhindert sch\u00e4dliche Ablagerungen im Motor. Aufgrund seiner stabilen Formel funktioniert es auch bei hohen Temperaturen gut.  <\/p>\n<hr>\n<h3><strong>Wichtigste Vorteile:<\/strong><\/h3>\n<ul>\n<li>\n<p>Original Yanmar-Spezial\u00f6l 15W40 Mehrbereichs\u00f6l<\/p>\n<\/li>\n<li>\n<p>H\u00e4lt den Motor sauber und l\u00e4uft reibungslos<\/p>\n<\/li>\n<li>\n<p>Funktioniert sowohl bei hei\u00dfem als auch bei kaltem Wetter<\/p>\n<\/li>\n<li>\n<p>Bek\u00e4mpft Verschlei\u00df und Rost f\u00fcr eine l\u00e4ngere Lebensdauer des Motors<\/p>\n<\/li>\n<li>\n<p>Ideal f\u00fcr Schiffs- und Schwerlastmotoren<\/p>\n<\/li>\n<\/ul>\n<p>????\ufe0f <strong>Volumen:<\/strong> 1 Liter<br \/>\n???? <strong>Typ:<\/strong> SAE 15W40 Motor\u00f6l<br \/>\n\u2699\ufe0f <strong>Verwendung:<\/strong> Dieselmotoren - Marine und Industrie<br \/>\n???? <strong>Enth\u00e4lt:<\/strong> 1L versiegelte Flasche<\/p>\n<hr>\n<h3><strong>Passt f\u00fcr diese Yanmar-Motoren:<\/strong><\/h3>\n<p><strong>SB \/ YSE \/ YSM Serie:<\/strong><br \/>\nYSB8, YSB12, YSE8, YSE12, YSM8, YSM12<\/p>\n<p><strong>QM-Serie:<\/strong><br \/>\n2QM15, 2QM20, 3QM30<\/p>\n<p><strong>GM-Serie:<\/strong><br \/>\n1GM, 1GM10, 2GM, 2GMF, 2GM20, 2GM20 EU, 2GM20F, 2GM20F EU,<br \/>\n3GM, 3GMF, 3GM30, 3GM30 EU, 3GM30F, 3GM30F EU<\/p>\n<p><strong>HM-Serie:<\/strong><br \/>\n3HM, 3HMF, 3HM35, 3HM35F<\/p>\n<p><strong>YM-Serie:<\/strong><br \/>\n2YM15, 3YM20, 3YM30, 3YM30AE<\/p>\n<p><strong>JH-Serie:<\/strong><br \/>\n3JH25A, 3JH30A, 3JH2(B)E, 3JH2T(B)E, 3JH3E, 3JH4E, 3JH5E, 3JH40-CR<br \/>\n4JHE, 4JHTE, 4JHHTE, 4JHDTE, 4JH2(B)E, 4JH2T(B)E, 4JH2HT(B)E, 4JH2DT(B)E,<br \/>\n4JH2UT(B)E, 4JH3E, 4JH3TE, 4JH3HTE, 4JH3DTE,<br \/>\n4JH4E, 4JH4AE, 4JH4TE, 4JH4HTE,<br \/>\n4JH5E, 4JH45-CR, 4JH57-CR, 4JH80-CR, 4JH110-CR<\/p>\n<p><strong>LH \/ LHA \/ LV Serie:<\/strong><br \/>\n4LHTE, 4LHHTE, 4LHDTE, 4LHSTE<br \/>\n4LHAHTE, 4LHAHTP, 4LHADTE, 4LHADTP, 4LHASTE, 4LHASTP<br \/>\n4LV150, 4LV170, 4LV195, 4LV230, 4LV250<\/p>\n<p><strong>LP \/ LPA \/ LY Serien:<\/strong><br \/>\n6LPDTE, 6LPSTE, 6LPADTE, 6LPADTP, 6LPASTE, 6LPASTP, 6LPASTP2<br \/>\n6LY-UTE, 6LY-STE, 6LYA-UTE, 6LYA-STE, 6LYA-STP<br \/>\n6LY2STE, 6LY2AUTP, 6LY2ASTP, 6LY2M-WDT, 6LY2M-WST<br \/>\n6LY3UTP, 6LY3STP, 6LY3ETP, 6LY400, 6LY440<\/p>\n<p><strong>LV \/ LF \/ LT Serie:<\/strong><br \/>\n8LV320, 8LV350, 8LV370<br \/>\n6LF485, 6LF530, 6LF550<br \/>\n6LT500, 6LT580, 6LT640<\/p>\n<hr>\n","protected":false},"excerpt":{"rendered":"<p>Yanmar 15W40 1L Motor\u00f6l - Langlebiger und zuverl\u00e4ssiger Schutz Das Yanmar 15W40 Motor\u00f6l ist f\u00fcr Yanmar Marine- und Industrie-Dieselmotoren bestimmt. Es bietet starken Schutz und reibungslose Leistung, auch unter schwierigen Bedingungen. Das Ergebnis: Ihr Motor l\u00e4uft besser und h\u00e4lt l\u00e4nger. Dieses \u00d6l eignet sich sowohl f\u00fcr Innenbordmotoren als auch f\u00fcr Industriemaschinen. Es hilft, den Verschlei\u00df [&hellip;]<\/p>\n","protected":false},"featured_media":28065,"comment_status":"open","ping_status":"closed","template":"","meta":[],"product_brand":[4236],"product_cat":[4452,4442,4443,2498,2726,2725,4485,4441,4570],"product_tag":[2727],"class_list":{"0":"post-32646","1":"product","2":"type-product","3":"status-publish","4":"has-post-thumbnail","6":"product_brand-yanmar","7":"product_cat-1gm-1gm10-teile","8":"product_cat-2gm-2gm20-teile","9":"product_cat-3gm-3gm30-teile","10":"product_cat-ersatzteile-fur-motoren","11":"product_cat-ol","12":"product_cat-ole-flussigkeiten","13":"product_cat-volvo-penta-ol","14":"product_cat-yanmar","15":"product_cat-yanmar-saildrive-service-teile","16":"product_tag-ol-2","17":"pa_condition-neu","18":"pa_oem-or-aftermarket-oem","20":"first","21":"instock","22":"taxable","23":"shipping-taxable","24":"purchasable","25":"product-type-simple"},"supplier_id":32143,"supplier_sku":"","barcode":null,"atum_controlled":true,"out_stock_date":null,"out_stock_threshold":null,"inheritable":false,"inbound_stock":0,"stock_on_hold":0,"sold_today":0,"sales_last_days":0,"reserved_stock":0,"customer_returns":0,"warehouse_damage":0,"lost_in_post":0,"other_logs":0,"out_stock_days":0,"lost_sales":0,"has_location":false,"update_date":"2026-03-05T15:26:51","atum_locations":[],"atum_stock_status":"instock","restock_status":false,"low_stock_amount":"","sales_update_date":"2026-03-05T15:26:51","calc_backorders":null,"_links":{"self":[{"href":"https:\/\/wp.marinepartsystem.com\/de\/wp-json\/wp\/v2\/product\/32646","targetHints":{"allow":["GET"]}}],"collection":[{"href":"https:\/\/wp.marinepartsystem.com\/de\/wp-json\/wp\/v2\/product"}],"about":[{"href":"https:\/\/wp.marinepartsystem.com\/de\/wp-json\/wp\/v2\/types\/product"}],"replies":[{"embeddable":true,"href":"https:\/\/wp.marinepartsystem.com\/de\/wp-json\/wp\/v2\/comments?post=32646"}],"wp:featuredmedia":[{"embeddable":true,"href":"https:\/\/wp.marinepartsystem.com\/de\/wp-json\/wp\/v2\/media\/28065"}],"wp:attachment":[{"href":"https:\/\/wp.marinepartsystem.com\/de\/wp-json\/wp\/v2\/media?parent=32646"}],"wp:term":[{"taxonomy":"product_brand","embeddable":true,"href":"https:\/\/wp.marinepartsystem.com\/de\/wp-json\/wp\/v2\/product_brand?post=32646"},{"taxonomy":"product_cat","embeddable":true,"href":"https:\/\/wp.marinepartsystem.com\/de\/wp-json\/wp\/v2\/product_cat?post=32646"},{"taxonomy":"product_tag","embeddable":true,"href":"https:\/\/wp.marinepartsystem.com\/de\/wp-json\/wp\/v2\/product_tag?post=32646"}],"curies":[{"name":"wp","href":"https:\/\/api.w.org\/{rel}","templated":true}]}}