{"id":32564,"date":"2025-06-17T14:25:53","date_gmt":"2025-06-17T14:25:53","guid":{"rendered":"https:\/\/marinepartsystem.com\/product\/temperatursensor-yanmar-128275-91340\/"},"modified":"2025-10-31T14:12:00","modified_gmt":"2025-10-31T14:12:00","slug":"temperatursensor-yanmar-128275-91340","status":"publish","type":"product","link":"https:\/\/wp.marinepartsystem.com\/de\/produkt\/temperatursensor-yanmar-128275-91340\/","title":{"rendered":"Temperatursensor Yanmar - 128275-91340"},"content":{"rendered":"<p><strong>Temperatursensor f\u00fcr Yanmar GM \/ HM Serie - 128275-91340 (Nachr\u00fcstsatz)<\/strong><\/p>\n<p>Dieser <strong>Aftermarket-Temperatursensor<\/strong> ersetzt die <strong>Yanmar-Teilenummer 128275-91340<\/strong> und ist f\u00fcr eine Vielzahl von zuverl\u00e4ssigen Yanmar-Schiffsdieselmotoren geeignet. Er sorgt daf\u00fcr, dass Ihr Motor gesch\u00fctzt bleibt, indem er genaue Temperaturdaten in Echtzeit liefert, die dazu beitragen, eine \u00dcberhitzung zu vermeiden und eine optimale Motorleistung zu erhalten. <\/p>\n<p><strong>Geeignet f\u00fcr Yanmar Marine Motormodelle:<\/strong><\/p>\n<p><strong>GM-Serie:<\/strong><\/p>\n<ul>\n<li>\n<p>1GM<\/p>\n<\/li>\n<li>\n<p>1GM10<\/p>\n<\/li>\n<li>\n<p>1GM L Y-C<\/p>\n<\/li>\n<li>\n<p>2GM<\/p>\n<\/li>\n<li>\n<p>2GM20<\/p>\n<\/li>\n<li>\n<p>2GM YEU<\/p>\n<\/li>\n<li>\n<p>2GM LP SZK<\/p>\n<\/li>\n<li>\n<p>3GM30<\/p>\n<\/li>\n<\/ul>\n<p><strong>HM-Serie:<\/strong><\/p>\n<ul>\n<li>\n<p>3HM<\/p>\n<\/li>\n<li>\n<p>3HM35<\/p>\n<\/li>\n<\/ul>\n<hr>\n<p><strong>Wichtige Merkmale:<\/strong><\/p>\n<ul>\n<li>\n<p>Zuverl\u00e4ssiger Aftermarket-Ersatz f\u00fcr 128275-91340<\/p>\n<\/li>\n<li>\n<p>Entwickelt f\u00fcr \u00e4ltere GM und HM Yanmar Motorenserien<\/p>\n<\/li>\n<li>\n<p>\u00dcberwacht genau die Motortemperatur<\/p>\n<\/li>\n<li>\n<p>Verhindert \u00dcberhitzung und Motorsch\u00e4den<\/p>\n<\/li>\n<li>\n<p>Robuste, marinetaugliche Konstruktion<\/p>\n<\/li>\n<\/ul>\n<p>???? <strong>Teilenummer (Ersetzt):<\/strong> 128275-91340<br \/>\n????\ufe0f <strong>Typ:<\/strong> Aftermarket Temperatursensor<br \/>\n???? <strong>Enth\u00e4lt:<\/strong> 1x Sensoreinheit<\/p>\n<hr>\n","protected":false},"excerpt":{"rendered":"<p>Temperatursensor f\u00fcr Yanmar GM \/ HM Serie - 128275-91340 (Nachr\u00fcstsatz) Dieser Aftermarket-Temperatursensor ersetzt die Yanmar-Teilenummer 128275-91340 und ist f\u00fcr eine Vielzahl von zuverl\u00e4ssigen Yanmar-Schiffsdieselmotoren geeignet. Er sorgt daf\u00fcr, dass Ihr Motor gesch\u00fctzt bleibt, indem er genaue Temperaturdaten in Echtzeit liefert, die dazu beitragen, eine \u00dcberhitzung zu vermeiden und eine optimale Motorleistung zu erhalten. Geeignet f\u00fcr [&hellip;]<\/p>\n","protected":false},"featured_media":28035,"comment_status":"open","ping_status":"closed","template":"","meta":[],"product_brand":[4236],"product_cat":[4452,4442,4443,2533,2532,2534,4441],"product_tag":[],"class_list":{"0":"post-32564","1":"product","2":"type-product","3":"status-publish","4":"has-post-thumbnail","6":"product_brand-yanmar","7":"product_cat-1gm-1gm10-teile","8":"product_cat-2gm-2gm20-teile","9":"product_cat-3gm-3gm30-teile","10":"product_cat-elektrische-systeme","11":"product_cat-motorenteile","12":"product_cat-sensoren-temperatur-druck-position-etc","13":"product_cat-yanmar","14":"pa_condition-neu","15":"pa_model-1gm","16":"pa_model-1gm10","17":"pa_model-1gm10c","18":"pa_model-1gmc","19":"pa_model-1gml","20":"pa_model-2gm","21":"pa_model-2gm20","22":"pa_model-3gm30","23":"pa_model-3hm","24":"pa_model-3hm35","25":"pa_oem-or-aftermarket-aftermarket","27":"first","28":"instock","29":"taxable","30":"shipping-taxable","31":"purchasable","32":"product-type-simple"},"supplier_id":7294,"supplier_sku":"","barcode":null,"atum_controlled":true,"out_stock_date":null,"out_stock_threshold":null,"inheritable":false,"inbound_stock":0,"stock_on_hold":0,"sold_today":0,"sales_last_days":0,"reserved_stock":0,"customer_returns":0,"warehouse_damage":0,"lost_in_post":0,"other_logs":0,"out_stock_days":0,"lost_sales":0,"has_location":false,"update_date":"2026-01-29T09:10:32","atum_locations":[],"atum_stock_status":"instock","restock_status":false,"low_stock_amount":1,"sales_update_date":"2026-01-29T09:10:32","calc_backorders":0,"_links":{"self":[{"href":"https:\/\/wp.marinepartsystem.com\/de\/wp-json\/wp\/v2\/product\/32564","targetHints":{"allow":["GET"]}}],"collection":[{"href":"https:\/\/wp.marinepartsystem.com\/de\/wp-json\/wp\/v2\/product"}],"about":[{"href":"https:\/\/wp.marinepartsystem.com\/de\/wp-json\/wp\/v2\/types\/product"}],"replies":[{"embeddable":true,"href":"https:\/\/wp.marinepartsystem.com\/de\/wp-json\/wp\/v2\/comments?post=32564"}],"wp:featuredmedia":[{"embeddable":true,"href":"https:\/\/wp.marinepartsystem.com\/de\/wp-json\/wp\/v2\/media\/28035"}],"wp:attachment":[{"href":"https:\/\/wp.marinepartsystem.com\/de\/wp-json\/wp\/v2\/media?parent=32564"}],"wp:term":[{"taxonomy":"product_brand","embeddable":true,"href":"https:\/\/wp.marinepartsystem.com\/de\/wp-json\/wp\/v2\/product_brand?post=32564"},{"taxonomy":"product_cat","embeddable":true,"href":"https:\/\/wp.marinepartsystem.com\/de\/wp-json\/wp\/v2\/product_cat?post=32564"},{"taxonomy":"product_tag","embeddable":true,"href":"https:\/\/wp.marinepartsystem.com\/de\/wp-json\/wp\/v2\/product_tag?post=32564"}],"curies":[{"name":"wp","href":"https:\/\/api.w.org\/{rel}","templated":true}]}}