{"id":32546,"date":"2025-06-16T09:51:09","date_gmt":"2025-06-16T09:51:09","guid":{"rendered":"https:\/\/marinepartsystem.com\/bedingungen-und-konditionen\/"},"modified":"2025-09-02T13:58:01","modified_gmt":"2025-09-02T13:58:01","slug":"bedingungen-und-konditionen","status":"publish","type":"page","link":"https:\/\/wp.marinepartsystem.com\/de\/bedingungen-und-konditionen\/","title":{"rendered":"Bedingungen und Konditionen"},"content":{"rendered":"<h2>Allgemeine Verkaufsbedingungen von Marinepartsystem<\/h2>\n<h4>Anwendbarkeit<\/h4>\n<ul>\n<li>\n\t\t\t\t\t\t\t<svg aria-hidden=\"true\" viewBox=\"0 0 512 512\" xmlns=\"https:\/\/www.w3.org\/2000\/svg\"><path d=\"M173.898 439.404l-166.4-166.4c-9.997-9.997-9.997-26.206 0-36.204l36.203-36.204c9.997-9.998 26.207-9.998 36.204 0L192 312.69 432.095 72.596c9.997-9.997 26.207-9.997 36.204 0l36.203 36.204c9.997 9.997 9.997 26.206 0 36.204l-294.4 294.401c-9.998 9.997-26.207 9.997-36.204-.001z\"><\/path><\/svg><br \/>\n\t\t\t\t\t\t\t\t\t\tAlle Angebote, Bestellungen und Vereinbarungen von Marinepartsystem unterliegen diesen Allgemeinen Gesch\u00e4ftsbedingungen (AGB). Diese Allgemeinen Gesch\u00e4ftsbedingungen k\u00f6nnen von der Website kopiert oder auf Anfrage kostenlos von uns zugesandt werden.\n\t\t\t\t\t\t\t\t\t<\/li>\n<li>\n\t\t\t\t\t\t\t<svg aria-hidden=\"true\" viewBox=\"0 0 512 512\" xmlns=\"https:\/\/www.w3.org\/2000\/svg\"><path d=\"M173.898 439.404l-166.4-166.4c-9.997-9.997-9.997-26.206 0-36.204l36.203-36.204c9.997-9.998 26.207-9.998 36.204 0L192 312.69 432.095 72.596c9.997-9.997 26.207-9.997 36.204 0l36.203 36.204c9.997 9.997 9.997 26.206 0 36.204l-294.4 294.401c-9.998 9.997-26.207 9.997-36.204-.001z\"><\/path><\/svg><br \/>\n\t\t\t\t\t\t\t\t\t\tDie Annahme eines Angebots oder einer Bestellung auf oder \u00fcber die Website \/ den Webshop von Marinepartsystem bedeutet, dass Sie die Anwendbarkeit dieser Allgemeinen Gesch\u00e4ftsbedingungen ohne jeden Vorbehalt akzeptieren.\n\t\t\t\t\t\t\t\t\t<\/li>\n<li>\n\t\t\t\t\t\t\t<svg aria-hidden=\"true\" viewBox=\"0 0 512 512\" xmlns=\"https:\/\/www.w3.org\/2000\/svg\"><path d=\"M173.898 439.404l-166.4-166.4c-9.997-9.997-9.997-26.206 0-36.204l36.203-36.204c9.997-9.998 26.207-9.998 36.204 0L192 312.69 432.095 72.596c9.997-9.997 26.207-9.997 36.204 0l36.203 36.204c9.997 9.997 9.997 26.206 0 36.204l-294.4 294.401c-9.998 9.997-26.207 9.997-36.204-.001z\"><\/path><\/svg><br \/>\n\t\t\t\t\t\t\t\t\t\tAuf die Bestimmungen dieser Allgemeinen Gesch\u00e4ftsbedingungen kann nur schriftlich verzichtet werden; in diesem Fall bleiben die \u00fcbrigen Bestimmungen dieser Allgemeinen Gesch\u00e4ftsbedingungen in vollem Umfang in Kraft.\n\t\t\t\t\t\t\t\t\t<\/li>\n<\/ul>\n<h4>Angebote\/Vereinbarungen<\/h4>\n<ul>\n<li>\n\t\t\t\t\t\t\t<svg aria-hidden=\"true\" viewBox=\"0 0 512 512\" xmlns=\"https:\/\/www.w3.org\/2000\/svg\"><path d=\"M173.898 439.404l-166.4-166.4c-9.997-9.997-9.997-26.206 0-36.204l36.203-36.204c9.997-9.998 26.207-9.998 36.204 0L192 312.69 432.095 72.596c9.997-9.997 26.207-9.997 36.204 0l36.203 36.204c9.997 9.997 9.997 26.206 0 36.204l-294.4 294.401c-9.998 9.997-26.207 9.997-36.204-.001z\"><\/path><\/svg><br \/>\n\t\t\t\t\t\t\t\t\t\tAlle Angebote von Marinepartsystem sind freibleibend und Marinepartsystem beh\u00e4lt sich ausdr\u00fccklich das Recht vor, Preise zu \u00e4ndern. Erh\u00f6hen sich die Preise f\u00fcr die angebotenen Produkte in der Zeit zwischen der Bestellung und ihrer Ausf\u00fchrung, sind Sie berechtigt, die Bestellung zu stornieren oder den Vertrag innerhalb von 5 Tagen nach Mitteilung der Preiserh\u00f6hung durch Marinepartsystem zu k\u00fcndigen.\n\t\t\t\t\t\t\t\t\t<\/li>\n<li>\n\t\t\t\t\t\t\t<svg aria-hidden=\"true\" viewBox=\"0 0 512 512\" xmlns=\"https:\/\/www.w3.org\/2000\/svg\"><path d=\"M173.898 439.404l-166.4-166.4c-9.997-9.997-9.997-26.206 0-36.204l36.203-36.204c9.997-9.998 26.207-9.998 36.204 0L192 312.69 432.095 72.596c9.997-9.997 26.207-9.997 36.204 0l36.203 36.204c9.997 9.997 9.997 26.206 0 36.204l-294.4 294.401c-9.998 9.997-26.207 9.997-36.204-.001z\"><\/path><\/svg><br \/>\n\t\t\t\t\t\t\t\t\t\tEin Vertrag kommt erst durch die Annahme Ihrer Bestellung durch Marinepartsystem zustande. Dar\u00fcber hinaus ist Marinepartsystem berechtigt, Bestellungen abzulehnen oder besondere Lieferbedingungen aufzuerlegen, sofern nicht ausdr\u00fccklich anders angegeben. Wenn eine Bestellung nicht angenommen wird, wird Marinepartsystem Sie innerhalb von f\u00fcnf (5) Werktagen nach Eingang der Bestellung per E-Mail informieren.\n\t\t\t\t\t\t\t\t\t<\/li>\n<\/ul>\n<h4>Preise und Zahlungen<br \/>\n<\/h4>\n<ul>\n<li>\n\t\t\t\t\t\t\t<svg aria-hidden=\"true\" viewBox=\"0 0 512 512\" xmlns=\"https:\/\/www.w3.org\/2000\/svg\"><path d=\"M173.898 439.404l-166.4-166.4c-9.997-9.997-9.997-26.206 0-36.204l36.203-36.204c9.997-9.998 26.207-9.998 36.204 0L192 312.69 432.095 72.596c9.997-9.997 26.207-9.997 36.204 0l36.203 36.204c9.997 9.997 9.997 26.206 0 36.204l-294.4 294.401c-9.998 9.997-26.207 9.997-36.204-.001z\"><\/path><\/svg><br \/>\n\t\t\t\t\t\t\t\t\t\tDie Preise f\u00fcr die angebotenen Produkte sind in Euro angegeben, einschlie\u00dflich IVA (Margenware) und f\u00fcr einen einzigen Artikel, es sei denn, dies ist beim Produkt anders angegeben.\n\t\t\t\t\t\t\t\t\t<\/li>\n<\/ul>\n<p>\t\t\"Gem\u00e4\u00df dem Gesetz \u00fcber die Mehrwertsteuer (37. Dez. 1992, 28. Dez.), Artikel 138,\" sind die von den K\u00e4ufern von gebrauchten Waren (Marge) gezahlten Geb\u00fchren nicht abzugsf\u00e4hig. die von steuerpflichtigen Wiederverk\u00e4ufern geliefert werden, die der in diesem Kapitel geregelten Sonderregelung unterliegen. \"\t\t<\/p>\n<ul>\n<li>\n\t\t\t\t\t\t\t<svg aria-hidden=\"true\" viewBox=\"0 0 512 512\" xmlns=\"https:\/\/www.w3.org\/2000\/svg\"><path d=\"M173.898 439.404l-166.4-166.4c-9.997-9.997-9.997-26.206 0-36.204l36.203-36.204c9.997-9.998 26.207-9.998 36.204 0L192 312.69 432.095 72.596c9.997-9.997 26.207-9.997 36.204 0l36.203 36.204c9.997 9.997 9.997 26.206 0 36.204l-294.4 294.401c-9.998 9.997-26.207 9.997-36.204-.001z\"><\/path><\/svg><br \/>\n\t\t\t\t\t\t\t\t\t\tDie Versandkosten sind nicht im Produktpreis enthalten und werden gegebenenfalls auf der Rechnung gesondert ausgewiesen.\n\t\t\t\t\t\t\t\t\t<\/li>\n<li>\n\t\t\t\t\t\t\t<svg aria-hidden=\"true\" viewBox=\"0 0 512 512\" xmlns=\"https:\/\/www.w3.org\/2000\/svg\"><path d=\"M173.898 439.404l-166.4-166.4c-9.997-9.997-9.997-26.206 0-36.204l36.203-36.204c9.997-9.998 26.207-9.998 36.204 0L192 312.69 432.095 72.596c9.997-9.997 26.207-9.997 36.204 0l36.203 36.204c9.997 9.997 9.997 26.206 0 36.204l-294.4 294.401c-9.998 9.997-26.207 9.997-36.204-.001z\"><\/path><\/svg><br \/>\n\t\t\t\t\t\t\t\t\t\tDie Zahlung kann im Voraus \u00fcber eine IBAN-\u00dcberweisung, PayPal oder elektronisch \u00fcber die sichere MultiSafepay-Funktion auf der Marinepartsystem-Website erfolgen.\n\t\t\t\t\t\t\t\t\t<\/li>\n<li>\n\t\t\t\t\t\t\t<svg aria-hidden=\"true\" viewBox=\"0 0 512 512\" xmlns=\"https:\/\/www.w3.org\/2000\/svg\"><path d=\"M173.898 439.404l-166.4-166.4c-9.997-9.997-9.997-26.206 0-36.204l36.203-36.204c9.997-9.998 26.207-9.998 36.204 0L192 312.69 432.095 72.596c9.997-9.997 26.207-9.997 36.204 0l36.203 36.204c9.997 9.997 9.997 26.206 0 36.204l-294.4 294.401c-9.998 9.997-26.207 9.997-36.204-.001z\"><\/path><\/svg><br \/>\n\t\t\t\t\t\t\t\t\t\tBestellte Waren, die zum angegebenen Zeitpunkt im Lager von Marinepartsystem abgeholt werden, k\u00f6nnen in bar oder per Debit-\/Kreditkarte bezahlt werden.\n\t\t\t\t\t\t\t\t\t<\/li>\n<li>\n\t\t\t\t\t\t\t<svg aria-hidden=\"true\" viewBox=\"0 0 512 512\" xmlns=\"https:\/\/www.w3.org\/2000\/svg\"><path d=\"M173.898 439.404l-166.4-166.4c-9.997-9.997-9.997-26.206 0-36.204l36.203-36.204c9.997-9.998 26.207-9.998 36.204 0L192 312.69 432.095 72.596c9.997-9.997 26.207-9.997 36.204 0l36.203 36.204c9.997 9.997 9.997 26.206 0 36.204l-294.4 294.401c-9.998 9.997-26.207 9.997-36.204-.001z\"><\/path><\/svg><br \/>\n\t\t\t\t\t\t\t\t\t\tBestellte Waren, die noch nicht im Voraus bezahlt wurden, werden nicht versandt, und Marinepartsystem beh\u00e4lt sich das Recht vor, diesen Vertrag nach schriftlicher (E-Mail) Mitteilung aufzul\u00f6sen.\n\t\t\t\t\t\t\t\t\t<\/li>\n<\/ul>\n<h4>Lieferung<\/h4>\n<ul>\n<li>\n\t\t\t\t\t\t\t<svg aria-hidden=\"true\" viewBox=\"0 0 512 512\" xmlns=\"https:\/\/www.w3.org\/2000\/svg\"><path d=\"M173.898 439.404l-166.4-166.4c-9.997-9.997-9.997-26.206 0-36.204l36.203-36.204c9.997-9.998 26.207-9.998 36.204 0L192 312.69 432.095 72.596c9.997-9.997 26.207-9.997 36.204 0l36.203 36.204c9.997 9.997 9.997 26.206 0 36.204l-294.4 294.401c-9.998 9.997-26.207 9.997-36.204-.001z\"><\/path><\/svg><br \/>\n\t\t\t\t\t\t\t\t\t\tDie Lieferung erfolgt beschleunigt, aber mindestens innerhalb von drei (3) Werktagen nach der Zahlung, es sei denn, Marinepartsystem hat dies vorher angek\u00fcndigt. Im Falle einer Nichtlieferung durch h\u00f6here Gewalt erhalten Sie innerhalb von drei (3) Tagen nach der Bestellung eine Benachrichtigung und Sie haben das Recht, den Vertrag kostenlos aufzul\u00f6sen, indem Sie eine schriftliche E-Mail an Marinepartsystem senden.\n\t\t\t\t\t\t\t\t\t<\/li>\n<\/ul>\n<p>\t\tDie \u00dcberschreitung der Lieferfrist berechtigt Sie nicht zu einer Entsch\u00e4digung oder einem sonstigen Ausgleich.\t\t<\/p>\n<ul>\n<li>\n\t\t\t\t\t\t\t<svg aria-hidden=\"true\" viewBox=\"0 0 512 512\" xmlns=\"https:\/\/www.w3.org\/2000\/svg\"><path d=\"M173.898 439.404l-166.4-166.4c-9.997-9.997-9.997-26.206 0-36.204l36.203-36.204c9.997-9.998 26.207-9.998 36.204 0L192 312.69 432.095 72.596c9.997-9.997 26.207-9.997 36.204 0l36.203 36.204c9.997 9.997 9.997 26.206 0 36.204l-294.4 294.401c-9.998 9.997-26.207 9.997-36.204-.001z\"><\/path><\/svg><br \/>\n\t\t\t\t\t\t\t\t\t\tDie Lieferung erfolgt, wenn das Produkt bei Ihnen (oder in Ihrem Namen) eingegangen ist. Die Lieferung erfolgt beschleunigt, aber mindestens innerhalb von drei (3) Werktagen nach der Zahlung, es sei denn, Marinepartsystem hat dies vorher angek\u00fcndigt. Im Falle einer Nichtlieferung durch h\u00f6here Gewalt erhalten Sie innerhalb von drei (3) Tagen nach der Bestellung eine Benachrichtigung und haben das Recht, den Vertrag kostenlos aufzul\u00f6sen, indem Sie eine schriftliche E-Mail an Marinepartsystem senden.\n\t\t\t\t\t\t\t\t\t<\/li>\n<li>\n\t\t\t\t\t\t\t<svg aria-hidden=\"true\" viewBox=\"0 0 512 512\" xmlns=\"https:\/\/www.w3.org\/2000\/svg\"><path d=\"M173.898 439.404l-166.4-166.4c-9.997-9.997-9.997-26.206 0-36.204l36.203-36.204c9.997-9.998 26.207-9.998 36.204 0L192 312.69 432.095 72.596c9.997-9.997 26.207-9.997 36.204 0l36.203 36.204c9.997 9.997 9.997 26.206 0 36.204l-294.4 294.401c-9.998 9.997-26.207 9.997-36.204-.001z\"><\/path><\/svg><br \/>\n\t\t\t\t\t\t\t\t\t\tWenn der K\u00e4ufer angegeben hat, dass er das Produkt im Lager von Marinepartsystem abholen m\u00f6chte, reserviert Marinepartsystem dieses oder diese Produkt(e) sieben (7) Arbeitstage. Danach wird der Kaufvertrag ohne jegliche Entsch\u00e4digung aufgel\u00f6st.\n\t\t\t\t\t\t\t\t\t<\/li>\n<li>\n\t\t\t\t\t\t\t<svg aria-hidden=\"true\" viewBox=\"0 0 512 512\" xmlns=\"https:\/\/www.w3.org\/2000\/svg\"><path d=\"M173.898 439.404l-166.4-166.4c-9.997-9.997-9.997-26.206 0-36.204l36.203-36.204c9.997-9.998 26.207-9.998 36.204 0L192 312.69 432.095 72.596c9.997-9.997 26.207-9.997 36.204 0l36.203 36.204c9.997 9.997 9.997 26.206 0 36.204l-294.4 294.401c-9.998 9.997-26.207 9.997-36.204-.001z\"><\/path><\/svg><br \/>\n\t\t\t\t\t\t\t\t\t\tBei einem Abholauftrag kann der Kunde seinen Kauf ohne weitere Ank\u00fcndigung stornieren\n\t\t\t\t\t\t\t\t\t<\/li>\n<\/ul>\n<h4>Eigentumsvorbehalt<\/h4>\n<p>Das Eigentum an den gelieferten Produkten geht erst dann \u00fcber, wenn Sie alle Verpflichtungen, die Sie Marinepartsystem im Rahmen eines Vertrags schulden, erf\u00fcllt haben. Das Risiko in Bezug auf die Produkte geht zum Zeitpunkt der Lieferung auf Sie \u00fcber. <\/p>\n<h4>Garantie<\/h4>\n<p>\t\t\t\t\tAlle von Marinepartsystem angebotenen Artikel stammen von privaten, gebrauchten, Rand- und \/ oder Konkursparteien, wodurch die geltenden Werksgarantien ausgeschlossen sind. Marinepartsystem kann und wird keine Garantien geben und kann niemals daf\u00fcr haftbar gemacht werden. <\/p>\n<h4>Werbung und Haftung<\/h4>\n<ul>\n<li>\n\t\t\t\t\t\t\t<svg aria-hidden=\"true\" viewBox=\"0 0 512 512\" xmlns=\"https:\/\/www.w3.org\/2000\/svg\"><path d=\"M173.898 439.404l-166.4-166.4c-9.997-9.997-9.997-26.206 0-36.204l36.203-36.204c9.997-9.998 26.207-9.998 36.204 0L192 312.69 432.095 72.596c9.997-9.997 26.207-9.997 36.204 0l36.203 36.204c9.997 9.997 9.997 26.206 0 36.204l-294.4 294.401c-9.998 9.997-26.207 9.997-36.204-.001z\"><\/path><\/svg><br \/>\n\t\t\t\t\t\t\t\t\t\tSie sind verpflichtet, die gelieferten Produkte sofort nach Erhalt zu pr\u00fcfen. Eventuell festgestellte M\u00e4ngel an den Artikeln sollten Marinepartsystem innerhalb von drei (3) Werktagen nach Entdeckung per E-Mail oder motiviert mit (digitalen) Fotos gemeldet werden.\n\t\t\t\t\t\t\t\t\t<\/li>\n<li>\n\t\t\t\t\t\t\t<svg aria-hidden=\"true\" viewBox=\"0 0 512 512\" xmlns=\"https:\/\/www.w3.org\/2000\/svg\"><path d=\"M173.898 439.404l-166.4-166.4c-9.997-9.997-9.997-26.206 0-36.204l36.203-36.204c9.997-9.998 26.207-9.998 36.204 0L192 312.69 432.095 72.596c9.997-9.997 26.207-9.997 36.204 0l36.203 36.204c9.997 9.997 9.997 26.206 0 36.204l-294.4 294.401c-9.998 9.997-26.207 9.997-36.204-.001z\"><\/path><\/svg><br \/>\n\t\t\t\t\t\t\t\t\t\tWenn Sie ein neues Produkt aus irgendeinem Grund nicht zur\u00fccknehmen m\u00f6chten, haben Sie das Recht, das Produkt innerhalb von 14 Kalendertagen nach Lieferung an Marinepartsystem zur\u00fcckzusenden und den Vertrag aufzul\u00f6sen. R\u00fccksendungen werden in diesem Fall nur akzeptiert, wenn die versiegelte Verpackung des Produkts unbesch\u00e4digt ist und das Siegel und\/oder die Verpackung nicht gebrochen ist. Die bereits bei Marinepartsystem eingegangene Zahlung wird innerhalb von sieben (7) Tagen nach der Vertragsaufl\u00f6sung zur\u00fcckerstattet. Die Kosten der R\u00fccksendung gehen zu Lasten des K\u00e4ufers und k\u00f6nnen nur bei Marinepartsystem get\u00e4tigt werden.\n\t\t\t\t\t\t\t\t\t<\/li>\n<li>\n\t\t\t\t\t\t\t<svg aria-hidden=\"true\" viewBox=\"0 0 512 512\" xmlns=\"https:\/\/www.w3.org\/2000\/svg\"><path d=\"M173.898 439.404l-166.4-166.4c-9.997-9.997-9.997-26.206 0-36.204l36.203-36.204c9.997-9.998 26.207-9.998 36.204 0L192 312.69 432.095 72.596c9.997-9.997 26.207-9.997 36.204 0l36.203 36.204c9.997 9.997 9.997 26.206 0 36.204l-294.4 294.401c-9.998 9.997-26.207 9.997-36.204-.001z\"><\/path><\/svg><br \/>\n\t\t\t\t\t\t\t\t\t\tArtikel, die au\u00dferhalb der EU verschickt werden, und \/ oder elektronische Artikel, und \/ oder Artikel, die nicht auf Lager waren und speziell bestellt wurden, und \/ oder Artikel, die speziell nach Ma\u00df angefertigt wurden, k\u00f6nnen nicht zur\u00fcckgegeben werden.\n\t\t\t\t\t\t\t\t\t<\/li>\n<li>\n\t\t\t\t\t\t\t<svg aria-hidden=\"true\" viewBox=\"0 0 512 512\" xmlns=\"https:\/\/www.w3.org\/2000\/svg\"><path d=\"M173.898 439.404l-166.4-166.4c-9.997-9.997-9.997-26.206 0-36.204l36.203-36.204c9.997-9.998 26.207-9.998 36.204 0L192 312.69 432.095 72.596c9.997-9.997 26.207-9.997 36.204 0l36.203 36.204c9.997 9.997 9.997 26.206 0 36.204l-294.4 294.401c-9.998 9.997-26.207 9.997-36.204-.001z\"><\/path><\/svg><br \/>\n\t\t\t\t\t\t\t\t\t\tGebrauchte Waren, Waren mit einem zus\u00e4tzlichen Preisnachlass und Waren mit einem zum Zeitpunkt des Kaufs bekannten Mangel k\u00f6nnen nicht zur\u00fcckgegeben werden.\n\t\t\t\t\t\t\t\t\t<\/li>\n<li>\n\t\t\t\t\t\t\t<svg aria-hidden=\"true\" viewBox=\"0 0 512 512\" xmlns=\"https:\/\/www.w3.org\/2000\/svg\"><path d=\"M173.898 439.404l-166.4-166.4c-9.997-9.997-9.997-26.206 0-36.204l36.203-36.204c9.997-9.998 26.207-9.998 36.204 0L192 312.69 432.095 72.596c9.997-9.997 26.207-9.997 36.204 0l36.203 36.204c9.997 9.997 9.997 26.206 0 36.204l-294.4 294.401c-9.998 9.997-26.207 9.997-36.204-.001z\"><\/path><\/svg><br \/>\n\t\t\t\t\t\t\t\t\t\tAlle Sendungen erfolgen auf Risiko des K\u00e4ufers.\n\t\t\t\t\t\t\t\t\t<\/li>\n<li>\n\t\t\t\t\t\t\t<svg aria-hidden=\"true\" viewBox=\"0 0 512 512\" xmlns=\"https:\/\/www.w3.org\/2000\/svg\"><path d=\"M173.898 439.404l-166.4-166.4c-9.997-9.997-9.997-26.206 0-36.204l36.203-36.204c9.997-9.998 26.207-9.998 36.204 0L192 312.69 432.095 72.596c9.997-9.997 26.207-9.997 36.204 0l36.203 36.204c9.997 9.997 9.997 26.206 0 36.204l-294.4 294.401c-9.998 9.997-26.207 9.997-36.204-.001z\"><\/path><\/svg><br \/>\n\t\t\t\t\t\t\t\t\t\tAlle B2B-Bestellungen sind vom R\u00fcckgaberecht ausgeschlossen. Hinterlegt nach niederl\u00e4ndischem Recht.\n\t\t\t\t\t\t\t\t\t<\/li>\n<\/ul>\n<h4>H\u00f6here Gewalt<\/h4>\n<ul>\n<li>\n\t\t\t\t\t\t\t<svg aria-hidden=\"true\" viewBox=\"0 0 512 512\" xmlns=\"https:\/\/www.w3.org\/2000\/svg\"><path d=\"M173.898 439.404l-166.4-166.4c-9.997-9.997-9.997-26.206 0-36.204l36.203-36.204c9.997-9.998 26.207-9.998 36.204 0L192 312.69 432.095 72.596c9.997-9.997 26.207-9.997 36.204 0l36.203 36.204c9.997 9.997 9.997 26.206 0 36.204l-294.4 294.401c-9.998 9.997-26.207 9.997-36.204-.001z\"><\/path><\/svg><br \/>\n\t\t\t\t\t\t\t\t\t\tIm Falle h\u00f6herer Gewalt hat Marinepartsystem das Recht, die Ausf\u00fchrung Ihrer Bestellung auszusetzen oder den Vertrag ohne gerichtliche Intervention zu k\u00fcndigen, indem es Sie per Post davon in Kenntnis setzt, ohne dass Marinepartsystem zu irgendeinem Schadenersatz oder einer Entsch\u00e4digung verpflichtet ist.\n\t\t\t\t\t\t\t\t\t<\/li>\n<li>\n\t\t\t\t\t\t\t<svg aria-hidden=\"true\" viewBox=\"0 0 512 512\" xmlns=\"https:\/\/www.w3.org\/2000\/svg\"><path d=\"M173.898 439.404l-166.4-166.4c-9.997-9.997-9.997-26.206 0-36.204l36.203-36.204c9.997-9.998 26.207-9.998 36.204 0L192 312.69 432.095 72.596c9.997-9.997 26.207-9.997 36.204 0l36.203 36.204c9.997 9.997 9.997 26.206 0 36.204l-294.4 294.401c-9.998 9.997-26.207 9.997-36.204-.001z\"><\/path><\/svg><br \/>\n\t\t\t\t\t\t\t\t\t\tUnter h\u00f6herer Gewalt wird jede Unzul\u00e4nglichkeit verstanden, die Marinepartsystem nicht angelastet werden kann, da diese nicht auf sein Verschulden zur\u00fcckzuf\u00fchren ist und nicht durch Gesetz, Rechtsakt oder Verkehr in Kraft tritt.\n\t\t\t\t\t\t\t\t\t<\/li>\n<\/ul>\n<h4>Sonstiges<\/h4>\n<ul>\n<li>\n\t\t\t\t\t\t\t<svg aria-hidden=\"true\" viewBox=\"0 0 512 512\" xmlns=\"https:\/\/www.w3.org\/2000\/svg\"><path d=\"M173.898 439.404l-166.4-166.4c-9.997-9.997-9.997-26.206 0-36.204l36.203-36.204c9.997-9.998 26.207-9.998 36.204 0L192 312.69 432.095 72.596c9.997-9.997 26.207-9.997 36.204 0l36.203 36.204c9.997 9.997 9.997 26.206 0 36.204l-294.4 294.401c-9.998 9.997-26.207 9.997-36.204-.001z\"><\/path><\/svg><br \/>\n\t\t\t\t\t\t\t\t\t\tWenn Sie Marinepartsystem w\u00e4hrend des Bestellvorgangs einen Auftrag erteilen, ist Marinepartsystem berechtigt, alle Bestellungen an diese Adresse zu schicken, es sei denn, Sie geben bei der Bestellung eine andere Adresse an, an die Ihre Bestellungen geschickt werden sollen.\n\t\t\t\t\t\t\t\t\t<\/li>\n<li>\n\t\t\t\t\t\t\t<svg aria-hidden=\"true\" viewBox=\"0 0 512 512\" xmlns=\"https:\/\/www.w3.org\/2000\/svg\"><path d=\"M173.898 439.404l-166.4-166.4c-9.997-9.997-9.997-26.206 0-36.204l36.203-36.204c9.997-9.998 26.207-9.998 36.204 0L192 312.69 432.095 72.596c9.997-9.997 26.207-9.997 36.204 0l36.203 36.204c9.997 9.997 9.997 26.206 0 36.204l-294.4 294.401c-9.998 9.997-26.207 9.997-36.204-.001z\"><\/path><\/svg><br \/>\n\t\t\t\t\t\t\t\t\t\tSollte eine der Bestimmungen dieser Allgemeinen Gesch\u00e4ftsbedingungen mit Marinepartsystem im Widerspruch zu einer anwendbaren gesetzlichen Bestimmung stehen, so erlischt die betreffende Bestimmung und wird durch eine neue, gesetzliche, vergleichbare Bestimmung ersetzt, die von Marinepartsystem festgelegt wird.\n\t\t\t\t\t\t\t\t\t<\/li>\n<li>\n\t\t\t\t\t\t\t<svg aria-hidden=\"true\" viewBox=\"0 0 512 512\" xmlns=\"https:\/\/www.w3.org\/2000\/svg\"><path d=\"M173.898 439.404l-166.4-166.4c-9.997-9.997-9.997-26.206 0-36.204l36.203-36.204c9.997-9.998 26.207-9.998 36.204 0L192 312.69 432.095 72.596c9.997-9.997 26.207-9.997 36.204 0l36.203 36.204c9.997 9.997 9.997 26.206 0 36.204l-294.4 294.401c-9.998 9.997-26.207 9.997-36.204-.001z\"><\/path><\/svg><br \/>\n\t\t\t\t\t\t\t\t\t\tDie Bilder im Webshop k\u00f6nnen von den tats\u00e4chlichen Produkten, die Marinepartsystem auf Lager hat, abweichen.\n\t\t\t\t\t\t\t\t\t<\/li>\n<\/ul>\n<h4>Anwendbares Recht und zust\u00e4ndiges Gericht<\/h4>\n<ul>\n<li>\n\t\t\t\t\t\t\t<svg aria-hidden=\"true\" viewBox=\"0 0 512 512\" xmlns=\"https:\/\/www.w3.org\/2000\/svg\"><path d=\"M173.898 439.404l-166.4-166.4c-9.997-9.997-9.997-26.206 0-36.204l36.203-36.204c9.997-9.998 26.207-9.998 36.204 0L192 312.69 432.095 72.596c9.997-9.997 26.207-9.997 36.204 0l36.203 36.204c9.997 9.997 9.997 26.206 0 36.204l-294.4 294.401c-9.998 9.997-26.207 9.997-36.204-.001z\"><\/path><\/svg><br \/>\n\t\t\t\t\t\t\t\t\t\tF\u00fcr alle Angebote, Bestellungen und Vertr\u00e4ge, auf die diese Allgemeinen Gesch\u00e4ftsbedingungen Anwendung finden, sowie f\u00fcr diese Allgemeinen Gesch\u00e4ftsbedingungen gilt ausschlie\u00dflich niederl\u00e4ndisches Recht.\n\t\t\t\t\t\t\t\t\t<\/li>\n<li>\n\t\t\t\t\t\t\t<svg aria-hidden=\"true\" viewBox=\"0 0 512 512\" xmlns=\"https:\/\/www.w3.org\/2000\/svg\"><path d=\"M173.898 439.404l-166.4-166.4c-9.997-9.997-9.997-26.206 0-36.204l36.203-36.204c9.997-9.998 26.207-9.998 36.204 0L192 312.69 432.095 72.596c9.997-9.997 26.207-9.997 36.204 0l36.203 36.204c9.997 9.997 9.997 26.206 0 36.204l-294.4 294.401c-9.998 9.997-26.207 9.997-36.204-.001z\"><\/path><\/svg><br \/>\n\t\t\t\t\t\t\t\t\t\tAlle Streitigkeiten zwischen den Parteien werden ausschlie\u00dflich dem niederl\u00e4ndischen Gericht vorgelegt\n\t\t\t\t\t\t\t\t\t<\/li>\n<\/ul>\n","protected":false},"excerpt":{"rendered":"<p>Allgemeine Verkaufsbedingungen von Marinepartsystem Anwendbarkeit Alle Angebote, Bestellungen und Vereinbarungen von Marinepartsystem unterliegen diesen Allgemeinen Gesch\u00e4ftsbedingungen (AGB). Diese Allgemeinen Gesch\u00e4ftsbedingungen k\u00f6nnen von der Website kopiert oder auf Anfrage kostenlos von uns zugesandt werden. Die Annahme eines Angebots oder einer Bestellung auf oder \u00fcber die Website \/ den Webshop von Marinepartsystem bedeutet, dass Sie die Anwendbarkeit [&hellip;]<\/p>\n","protected":false},"author":2,"featured_media":0,"parent":0,"menu_order":0,"comment_status":"closed","ping_status":"closed","template":"","meta":{"footnotes":""},"class_list":["post-32546","page","type-page","status-publish","hentry"],"_links":{"self":[{"href":"https:\/\/wp.marinepartsystem.com\/de\/wp-json\/wp\/v2\/pages\/32546","targetHints":{"allow":["GET"]}}],"collection":[{"href":"https:\/\/wp.marinepartsystem.com\/de\/wp-json\/wp\/v2\/pages"}],"about":[{"href":"https:\/\/wp.marinepartsystem.com\/de\/wp-json\/wp\/v2\/types\/page"}],"author":[{"embeddable":true,"href":"https:\/\/wp.marinepartsystem.com\/de\/wp-json\/wp\/v2\/users\/2"}],"replies":[{"embeddable":true,"href":"https:\/\/wp.marinepartsystem.com\/de\/wp-json\/wp\/v2\/comments?post=32546"}],"version-history":[{"count":0,"href":"https:\/\/wp.marinepartsystem.com\/de\/wp-json\/wp\/v2\/pages\/32546\/revisions"}],"wp:attachment":[{"href":"https:\/\/wp.marinepartsystem.com\/de\/wp-json\/wp\/v2\/media?parent=32546"}],"curies":[{"name":"wp","href":"https:\/\/api.w.org\/{rel}","templated":true}]}}