{"id":32480,"date":"2025-06-16T09:49:35","date_gmt":"2025-06-16T09:49:35","guid":{"rendered":"https:\/\/marinepartsystem.com\/cookie-richtlinie\/"},"modified":"2025-09-02T13:36:33","modified_gmt":"2025-09-02T13:36:33","slug":"cookie-richtlinie","status":"publish","type":"page","link":"https:\/\/wp.marinepartsystem.com\/de\/cookie-richtlinie\/","title":{"rendered":"Cookie-Richtlinie"},"content":{"rendered":"<p>Sie k\u00f6nnen Ihre pers\u00f6nlichen Daten \u00fcber die Website von marinepartsystem.com hinterlassen. Bei einer Bestellung in unserem Webshop oder zum Beispiel \u00fcber ein Kontaktformular. Wir verwenden personenbezogene Daten nur f\u00fcr den Zweck, f\u00fcr den die Daten eingegeben wurden. Im Falle einer Bestellung verwenden wir Ihre Daten nur f\u00fcr die korrekte Ausf\u00fchrung des Vertrags und im Falle eines ausgef\u00fcllten Kontaktformulars verwenden wir Ihre Daten nur, um die gestellte Frage korrekt zu beantworten.   \t\t<\/p>\n<h4>Daten zur Bearbeitung von Bestellungen<\/h4>\n<p>\t\t\t\t\tBei Bestellungen fragen wir nach: Name, Adresse (Rechnungsadresse, Lieferadresse), E-Mail-Adresse, Telefonnummer und Zahlungsangaben. Alle diese Informationen sind notwendig, um Ihre Bestellung zu bearbeiten. Wenn Sie uns die vorgenannten Daten mitteilen m\u00fcssen, geschieht dies in einer sicheren Umgebung. Ihre Daten werden auch nur in einer sicheren Umgebung gespeichert.<br \/>\n\t\tWenn Sie nicht m\u00f6chten, dass wir diese Informationen aufbewahren, k\u00f6nnen Sie dies Ihrer Kontaktperson mitteilen oder eine E-Mail an devriessmarine@gmail.com senden oder unser B\u00fcro anrufen. Wir werden alle pers\u00f6nlichen Daten, die sich in unserem Besitz befinden, auf erstes Anfordern l\u00f6schen. <\/p>\n<h4>Sicherheit Ihrer pers\u00f6nlichen Daten<\/h4>\n<p>\t\t\t\t\tWir haben geeignete technische und organisatorische Ma\u00dfnahmen ergriffen, um die personenbezogenen Daten gegen Verlust oder gegen jede Form der unrechtm\u00e4\u00dfigen Verarbeitung zu sch\u00fctzen.<br \/>\n\t\tWir geben keine pers\u00f6nlichen Daten an Parteien au\u00dferhalb der EU weiter und geben nur dann pers\u00f6nliche Daten an Dritte weiter, wenn dies f\u00fcr unseren Gesch\u00e4ftsbetrieb notwendig ist. Denken Sie dabei an die Finanzverwaltung oder den Versand von Newslettern und Einladungen.<br \/>\nUnterauftragsverarbeiter: Lightspeed, Google, Facebook, ActiveCampaign, Mollie Payments.\t\t<\/p>\n<h4>Rechte<\/h4>\n<p>\t\t\t\t\tEs ist jederzeit m\u00f6glich, \u00fcber unseren Datenschutzbeauftragten anzufragen, welche Daten wir in unserem Besitz haben. Und Sie k\u00f6nnen uns jederzeit auffordern, sie zu erg\u00e4nzen, zu entfernen oder zu sch\u00fctzen. Sie k\u00f6nnen dies tun, indem Sie eine E-Mail an devriessmarine@gmail.com senden oder unser B\u00fcro anrufen und nach dem Datenschutzbeauftragten fragen.  \t\t\t\t<\/p>\n<h4>Reklamationen<\/h4>\n<p>\t\t\t\t\tWenn Sie eine Beschwerde \u00fcber die Verarbeitung personenbezogener Daten haben, k\u00f6nnen Sie diese Beschwerde \u00fcber unsere Kontaktseite einreichen. Wenn wir das Problem nicht gemeinsam l\u00f6sen k\u00f6nnen, finden wir das sehr \u00e4rgerlich. Sie haben jedoch immer das Recht, eine Beschwerde bei der niederl\u00e4ndischen Datenschutzbeh\u00f6rde einzureichen, die die Aufsichtsbeh\u00f6rde auf dem Gebiet des Datenschutzes ist.  \t\t\t\t<\/p>\n<h4>\u00c4nderungsantr\u00e4ge<\/h4>\n<p>\t\t\t\t\tWir k\u00f6nnen Informationen \u00fcber pers\u00f6nliche Daten und Cookies \u00e4ndern, weil sich die Regeln oder Websites \u00e4ndern. Wir k\u00f6nnen den Inhalt der Erkl\u00e4rungen ohne Genehmigung \u00e4ndern. Die neueste Version finden Sie auf dieser Seite.<br \/>\n\t\tZuletzt ge\u00e4ndert am 01-05-2022<br \/>\n\t\tLieber Besucher,<br \/>\nSie haben auf die Cookie-Richtlinie von devriesmarine.nl geklickt. Unsere Website verwendet Cookies. Wir tun dies, damit die Website besser funktioniert und analysiert werden kann und um die Benutzererfahrung zu optimieren.<br \/>\n<b>Was sind Cookies?<\/b>Cookies sind kleine Textdateien, die von einer Internetseite auf einem PC, Tablet oder Mobiltelefon abgelegt werden.<b>Was bewirken diese Cookies?<br \/>\n<\/b>Wir setzen Sitzungscookies und permanente Cookies. Sitzungscookies erm\u00f6glichen es uns zu sehen, welche Teile der Website Sie w\u00e4hrend Ihres Besuchs angesehen haben. Permanente Cookies erm\u00f6glichen es uns, Ihren Computer zu erkennen, wenn Sie die entsprechende Website erneut besuchen. Cookies k\u00f6nnen auch von sozialen Medien gesetzt werden. Diese werden verwendet, um Inhalte der Website direkt \u00fcber soziale Medien zu teilen.   <b>Welche Cookies verwenden wir?<br \/>\n<\/b>Wir halten es f\u00fcr sehr wichtig, dass Sie wissen, welche Cookies unsere Website verwendet und f\u00fcr welche Zwecke sie eingesetzt werden. Sie k\u00f6nnen sich darauf verlassen, dass wir technische und organisatorische Ma\u00dfnahmen ergreifen, um die unrechtm\u00e4\u00dfige Verwendung von personenbezogenen Daten zu verhindern.<br \/>\n<b>Funktionale Cookies<\/b>Dies sind Cookies, die das Surfen auf unserer Website f\u00fcr Sie als Besucher erleichtern. Wir verwenden funktionale Cookies, die daf\u00fcr sorgen, dass Sie Artikel in Ihren Einkaufswagen legen k\u00f6nnen und dass diese noch vorhanden sind, wenn Sie unsere Website das n\u00e4chste Mal besuchen. Wir verwenden auch ein Cookie, das sicherstellt, dass Sie, wenn Sie eingeloggt sind und die Website verlassen, immer noch eingeloggt sind, wenn Sie zur\u00fcckkehren.  <b>Analyse Cookies<\/b>Mit diesen Cookies (Google Analytics, Google Tag Manager, ActiveCampaign) k\u00f6nnen wir das Surfverhalten der Besucher auf unserer Website messen, so dass wir die Benutzerfreundlichkeit gegebenenfalls verbessern k\u00f6nnen. Auf diese Weise stellen wir sicher, dass Ihre Erfahrung mit unserer Website immer besser wird und dass unwichtige Informationen einen anderen Platz auf unserer Website erhalten.<br \/>\n<b>Werbe-Cookies<\/b>Mit diesen Cookies (Facebook, Google Adwords) k\u00f6nnen wir die Wirkung unserer Anzeigen messen. Auf diese Weise k\u00f6nnen wir genau feststellen, welche Anzeigen und Rabattaktionen Sie ansprechen und welche nicht.<br \/>\n<b>Zustimmen<\/b>Wenn Sie mit der Platzierung der Cookies einverstanden sind, m\u00fcssen Sie nichts tun. Wenn Sie dies nicht tun m\u00f6chten, k\u00f6nnen Sie die Datenschutz- oder Cookie-Einstellungen des Browsers selbst \u00e4ndern. Klicken Sie auf die unten stehenden Links, um zu erfahren, wie Sie dies tun k\u00f6nnen:  <\/p>\n<ul>\n<li>\n\t\t\t\t\t\t\t<svg aria-hidden=\"true\" viewBox=\"0 0 512 512\" xmlns=\"https:\/\/www.w3.org\/2000\/svg\"><path d=\"M173.898 439.404l-166.4-166.4c-9.997-9.997-9.997-26.206 0-36.204l36.203-36.204c9.997-9.998 26.207-9.998 36.204 0L192 312.69 432.095 72.596c9.997-9.997 26.207-9.997 36.204 0l36.203 36.204c9.997 9.997 9.997 26.206 0 36.204l-294.4 294.401c-9.998 9.997-26.207 9.997-36.204-.001z\"><\/path><\/svg><br \/>\n\t\t\t\t\t\t\t\t\t\tGoogle Chrome\n\t\t\t\t\t\t\t\t\t<\/li>\n<li>\n\t\t\t\t\t\t\t<svg aria-hidden=\"true\" viewBox=\"0 0 512 512\" xmlns=\"https:\/\/www.w3.org\/2000\/svg\"><path d=\"M173.898 439.404l-166.4-166.4c-9.997-9.997-9.997-26.206 0-36.204l36.203-36.204c9.997-9.998 26.207-9.998 36.204 0L192 312.69 432.095 72.596c9.997-9.997 26.207-9.997 36.204 0l36.203 36.204c9.997 9.997 9.997 26.206 0 36.204l-294.4 294.401c-9.998 9.997-26.207 9.997-36.204-.001z\"><\/path><\/svg><br \/>\n\t\t\t\t\t\t\t\t\t\tMozilla Firefox\n\t\t\t\t\t\t\t\t\t<\/li>\n<li>\n\t\t\t\t\t\t\t<svg aria-hidden=\"true\" viewBox=\"0 0 512 512\" xmlns=\"https:\/\/www.w3.org\/2000\/svg\"><path d=\"M173.898 439.404l-166.4-166.4c-9.997-9.997-9.997-26.206 0-36.204l36.203-36.204c9.997-9.998 26.207-9.998 36.204 0L192 312.69 432.095 72.596c9.997-9.997 26.207-9.997 36.204 0l36.203 36.204c9.997 9.997 9.997 26.206 0 36.204l-294.4 294.401c-9.998 9.997-26.207 9.997-36.204-.001z\"><\/path><\/svg><br \/>\n\t\t\t\t\t\t\t\t\t\tInternet Explorer 7 und 8\n\t\t\t\t\t\t\t\t\t<\/li>\n<li>\n\t\t\t\t\t\t\t<svg aria-hidden=\"true\" viewBox=\"0 0 512 512\" xmlns=\"https:\/\/www.w3.org\/2000\/svg\"><path d=\"M173.898 439.404l-166.4-166.4c-9.997-9.997-9.997-26.206 0-36.204l36.203-36.204c9.997-9.998 26.207-9.998 36.204 0L192 312.69 432.095 72.596c9.997-9.997 26.207-9.997 36.204 0l36.203 36.204c9.997 9.997 9.997 26.206 0 36.204l-294.4 294.401c-9.998 9.997-26.207 9.997-36.204-.001z\"><\/path><\/svg><br \/>\n\t\t\t\t\t\t\t\t\t\tInternet Explorer 9\n\t\t\t\t\t\t\t\t\t<\/li>\n<li>\n\t\t\t\t\t\t\t<svg aria-hidden=\"true\" viewBox=\"0 0 512 512\" xmlns=\"https:\/\/www.w3.org\/2000\/svg\"><path d=\"M173.898 439.404l-166.4-166.4c-9.997-9.997-9.997-26.206 0-36.204l36.203-36.204c9.997-9.998 26.207-9.998 36.204 0L192 312.69 432.095 72.596c9.997-9.997 26.207-9.997 36.204 0l36.203 36.204c9.997 9.997 9.997 26.206 0 36.204l-294.4 294.401c-9.998 9.997-26.207 9.997-36.204-.001z\"><\/path><\/svg><br \/>\n\t\t\t\t\t\t\t\t\t\tMicrosoft Edge\n\t\t\t\t\t\t\t\t\t<\/li>\n<li>\n\t\t\t\t\t\t\t<svg aria-hidden=\"true\" viewBox=\"0 0 512 512\" xmlns=\"https:\/\/www.w3.org\/2000\/svg\"><path d=\"M173.898 439.404l-166.4-166.4c-9.997-9.997-9.997-26.206 0-36.204l36.203-36.204c9.997-9.998 26.207-9.998 36.204 0L192 312.69 432.095 72.596c9.997-9.997 26.207-9.997 36.204 0l36.203 36.204c9.997 9.997 9.997 26.206 0 36.204l-294.4 294.401c-9.998 9.997-26.207 9.997-36.204-.001z\"><\/path><\/svg><br \/>\n\t\t\t\t\t\t\t\t\t\tSafari\n\t\t\t\t\t\t\t\t\t<\/li>\n<li>\n\t\t\t\t\t\t\t<svg aria-hidden=\"true\" viewBox=\"0 0 512 512\" xmlns=\"https:\/\/www.w3.org\/2000\/svg\"><path d=\"M173.898 439.404l-166.4-166.4c-9.997-9.997-9.997-26.206 0-36.204l36.203-36.204c9.997-9.998 26.207-9.998 36.204 0L192 312.69 432.095 72.596c9.997-9.997 26.207-9.997 36.204 0l36.203 36.204c9.997 9.997 9.997 26.206 0 36.204l-294.4 294.401c-9.998 9.997-26.207 9.997-36.204-.001z\"><\/path><\/svg><br \/>\n\t\t\t\t\t\t\t\t\t\tOper\n\t\t\t\t\t\t\t\t\t<\/li>\n<\/ul>\n<h4>Sicher<\/h4>\n<p>\t\t\t\t\tDie Verwendung von Cookies ist sicher. Wir k\u00f6nnen keine pers\u00f6nlichen Informationen wie eine Adresse, Telefonnummer oder E-Mail-Adresse zur\u00fcckverfolgen. Folglich k\u00f6nnen Cookies nicht f\u00fcr Post-, E-Mail- und\/oder Telemarketing-Kampagnen verwendet werden.  \t\t\t\t<\/p>\n<h4>Wichtig zu wissen<\/h4>\n<p>\t\t\t\t\tAufgrund der Art und Weise, wie das Internet und Websites funktionieren, haben wir nicht immer Einblick in die Cookies, die von Dritten \u00fcber unsere Website gesetzt werden. Dies ist insbesondere dann der Fall, wenn unsere Webseiten sogenannte eingebettete Elemente enthalten. Dies sind Texte, Dokumente, Bilder oder Videos, die bei einer anderen Partei gespeichert sind, aber auf, in oder \u00fcber unsere Website angezeigt werden.<br \/>\n\t\tWenn Sie auf Cookies gesto\u00dfen sind, die in diese Kategorie fallen und die wir oben nicht erw\u00e4hnt haben, lassen Sie es uns bitte wissen. Oder setzen Sie sich direkt mit dem Drittanbieter in Verbindung und fragen Sie ihn, welche Cookies er platziert hat, was der Grund daf\u00fcr ist, wie lange der Cookie g\u00fcltig ist und wie er Ihre Privatsph\u00e4re garantiert. <\/p>\n<h4>Kontakt<\/h4>\n<p>\t\t\t\t\tWenn Sie Fragen zu unserer Cookie-Richtlinie haben, k\u00f6nnen Sie uns diese per E-Mail an info@marinepartsystem.com oder telefonisch in unserem B\u00fcro stellen.<\/p>\n","protected":false},"excerpt":{"rendered":"<p>Sie k\u00f6nnen Ihre pers\u00f6nlichen Daten \u00fcber die Website von marinepartsystem.com hinterlassen. Bei einer Bestellung in unserem Webshop oder zum Beispiel \u00fcber ein Kontaktformular. Wir verwenden personenbezogene Daten nur f\u00fcr den Zweck, f\u00fcr den die Daten eingegeben wurden. Im Falle einer Bestellung verwenden wir Ihre Daten nur f\u00fcr die korrekte Ausf\u00fchrung des Vertrags und im Falle [&hellip;]<\/p>\n","protected":false},"author":2,"featured_media":0,"parent":0,"menu_order":0,"comment_status":"closed","ping_status":"closed","template":"elementor_header_footer","meta":{"footnotes":""},"class_list":["post-32480","page","type-page","status-publish","hentry"],"_links":{"self":[{"href":"https:\/\/wp.marinepartsystem.com\/de\/wp-json\/wp\/v2\/pages\/32480","targetHints":{"allow":["GET"]}}],"collection":[{"href":"https:\/\/wp.marinepartsystem.com\/de\/wp-json\/wp\/v2\/pages"}],"about":[{"href":"https:\/\/wp.marinepartsystem.com\/de\/wp-json\/wp\/v2\/types\/page"}],"author":[{"embeddable":true,"href":"https:\/\/wp.marinepartsystem.com\/de\/wp-json\/wp\/v2\/users\/2"}],"replies":[{"embeddable":true,"href":"https:\/\/wp.marinepartsystem.com\/de\/wp-json\/wp\/v2\/comments?post=32480"}],"version-history":[{"count":0,"href":"https:\/\/wp.marinepartsystem.com\/de\/wp-json\/wp\/v2\/pages\/32480\/revisions"}],"wp:attachment":[{"href":"https:\/\/wp.marinepartsystem.com\/de\/wp-json\/wp\/v2\/media?parent=32480"}],"curies":[{"name":"wp","href":"https:\/\/api.w.org\/{rel}","templated":true}]}}